{"id":4587,"date":"2026-01-30T19:39:30","date_gmt":"2026-01-30T19:39:30","guid":{"rendered":"https:\/\/farmaciadosul.com\/product\/t-g-25-mg-x-4-viales\/"},"modified":"2026-04-19T06:30:09","modified_gmt":"2026-04-19T06:30:09","slug":"t-g-25-mg-x-4-viales","status":"publish","type":"product","link":"https:\/\/farmaciadosul.com\/pt-br\/produto\/t-g-25-mg-x-4-viales\/","title":{"rendered":"T.G. 2,5 MG X 4 VIALES"},"content":{"rendered":"<div id=\"home-tab-pane\" class=\"tab-pane fade show active\" role=\"tabpanel\" aria-labelledby=\"home-tab\">\n<h2 class=\"sr-only\">Descripci\u00f3n del producto<\/h2>\n<div>La Tirzepatida es un agonista dual de acci\u00f3n prolongada de los receptores GIP y GLP-1, dise\u00f1ada para el manejo integral de la glucosa y el control del peso corporal. Estos receptores se encuentran en m\u00faltiples tejidos clave, como las c\u00e9lulas endocrinas alfa y beta del p\u00e1ncreas, el sistema cardiovascular, la vasculatura, el intestino, los ri\u00f1ones, las c\u00e9lulas inmunitarias y los adipocitos.<\/div>\n<div><\/div>\n<div>Control gluc\u00e9mico: Estimula la secreci\u00f3n de insulina dependiente de glucosa, ayudando a mantener niveles estables de az\u00facar en sangre. Reduce la secreci\u00f3n de glucag\u00f3n, disminuyendo la producci\u00f3n hep\u00e1tica de glucosa. Mejora la sensibilidad a la insulina, optimizando el metabolismo de la glucosa.<\/div>\n<div><\/div>\n<div>P\u00e9rdida de peso: Retarda el vaciamiento g\u00e1strico, prolongando la sensaci\u00f3n de saciedad. Disminuye la ingesta cal\u00f3rica al modular el apetito a nivel del sistema nervioso central. Contribuye a una reducci\u00f3n sostenida del peso corporal.<\/div>\n<div><\/div>\n<div>Beneficio cardiovascular:\u00a0 Ayuda a reducir la presi\u00f3n arterial y los niveles de l\u00edpidos en sangre. Puede ofrecer un efecto protector cardiovascular, especialmente en pacientes con diabetes tipo 2 y alto riesgo cardiovascular.<\/div>\n<\/div>\n","protected":false},"excerpt":{"rendered":"<p>Descripci\u00f3n del producto La Tirzepatida es un agonista dual de acci\u00f3n prolongada de los receptores GIP y GLP-1, dise\u00f1ada para<\/p>\n","protected":false},"featured_media":7024,"template":"","meta":[],"product_brand":[117],"product_cat":[112],"product_tag":[],"class_list":{"0":"post-4587","1":"product","2":"type-product","3":"status-publish","4":"has-post-thumbnail","6":"product_brand-indufar","7":"product_cat-medicamentos-para-perdida-de-peso","9":"first","10":"instock","11":"sale","12":"shipping-taxable","13":"purchasable","14":"product-type-simple"},"_links":{"self":[{"href":"https:\/\/farmaciadosul.com\/pt-br\/wp-json\/wp\/v2\/product\/4587","targetHints":{"allow":["GET"]}}],"collection":[{"href":"https:\/\/farmaciadosul.com\/pt-br\/wp-json\/wp\/v2\/product"}],"about":[{"href":"https:\/\/farmaciadosul.com\/pt-br\/wp-json\/wp\/v2\/types\/product"}],"version-history":[{"count":5,"href":"https:\/\/farmaciadosul.com\/pt-br\/wp-json\/wp\/v2\/product\/4587\/revisions"}],"predecessor-version":[{"id":7163,"href":"https:\/\/farmaciadosul.com\/pt-br\/wp-json\/wp\/v2\/product\/4587\/revisions\/7163"}],"wp:featuredmedia":[{"embeddable":true,"href":"https:\/\/farmaciadosul.com\/pt-br\/wp-json\/wp\/v2\/media\/7024"}],"wp:attachment":[{"href":"https:\/\/farmaciadosul.com\/pt-br\/wp-json\/wp\/v2\/media?parent=4587"}],"wp:term":[{"taxonomy":"product_brand","embeddable":true,"href":"https:\/\/farmaciadosul.com\/pt-br\/wp-json\/wp\/v2\/product_brand?post=4587"},{"taxonomy":"product_cat","embeddable":true,"href":"https:\/\/farmaciadosul.com\/pt-br\/wp-json\/wp\/v2\/product_cat?post=4587"},{"taxonomy":"product_tag","embeddable":true,"href":"https:\/\/farmaciadosul.com\/pt-br\/wp-json\/wp\/v2\/product_tag?post=4587"}],"curies":[{"name":"wp","href":"https:\/\/api.w.org\/{rel}","templated":true}]}}