{"id":4635,"date":"2026-01-30T19:40:00","date_gmt":"2026-01-30T19:40:00","guid":{"rendered":"https:\/\/farmaciadosul.com\/product\/t-g-75-sol-iny-x-4-viales-o5ml\/"},"modified":"2026-04-19T06:30:10","modified_gmt":"2026-04-19T06:30:10","slug":"t-g-75-sol-iny-x-4-viales-o5ml","status":"publish","type":"product","link":"https:\/\/farmaciadosul.com\/pt-br\/produto\/t-g-75-sol-iny-x-4-viales-o5ml\/","title":{"rendered":"T.G 7,5 X 4 VIALES"},"content":{"rendered":"<div class=\"refrigerado-descripcion\">\n<p>Requiere temperatura controlada. Mantener en refrigeraci\u00f3n seg\u00fan indique en la descripci\u00f3n m\u00e1s abajo.<\/p>\n<p><b>Cuidados al recibir el producto:<\/b><\/p>\n<p>&#8211; Al retirar el producto mantener dentro de una conservadora con gel refrigerante y no abrir hasta llegar al destino o al recibir el producto en su domicilio, retirar el producto de la conservadora y guardar en la parte media de la heladera (no en la puerta ni tampoco en contacto con la placa de fr\u00edo), No introducir al freezer.<br \/>\n&#8211; Mantener entre 2\u00b0C y 8\u00b0C, de 15\u00b0 a 25\u00b0C dependiente de las indicaciones del producto. No congelar.<br \/>\n&#8211; Separar de alimentos crudos para evitar contaminaci\u00f3n.<br \/>\n&#8211; En caso de cortes de luz, evitar abrir la heladera<br \/>\n&#8211; Revisar la fecha de vencimiento.<br \/>\n&#8211; Asegurase del estado del producto.<br \/>\n&#8211; Asegurarse de que sea el producto correcto solicitado o seg\u00fan receta.<\/p><\/div>\n","protected":false},"excerpt":{"rendered":"<p>Requiere temperatura controlada. Mantener en refrigeraci\u00f3n seg\u00fan indique en la descripci\u00f3n m\u00e1s abajo. Cuidados al recibir el producto: &#8211; Al<\/p>\n","protected":false},"featured_media":7003,"template":"","meta":[],"product_brand":[117],"product_cat":[112],"product_tag":[],"class_list":{"0":"post-4635","1":"product","2":"type-product","3":"status-publish","4":"has-post-thumbnail","6":"product_brand-indufar","7":"product_cat-medicamentos-para-perdida-de-peso","9":"first","10":"instock","11":"shipping-taxable","12":"purchasable","13":"product-type-simple"},"_links":{"self":[{"href":"https:\/\/farmaciadosul.com\/pt-br\/wp-json\/wp\/v2\/product\/4635","targetHints":{"allow":["GET"]}}],"collection":[{"href":"https:\/\/farmaciadosul.com\/pt-br\/wp-json\/wp\/v2\/product"}],"about":[{"href":"https:\/\/farmaciadosul.com\/pt-br\/wp-json\/wp\/v2\/types\/product"}],"version-history":[{"count":6,"href":"https:\/\/farmaciadosul.com\/pt-br\/wp-json\/wp\/v2\/product\/4635\/revisions"}],"predecessor-version":[{"id":7268,"href":"https:\/\/farmaciadosul.com\/pt-br\/wp-json\/wp\/v2\/product\/4635\/revisions\/7268"}],"wp:featuredmedia":[{"embeddable":true,"href":"https:\/\/farmaciadosul.com\/pt-br\/wp-json\/wp\/v2\/media\/7003"}],"wp:attachment":[{"href":"https:\/\/farmaciadosul.com\/pt-br\/wp-json\/wp\/v2\/media?parent=4635"}],"wp:term":[{"taxonomy":"product_brand","embeddable":true,"href":"https:\/\/farmaciadosul.com\/pt-br\/wp-json\/wp\/v2\/product_brand?post=4635"},{"taxonomy":"product_cat","embeddable":true,"href":"https:\/\/farmaciadosul.com\/pt-br\/wp-json\/wp\/v2\/product_cat?post=4635"},{"taxonomy":"product_tag","embeddable":true,"href":"https:\/\/farmaciadosul.com\/pt-br\/wp-json\/wp\/v2\/product_tag?post=4635"}],"curies":[{"name":"wp","href":"https:\/\/api.w.org\/{rel}","templated":true}]}}