{"id":4636,"date":"2026-01-30T19:40:00","date_gmt":"2026-01-30T19:40:00","guid":{"rendered":"https:\/\/farmaciadosul.com\/product\/t-g-12-5-x-4-viales\/"},"modified":"2026-04-19T06:30:10","modified_gmt":"2026-04-19T06:30:10","slug":"t-g-12-5-x-4-viales","status":"publish","type":"product","link":"https:\/\/farmaciadosul.com\/pt-br\/produto\/t-g-12-5-x-4-viales\/","title":{"rendered":"T.G 12.5 X 4 VIALES"},"content":{"rendered":"<h3 data-start=\"545\" data-end=\"563\">Beneficios:<\/h3>\n<p data-start=\"566\" data-end=\"632\"><strong data-start=\"566\" data-end=\"589\">Control de glucosa:<\/strong>\u00a0baja la glucemia en ayunas y post comidas.<\/p>\n<p data-start=\"635\" data-end=\"708\"><strong data-start=\"635\" data-end=\"655\">P\u00e9rdida de peso:<\/strong>\u00a0retrasa el vaciamiento g\u00e1strico y reduce el apetito.<\/p>\n<p data-start=\"711\" data-end=\"783\"><strong data-start=\"711\" data-end=\"736\">Salud cardiovascular:<\/strong>\u00a0ayuda a reducir la presi\u00f3n arterial y l\u00edpidos.<\/p>\n<h3 data-start=\"790\" data-end=\"807\">\u00a0Posolog\u00eda:<\/h3>\n<p data-start=\"810\" data-end=\"846\"><strong data-start=\"810\" data-end=\"821\">Inicio:<\/strong>\u00a02,5 mg 1 vez por semana.<\/p>\n<p data-start=\"849\" data-end=\"888\"><strong data-start=\"849\" data-end=\"861\">Aumento:<\/strong>\u00a0a 5 mg luego de 4 semanas.<\/p>\n<p data-start=\"891\" data-end=\"962\">Se puede subir de forma gradual hasta\u00a0<strong data-start=\"929\" data-end=\"945\">15 mg\/semana<\/strong>\u00a0seg\u00fan necesidad.<\/p>\n<p data-start=\"964\" data-end=\"1060\"><em data-start=\"964\" data-end=\"1060\">Consultar con un profesional antes de modificar dosis si est\u00e1 usando insulina o sulfonilureas.<\/em><\/p>\n<h3 data-start=\"1067\" data-end=\"1087\">Conservaci\u00f3n:<\/h3>\n<p data-start=\"1090\" data-end=\"1132\">Conservar en\u00a0<strong data-start=\"1103\" data-end=\"1129\">heladera (2\u202f\u00b0C a 8\u202f\u00b0C)<\/strong>.<\/p>\n<p data-start=\"1090\" data-end=\"1132\"><strong data-start=\"1135\" data-end=\"1151\">No congelar.<\/strong><\/p>\n","protected":false},"excerpt":{"rendered":"<p>Tirzepatida activa los receptores GIP y GLP-1, regulando el az\u00facar en sangre y el apetito. Estimula la insulina, reduce el glucag\u00f3n y mejora la sensibilidad a la insulina. Tambi\u00e9n ayuda a controlar el peso, generando m\u00e1s saciedad y reduciendo el hambre.<\/p>\n","protected":false},"featured_media":6999,"template":"","meta":[],"product_brand":[117],"product_cat":[112],"product_tag":[],"class_list":{"0":"post-4636","1":"product","2":"type-product","3":"status-publish","4":"has-post-thumbnail","6":"product_brand-indufar","7":"product_cat-medicamentos-para-perdida-de-peso","9":"first","10":"instock","11":"sale","12":"shipping-taxable","13":"purchasable","14":"product-type-simple"},"_links":{"self":[{"href":"https:\/\/farmaciadosul.com\/pt-br\/wp-json\/wp\/v2\/product\/4636","targetHints":{"allow":["GET"]}}],"collection":[{"href":"https:\/\/farmaciadosul.com\/pt-br\/wp-json\/wp\/v2\/product"}],"about":[{"href":"https:\/\/farmaciadosul.com\/pt-br\/wp-json\/wp\/v2\/types\/product"}],"version-history":[{"count":5,"href":"https:\/\/farmaciadosul.com\/pt-br\/wp-json\/wp\/v2\/product\/4636\/revisions"}],"predecessor-version":[{"id":7168,"href":"https:\/\/farmaciadosul.com\/pt-br\/wp-json\/wp\/v2\/product\/4636\/revisions\/7168"}],"wp:featuredmedia":[{"embeddable":true,"href":"https:\/\/farmaciadosul.com\/pt-br\/wp-json\/wp\/v2\/media\/6999"}],"wp:attachment":[{"href":"https:\/\/farmaciadosul.com\/pt-br\/wp-json\/wp\/v2\/media?parent=4636"}],"wp:term":[{"taxonomy":"product_brand","embeddable":true,"href":"https:\/\/farmaciadosul.com\/pt-br\/wp-json\/wp\/v2\/product_brand?post=4636"},{"taxonomy":"product_cat","embeddable":true,"href":"https:\/\/farmaciadosul.com\/pt-br\/wp-json\/wp\/v2\/product_cat?post=4636"},{"taxonomy":"product_tag","embeddable":true,"href":"https:\/\/farmaciadosul.com\/pt-br\/wp-json\/wp\/v2\/product_tag?post=4636"}],"curies":[{"name":"wp","href":"https:\/\/api.w.org\/{rel}","templated":true}]}}