{"id":4639,"date":"2026-01-30T19:40:02","date_gmt":"2026-01-30T19:40:02","guid":{"rendered":"https:\/\/farmaciadosul.com\/product\/tirzec-5-mg-sol-iny-x-1\/"},"modified":"2026-03-25T03:36:36","modified_gmt":"2026-03-25T03:36:36","slug":"tirzec-5-mg-sol-iny-x-1","status":"publish","type":"product","link":"https:\/\/farmaciadosul.com\/pt-br\/produto\/tirzec-5-mg-sol-iny-x-1\/","title":{"rendered":"TIRZEC 5 MG SOL INY X 1"},"content":{"rendered":"","protected":false},"excerpt":{"rendered":"<p>Soluci\u00f3n inyectable refrigerada a base de tirzepatida, indicada para el tratamiento de la diabetes tipo 2 y control de peso en adultos. Administraci\u00f3n subcut\u00e1nea semanal. Requiere cadena de fr\u00edo (2\u20138\u202f\u00b0C). No congelar.<\/p>\n","protected":false},"featured_media":6990,"template":"","meta":[],"product_brand":[116],"product_cat":[112],"product_tag":[],"class_list":{"0":"post-4639","1":"product","2":"type-product","3":"status-publish","4":"has-post-thumbnail","6":"product_brand-quimfa","7":"product_cat-medicamentos-para-perdida-de-peso","9":"first","10":"outofstock","11":"sale","12":"shipping-taxable","13":"purchasable","14":"product-type-simple"},"_links":{"self":[{"href":"https:\/\/farmaciadosul.com\/pt-br\/wp-json\/wp\/v2\/product\/4639","targetHints":{"allow":["GET"]}}],"collection":[{"href":"https:\/\/farmaciadosul.com\/pt-br\/wp-json\/wp\/v2\/product"}],"about":[{"href":"https:\/\/farmaciadosul.com\/pt-br\/wp-json\/wp\/v2\/types\/product"}],"version-history":[{"count":2,"href":"https:\/\/farmaciadosul.com\/pt-br\/wp-json\/wp\/v2\/product\/4639\/revisions"}],"predecessor-version":[{"id":6992,"href":"https:\/\/farmaciadosul.com\/pt-br\/wp-json\/wp\/v2\/product\/4639\/revisions\/6992"}],"wp:featuredmedia":[{"embeddable":true,"href":"https:\/\/farmaciadosul.com\/pt-br\/wp-json\/wp\/v2\/media\/6990"}],"wp:attachment":[{"href":"https:\/\/farmaciadosul.com\/pt-br\/wp-json\/wp\/v2\/media?parent=4639"}],"wp:term":[{"taxonomy":"product_brand","embeddable":true,"href":"https:\/\/farmaciadosul.com\/pt-br\/wp-json\/wp\/v2\/product_brand?post=4639"},{"taxonomy":"product_cat","embeddable":true,"href":"https:\/\/farmaciadosul.com\/pt-br\/wp-json\/wp\/v2\/product_cat?post=4639"},{"taxonomy":"product_tag","embeddable":true,"href":"https:\/\/farmaciadosul.com\/pt-br\/wp-json\/wp\/v2\/product_tag?post=4639"}],"curies":[{"name":"wp","href":"https:\/\/api.w.org\/{rel}","templated":true}]}}