{"id":4643,"date":"2026-01-30T19:40:05","date_gmt":"2026-01-30T19:40:05","guid":{"rendered":"https:\/\/farmaciadosul.com\/product\/lipoless-125-mg\/"},"modified":"2026-04-19T05:00:13","modified_gmt":"2026-04-19T05:00:13","slug":"lipoless-125-mg","status":"publish","type":"product","link":"https:\/\/farmaciadosul.com\/pt-br\/produto\/lipoless-125-mg\/","title":{"rendered":"LIPOLESS 12,5 MG"},"content":{"rendered":"<table width=\"304\">\n<tbody>\n<tr>\n<td width=\"304\"><strong><em>PRESENTACI\u00d3N:<\/em> <\/strong>4 JERINGAS PRECARGADAS<\/td>\n<\/tr>\n<\/tbody>\n<\/table>\n","protected":false},"excerpt":{"rendered":"<table>\n<tbody>\n<tr>\n<td rowspan=\"19\"><strong><em>Indicaciones principales:<\/em><\/strong><br \/>\n\u2022 Tratamiento del sobrepeso u obesidad.<br \/>\n\u2022 Tambi\u00e9n indicado para pacientes con diabetes tipo 2.<br \/>\nMecanismo de acci\u00f3n resumido:<br \/>\nTirzepatida activa los receptores GIP (p\u00e9ptido insulinotr\u00f3pico dependiente de glucosa) y GLP-1 (p\u00e9ptido similar al glucag\u00f3n tipo 1), lo que:<br \/>\n\u2022 Reduce el apetito y la ingesta de energ\u00eda.<br \/>\n\u2022 Aumenta la sensaci\u00f3n de saciedad y plenitud.<br \/>\n\u2022 Retarda el vaciado g\u00e1strico, lo que contribuye a una sensaci\u00f3n m\u00e1s prolongada de saciedad.<br \/>\n\u2022 Mejora el control de la glucemia, estimulando la secreci\u00f3n de insulina en respuesta a la glucosa y reduciendo la producci\u00f3n hep\u00e1tica\u00a0de\u00a0glucosa.<\/td>\n<\/tr>\n<\/tbody>\n<\/table>\n","protected":false},"featured_media":6474,"template":"","meta":[],"product_brand":[],"product_cat":[112],"product_tag":[],"class_list":{"0":"post-4643","1":"product","2":"type-product","3":"status-publish","4":"has-post-thumbnail","6":"product_cat-medicamentos-para-perdida-de-peso","8":"first","9":"instock","10":"sale","11":"shipping-taxable","12":"purchasable","13":"product-type-simple"},"_links":{"self":[{"href":"https:\/\/farmaciadosul.com\/pt-br\/wp-json\/wp\/v2\/product\/4643","targetHints":{"allow":["GET"]}}],"collection":[{"href":"https:\/\/farmaciadosul.com\/pt-br\/wp-json\/wp\/v2\/product"}],"about":[{"href":"https:\/\/farmaciadosul.com\/pt-br\/wp-json\/wp\/v2\/types\/product"}],"version-history":[{"count":3,"href":"https:\/\/farmaciadosul.com\/pt-br\/wp-json\/wp\/v2\/product\/4643\/revisions"}],"predecessor-version":[{"id":7069,"href":"https:\/\/farmaciadosul.com\/pt-br\/wp-json\/wp\/v2\/product\/4643\/revisions\/7069"}],"wp:featuredmedia":[{"embeddable":true,"href":"https:\/\/farmaciadosul.com\/pt-br\/wp-json\/wp\/v2\/media\/6474"}],"wp:attachment":[{"href":"https:\/\/farmaciadosul.com\/pt-br\/wp-json\/wp\/v2\/media?parent=4643"}],"wp:term":[{"taxonomy":"product_brand","embeddable":true,"href":"https:\/\/farmaciadosul.com\/pt-br\/wp-json\/wp\/v2\/product_brand?post=4643"},{"taxonomy":"product_cat","embeddable":true,"href":"https:\/\/farmaciadosul.com\/pt-br\/wp-json\/wp\/v2\/product_cat?post=4643"},{"taxonomy":"product_tag","embeddable":true,"href":"https:\/\/farmaciadosul.com\/pt-br\/wp-json\/wp\/v2\/product_tag?post=4643"}],"curies":[{"name":"wp","href":"https:\/\/api.w.org\/{rel}","templated":true}]}}