{"id":4644,"date":"2026-01-30T19:40:06","date_gmt":"2026-01-30T19:40:06","guid":{"rendered":"https:\/\/farmaciadosul.com\/product\/cbd-lasca-25-mg-gtas-x-30ml\/"},"modified":"2026-04-19T05:00:13","modified_gmt":"2026-04-19T05:00:13","slug":"cbd-lasca-25-mg-gtas-x-30ml","status":"publish","type":"product","link":"https:\/\/farmaciadosul.com\/pt-br\/produto\/cbd-lasca-25-mg-gtas-x-30ml\/","title":{"rendered":"CBD LASCA 25 MG GTAS X 30ML"},"content":{"rendered":"<p>Coadyuvante en el Tratamiento farmacol\u00f3gico de epilepsias refractarias, dolor relacionado a patolog\u00edas oncol\u00f3gicas, control de la espasticidad muscular asociada a esclerosis m\u00faltiple, trastornos neurodegenerativos relacionados a la edad, trastornos cognitivos asociados al espectro autista, Coadyuvante en tratamiento quimioter\u00e1pico del c\u00e1ncer como antiem\u00e9tico y estimulante del apetito.<\/p>\n<p>Posolog\u00eda:<br \/>\nV\u00eda oral: Aplicar preferentemente debajo de la lengua.<br \/>\nCada paciente reacciona de forma diferente a la misma dosis de CBD por lo que deber\u00e1n iniciarse con dosis bajas y adecuarlas a la respuesta del paciente.<br \/>\nLa dosis debe ser seg\u00fan criterio del profesional m\u00e9dico.<br \/>\nLa dosis de CBD posee un amplio rango de seguridad que va entre 0,5 a 30 mg\/Kg\/d\u00eda.<\/p>\n<p>Contraindicaciones:<br \/>\nPacientes al\u00e9rgicos, embarazo y lactancia, reacci\u00f3n conocida a cannabinoides. Pacientes con insuficiencia hep\u00e1tica y renal severa.<\/p>\n<p>Reacciones Adversas:<br \/>\nSe han descrito casos aislados de molestias epig\u00e1stricas, Pesadez g\u00e1strica, Somnolencia, dificultad para conciliar el sue\u00f1o, que no dificultan su administraci\u00f3n y desaparecen con la administraci\u00f3n continuada del f\u00e1rmaco.<\/p>\n<p>Precauciones y Advertencias:<br \/>\nDebe ser administrado con precauci\u00f3n en pacientes Psiqui\u00e1tricos o Psic\u00f3ticos, seguimiento a pacientes en tratamiento con hipoglucemiantes orales o correcci\u00f3n insul\u00ednica ya que provoca marcado descenso de la glicemia (hipoglicemia). Deben realizarse controles de perfiles hep\u00e1ticos de manera peri\u00f3dica.<\/p>\n","protected":false},"excerpt":{"rendered":"<p>Coadyuvante en el Tratamiento farmacol\u00f3gico de epilepsias refractarias, dolor relacionado a patolog\u00edas oncol\u00f3gicas, control de la espasticidad muscular asociada a<\/p>\n","protected":false},"featured_media":6965,"template":"","meta":[],"product_brand":[113],"product_cat":[112],"product_tag":[],"class_list":{"0":"post-4644","1":"product","2":"type-product","3":"status-publish","4":"has-post-thumbnail","6":"product_brand-lasca","7":"product_cat-medicamentos-para-perdida-de-peso","9":"first","10":"instock","11":"shipping-taxable","12":"purchasable","13":"product-type-simple"},"_links":{"self":[{"href":"https:\/\/farmaciadosul.com\/pt-br\/wp-json\/wp\/v2\/product\/4644","targetHints":{"allow":["GET"]}}],"collection":[{"href":"https:\/\/farmaciadosul.com\/pt-br\/wp-json\/wp\/v2\/product"}],"about":[{"href":"https:\/\/farmaciadosul.com\/pt-br\/wp-json\/wp\/v2\/types\/product"}],"version-history":[{"count":2,"href":"https:\/\/farmaciadosul.com\/pt-br\/wp-json\/wp\/v2\/product\/4644\/revisions"}],"predecessor-version":[{"id":6967,"href":"https:\/\/farmaciadosul.com\/pt-br\/wp-json\/wp\/v2\/product\/4644\/revisions\/6967"}],"wp:featuredmedia":[{"embeddable":true,"href":"https:\/\/farmaciadosul.com\/pt-br\/wp-json\/wp\/v2\/media\/6965"}],"wp:attachment":[{"href":"https:\/\/farmaciadosul.com\/pt-br\/wp-json\/wp\/v2\/media?parent=4644"}],"wp:term":[{"taxonomy":"product_brand","embeddable":true,"href":"https:\/\/farmaciadosul.com\/pt-br\/wp-json\/wp\/v2\/product_brand?post=4644"},{"taxonomy":"product_cat","embeddable":true,"href":"https:\/\/farmaciadosul.com\/pt-br\/wp-json\/wp\/v2\/product_cat?post=4644"},{"taxonomy":"product_tag","embeddable":true,"href":"https:\/\/farmaciadosul.com\/pt-br\/wp-json\/wp\/v2\/product_tag?post=4644"}],"curies":[{"name":"wp","href":"https:\/\/api.w.org\/{rel}","templated":true}]}}