{"id":4647,"date":"2026-01-30T19:40:08","date_gmt":"2026-01-30T19:40:08","guid":{"rendered":"https:\/\/farmaciadosul.com\/product\/lipoless-md-15mg\/"},"modified":"2026-04-19T05:00:13","modified_gmt":"2026-04-19T05:00:13","slug":"lipoless-md-15mg","status":"publish","type":"product","link":"https:\/\/farmaciadosul.com\/pt-br\/produto\/lipoless-md-15mg\/","title":{"rendered":"LIPOLESS MD 15MG"},"content":{"rendered":"<div class=\"principio-activo-box\">\n<div class=\"h-format\">Principio activo<\/div>\n<p class=\"p-format\">Tirzepatida 15 mg<\/p>\n<\/div>\n<div class=\"h-format\">Presentaci\u00f3n<\/div>\n<p class=\"p-format\">Soluci\u00f3n inyectable \/ v\u00eda subcut\u00e1nea.<\/p>\n<div class=\"h-format\">Indicaciones<\/div>\n<p class=\"p-format\">Diabetes mellitus tipo 2: Tirzepatida est\u00e1 indicada para el tratamiento de adultos con diabetes mellitus tipo 2 no suficientemente controlada, asociado a dieta y ejercicio: -En monoterapia cuando metformina no se considera apropiada debido a intolerancia o contraindicaciones. -A\u00f1adido a otros medicamentos para el tratamiento de la diabetes. *Control del peso: Tirzepatida est\u00e1 indicada como complemento a una dieta baja en calor\u00edas y a un aumento de la actividad f\u00edsica para el control del peso, incluida la p\u00e9rdida y el mantenimiento del peso, en adultos con un \u00cdndice de Masa Corporal (IMC) inicial de: -\u2265 30 kg\/m2 (obesidad) o -\u2265 27 kg\/m2 a &lt; 30 kg\/m2 (sobrepeso) en presencia de al menos una comorbilidad relacionada con el peso (por ejemplo, hipertensi\u00f3n, dislipidemia, apnea obstructiva del sue\u00f1o, enfermedad cardiovascular, prediabetes o diabetes mellitus tipo 2).<\/p>\n","protected":false},"excerpt":{"rendered":"<p>Principio activo Tirzepatida 15 mg Presentaci\u00f3n Soluci\u00f3n inyectable \/ v\u00eda subcut\u00e1nea. Indicaciones Diabetes mellitus tipo 2: Tirzepatida est\u00e1 indicada para<\/p>\n","protected":false},"featured_media":6954,"template":"","meta":[],"product_brand":[115],"product_cat":[112],"product_tag":[],"class_list":{"0":"post-4647","1":"product","2":"type-product","3":"status-publish","4":"has-post-thumbnail","6":"product_brand-eticos","7":"product_cat-medicamentos-para-perdida-de-peso","9":"first","10":"instock","11":"sale","12":"shipping-taxable","13":"purchasable","14":"product-type-simple"},"_links":{"self":[{"href":"https:\/\/farmaciadosul.com\/pt-br\/wp-json\/wp\/v2\/product\/4647","targetHints":{"allow":["GET"]}}],"collection":[{"href":"https:\/\/farmaciadosul.com\/pt-br\/wp-json\/wp\/v2\/product"}],"about":[{"href":"https:\/\/farmaciadosul.com\/pt-br\/wp-json\/wp\/v2\/types\/product"}],"version-history":[{"count":3,"href":"https:\/\/farmaciadosul.com\/pt-br\/wp-json\/wp\/v2\/product\/4647\/revisions"}],"predecessor-version":[{"id":6957,"href":"https:\/\/farmaciadosul.com\/pt-br\/wp-json\/wp\/v2\/product\/4647\/revisions\/6957"}],"wp:featuredmedia":[{"embeddable":true,"href":"https:\/\/farmaciadosul.com\/pt-br\/wp-json\/wp\/v2\/media\/6954"}],"wp:attachment":[{"href":"https:\/\/farmaciadosul.com\/pt-br\/wp-json\/wp\/v2\/media?parent=4647"}],"wp:term":[{"taxonomy":"product_brand","embeddable":true,"href":"https:\/\/farmaciadosul.com\/pt-br\/wp-json\/wp\/v2\/product_brand?post=4647"},{"taxonomy":"product_cat","embeddable":true,"href":"https:\/\/farmaciadosul.com\/pt-br\/wp-json\/wp\/v2\/product_cat?post=4647"},{"taxonomy":"product_tag","embeddable":true,"href":"https:\/\/farmaciadosul.com\/pt-br\/wp-json\/wp\/v2\/product_tag?post=4647"}],"curies":[{"name":"wp","href":"https:\/\/api.w.org\/{rel}","templated":true}]}}