{"id":4651,"date":"2026-01-30T19:40:10","date_gmt":"2026-01-30T19:40:10","guid":{"rendered":"https:\/\/farmaciadosul.com\/product\/wheykshake-strawberry-450g\/"},"modified":"2026-03-03T18:30:11","modified_gmt":"2026-03-03T18:30:11","slug":"wheykshake-strawberry-450g","status":"publish","type":"product","link":"https:\/\/farmaciadosul.com\/pt-br\/produto\/wheykshake-strawberry-450g\/","title":{"rendered":"WHEYKSHAKE STRAWBERRY 450G"},"content":{"rendered":"<p class=\"lh-copy landerfit-product-data-2-x-paragraph landerfit-product-data-2-x-paragraph--page-product-description\"><span class=\"b landerfit-product-data-2-x-strong landerfit-product-data-2-x-strong--page-product-description\"><strong><em>LanderFit<\/em><\/strong> aplic\u00f3 su tecnolog\u00eda para desarrollar suplementos nutricionales deportivos de alto rendimiento y su conocimiento sobre nutrici\u00f3n aplicada a la salud y el bienestar de las personas para crear la l\u00ednea de suplementos <strong>GOURMET SERIES<\/strong>.<\/span><\/p>\n<p><strong>WheykShake<\/strong> trabaja con aliados cient\u00edficos para brindarle el mayor control del sabor. El resultado es un delicioso sabor que no interfiere con la alta cantidad de prote\u00edna con un perfil nutricional completo e ingredientes saludables.<\/p>\n<p>Adem\u00e1s de traer una experiencia \u00fanica a tu paladar, WheykShake act\u00faa directamente sobre la recuperaci\u00f3n e hipertrofia muscular.\u00a0Presenta todos los amino\u00e1cidos esenciales por porci\u00f3n, teniendo un alto \u00edndice de valor biol\u00f3gico, totalizando un valor de concentraci\u00f3n de extrema importancia para que sea posible ganar masa muscular.<\/p>\n<p class=\"lh-copy landerfit-product-data-2-x-paragraph landerfit-product-data-2-x-paragraph--page-product-description\">Producido con prote\u00edna de suero, su formulaci\u00f3n de alta tecnolog\u00eda brinda una experiencia saludable, nueva y deliciosa en el uso de Whey Protein.\u00a0Con alta calidad, pureza y valores nutricionales que brindan resultados a los atletas de todos los deportes, WheykShake contiene en su formulaci\u00f3n vitaminas y minerales que aumentan la inmunidad y regulan tu cuerpo, mejorando la salud mientras promueven el aumento de la masa muscular.<\/p>\n<p class=\"lh-copy landerfit-product-data-2-x-paragraph landerfit-product-data-2-x-paragraph--page-product-description\"><strong><span class=\"b landerfit-product-data-2-x-strong landerfit-product-data-2-x-strong--page-product-description\">\u00bfComo tomarlo?<\/span><\/strong><\/p>\n<p class=\"lh-copy landerfit-product-data-2-x-paragraph landerfit-product-data-2-x-paragraph--page-product-description\">Para aumentar la masa muscular puede utilizarse en cualquier momento del d\u00eda, pero su ingesta despu\u00e9s del entrenamiento permite relacionar todas las adaptaciones musculares del ejercicio con la s\u00edntesis proteica, optimizando la hipertrofia. En los d\u00edas en que no se realice entrenamiento f\u00edsico, tambi\u00e9n es bienvenido su uso para ayudar a mantener una dieta saludable para alcanzar los niveles diarios de prote\u00edna recomendados.<\/p>\n<p><strong>Presentaci\u00f3n:\u00a0<\/strong><br \/>\n450 gramos \u2013 Rinde 11 servicios (40 gramos, 2 scoop)<\/p>\n<p>900 gramos \u2013 Rinde 22 servicios (40 gramos, 2 scoop)<\/p>\n<p class=\"lh-copy landerfit-product-data-2-x-paragraph landerfit-product-data-2-x-paragraph--page-product-description\"><strong>Modo de uso<\/strong>: Mezcle 1 servicio (40 g) en aproximadamente 200 ml de agua, o use su porci\u00f3n seg\u00fan alguna receta sabrosa y creativa.<\/p>\n","protected":false},"excerpt":{"rendered":"<p>La l\u00ednea Gourmet S\u00e9ries aplica tecnol\u00f3gia de sabor norteamericano a los suplementos para desarrollar sabores nunca antes probados, lo que llamamos \u201cThe American Taste\u201d. La l\u00ednea <em>Gourtmet Series <\/em>innova en el sabor y presentaci\u00f3n de sus productos, acercando los suplementos a los alimentos y los alimentos a los suplementos, enriquecidos con prote\u00edna, controlando carbohidratos y grasas, y agregando ingredientes saludables para un forma m\u00e1s deliciosa de cuidar tu salud.<\/p>\n","protected":false},"featured_media":6940,"template":"","meta":[],"product_brand":[150],"product_cat":[148],"product_tag":[],"class_list":{"0":"post-4651","1":"product","2":"type-product","3":"status-publish","4":"has-post-thumbnail","6":"product_brand-landerfit","7":"product_cat-suplementos","9":"first","10":"instock","11":"shipping-taxable","12":"purchasable","13":"product-type-simple"},"_links":{"self":[{"href":"https:\/\/farmaciadosul.com\/pt-br\/wp-json\/wp\/v2\/product\/4651","targetHints":{"allow":["GET"]}}],"collection":[{"href":"https:\/\/farmaciadosul.com\/pt-br\/wp-json\/wp\/v2\/product"}],"about":[{"href":"https:\/\/farmaciadosul.com\/pt-br\/wp-json\/wp\/v2\/types\/product"}],"version-history":[{"count":3,"href":"https:\/\/farmaciadosul.com\/pt-br\/wp-json\/wp\/v2\/product\/4651\/revisions"}],"predecessor-version":[{"id":6943,"href":"https:\/\/farmaciadosul.com\/pt-br\/wp-json\/wp\/v2\/product\/4651\/revisions\/6943"}],"wp:featuredmedia":[{"embeddable":true,"href":"https:\/\/farmaciadosul.com\/pt-br\/wp-json\/wp\/v2\/media\/6940"}],"wp:attachment":[{"href":"https:\/\/farmaciadosul.com\/pt-br\/wp-json\/wp\/v2\/media?parent=4651"}],"wp:term":[{"taxonomy":"product_brand","embeddable":true,"href":"https:\/\/farmaciadosul.com\/pt-br\/wp-json\/wp\/v2\/product_brand?post=4651"},{"taxonomy":"product_cat","embeddable":true,"href":"https:\/\/farmaciadosul.com\/pt-br\/wp-json\/wp\/v2\/product_cat?post=4651"},{"taxonomy":"product_tag","embeddable":true,"href":"https:\/\/farmaciadosul.com\/pt-br\/wp-json\/wp\/v2\/product_tag?post=4651"}],"curies":[{"name":"wp","href":"https:\/\/api.w.org\/{rel}","templated":true}]}}