{"id":4653,"date":"2026-01-30T19:40:12","date_gmt":"2026-01-30T19:40:12","guid":{"rendered":"https:\/\/farmaciadosul.com\/product\/multiphase-90-capsulas\/"},"modified":"2026-03-07T13:00:12","modified_gmt":"2026-03-07T13:00:12","slug":"multiphase-90-capsulas","status":"publish","type":"product","link":"https:\/\/farmaciadosul.com\/pt-br\/produto\/multiphase-90-capsulas\/","title":{"rendered":"MULTIPHASE 90 CAPSULAS"},"content":{"rendered":"<div class=\"elementor-element elementor-element-36983cb elementor-widget elementor-widget-heading\" data-id=\"36983cb\">\n<p class=\"elementor-widget-container\">El <strong>MultiPhase Advanced Multivitamin<\/strong> de <strong>LanderFit<\/strong> es un aliado para todos aquellos que buscan una f\u00f3rmula completa de micronutrientes, vitaminas y minerales; que aportan m\u00faltiples beneficios formadores recuperadores.<\/p>\n<\/div>\n<div class=\"elementor-element elementor-element-f1d4112 elementor-widget elementor-widget-text-editor\" data-id=\"f1d4112\">\n<div class=\"elementor-widget-container\">\n<p class=\"elementor-text-editor elementor-clearfix\">Existen procesos dependientes del aporte completo de micronutrientes por lo que su aporte es fundamental.\u00a0 Ideal para aquellos deportistas que sufren un mayor desgaste y por ende tienen una demanda aumentada de vitaminas y minerales. Para aquellos que siguen una dieta pobre en frutas y verduras, por lo que el aporte de micronutrientes con un suplemento completo asegura cubrir su requerimiento.<\/p>\n<p class=\"elementor-text-editor elementor-clearfix\"><strong>Presentaci\u00f3n:<\/strong> 90 c\u00e1psulas (3 c\u00e1psulas por servicio).<\/p>\n<p><strong>Modo de uso:<\/strong>\u00a0 2-3 c\u00e1psulas por d\u00eda. Puede consumirse con el desayuno o con las principales comidas.<\/p>\n<\/div>\n<\/div>\n","protected":false},"excerpt":{"rendered":"<p>LanderFit Multiphase Alvanced Multivitamin es un complejo y avanzado dise\u00f1ado para individuos activos en todos los niveles de fitness. Esta f\u00f3rmula dise\u00f1ada cient\u00edficamente proporciona un perfil de micronutrientes para mantenerle activo, alerta y fuerte.<\/p>\n","protected":false},"featured_media":6925,"template":"","meta":[],"product_brand":[150],"product_cat":[148],"product_tag":[],"class_list":{"0":"post-4653","1":"product","2":"type-product","3":"status-publish","4":"has-post-thumbnail","6":"product_brand-landerfit","7":"product_cat-suplementos","9":"first","10":"instock","11":"shipping-taxable","12":"purchasable","13":"product-type-simple"},"_links":{"self":[{"href":"https:\/\/farmaciadosul.com\/pt-br\/wp-json\/wp\/v2\/product\/4653","targetHints":{"allow":["GET"]}}],"collection":[{"href":"https:\/\/farmaciadosul.com\/pt-br\/wp-json\/wp\/v2\/product"}],"about":[{"href":"https:\/\/farmaciadosul.com\/pt-br\/wp-json\/wp\/v2\/types\/product"}],"version-history":[{"count":3,"href":"https:\/\/farmaciadosul.com\/pt-br\/wp-json\/wp\/v2\/product\/4653\/revisions"}],"predecessor-version":[{"id":6928,"href":"https:\/\/farmaciadosul.com\/pt-br\/wp-json\/wp\/v2\/product\/4653\/revisions\/6928"}],"wp:featuredmedia":[{"embeddable":true,"href":"https:\/\/farmaciadosul.com\/pt-br\/wp-json\/wp\/v2\/media\/6925"}],"wp:attachment":[{"href":"https:\/\/farmaciadosul.com\/pt-br\/wp-json\/wp\/v2\/media?parent=4653"}],"wp:term":[{"taxonomy":"product_brand","embeddable":true,"href":"https:\/\/farmaciadosul.com\/pt-br\/wp-json\/wp\/v2\/product_brand?post=4653"},{"taxonomy":"product_cat","embeddable":true,"href":"https:\/\/farmaciadosul.com\/pt-br\/wp-json\/wp\/v2\/product_cat?post=4653"},{"taxonomy":"product_tag","embeddable":true,"href":"https:\/\/farmaciadosul.com\/pt-br\/wp-json\/wp\/v2\/product_tag?post=4653"}],"curies":[{"name":"wp","href":"https:\/\/api.w.org\/{rel}","templated":true}]}}