{"id":4654,"date":"2026-01-30T19:40:12","date_gmt":"2026-01-30T19:40:12","guid":{"rendered":"https:\/\/farmaciadosul.com\/product\/muscle-pump-key-lime-ice\/"},"modified":"2026-04-19T10:30:09","modified_gmt":"2026-04-19T10:30:09","slug":"muscle-pump-key-lime-ice","status":"publish","type":"product","link":"https:\/\/farmaciadosul.com\/pt-br\/produto\/muscle-pump-key-lime-ice\/","title":{"rendered":"MUSCLE PUMP KEY LIME ICE"},"content":{"rendered":"","protected":false},"excerpt":{"rendered":"<p>Si desea aprovechar al m\u00e1ximo su entrenamiento, las bombas musculares son para usted. M\u00faltiples ingredientes trabajan juntos para darnos m\u00e1s impulso, potencia, enfoque y energ\u00eda para los entrenamientos m\u00e1s intensos.<\/p>\n","protected":false},"featured_media":6929,"template":"","meta":[],"product_brand":[150],"product_cat":[148],"product_tag":[],"class_list":{"0":"post-4654","1":"product","2":"type-product","3":"status-publish","4":"has-post-thumbnail","6":"product_brand-landerfit","7":"product_cat-suplementos","9":"first","10":"instock","11":"shipping-taxable","12":"purchasable","13":"product-type-simple"},"_links":{"self":[{"href":"https:\/\/farmaciadosul.com\/pt-br\/wp-json\/wp\/v2\/product\/4654","targetHints":{"allow":["GET"]}}],"collection":[{"href":"https:\/\/farmaciadosul.com\/pt-br\/wp-json\/wp\/v2\/product"}],"about":[{"href":"https:\/\/farmaciadosul.com\/pt-br\/wp-json\/wp\/v2\/types\/product"}],"version-history":[{"count":2,"href":"https:\/\/farmaciadosul.com\/pt-br\/wp-json\/wp\/v2\/product\/4654\/revisions"}],"predecessor-version":[{"id":6931,"href":"https:\/\/farmaciadosul.com\/pt-br\/wp-json\/wp\/v2\/product\/4654\/revisions\/6931"}],"wp:featuredmedia":[{"embeddable":true,"href":"https:\/\/farmaciadosul.com\/pt-br\/wp-json\/wp\/v2\/media\/6929"}],"wp:attachment":[{"href":"https:\/\/farmaciadosul.com\/pt-br\/wp-json\/wp\/v2\/media?parent=4654"}],"wp:term":[{"taxonomy":"product_brand","embeddable":true,"href":"https:\/\/farmaciadosul.com\/pt-br\/wp-json\/wp\/v2\/product_brand?post=4654"},{"taxonomy":"product_cat","embeddable":true,"href":"https:\/\/farmaciadosul.com\/pt-br\/wp-json\/wp\/v2\/product_cat?post=4654"},{"taxonomy":"product_tag","embeddable":true,"href":"https:\/\/farmaciadosul.com\/pt-br\/wp-json\/wp\/v2\/product_tag?post=4654"}],"curies":[{"name":"wp","href":"https:\/\/api.w.org\/{rel}","templated":true}]}}