{"id":4656,"date":"2026-01-30T19:40:14","date_gmt":"2026-01-30T19:40:14","guid":{"rendered":"https:\/\/farmaciadosul.com\/product\/premium-whey-2-l8s-caramel\/"},"modified":"2026-04-18T11:30:12","modified_gmt":"2026-04-18T11:30:12","slug":"premium-whey-2-l8s-caramel","status":"publish","type":"product","link":"https:\/\/farmaciadosul.com\/pt-br\/produto\/premium-whey-2-l8s-caramel\/","title":{"rendered":"PREMIUM WHEY 2 L8S CARAMEL"},"content":{"rendered":"","protected":false},"excerpt":{"rendered":"<p>LanderFit Premium Whey aporta 25 gramos de prote\u00edna de suero de leche en su 100%. Es el alimento ideal para nuestros m\u00fasculos ya que posee prote\u00ednas de un alto valor biol\u00f3gico que proveen todos los amino\u00e1cidos esenciales que garantizan una completa recuperaci\u00f3n y reparaci\u00f3n de los tejidos.<\/p>\n","protected":false},"featured_media":6911,"template":"","meta":[],"product_brand":[150],"product_cat":[148],"product_tag":[],"class_list":{"0":"post-4656","1":"product","2":"type-product","3":"status-publish","4":"has-post-thumbnail","6":"product_brand-landerfit","7":"product_cat-suplementos","9":"first","10":"instock","11":"shipping-taxable","12":"purchasable","13":"product-type-simple"},"_links":{"self":[{"href":"https:\/\/farmaciadosul.com\/pt-br\/wp-json\/wp\/v2\/product\/4656","targetHints":{"allow":["GET"]}}],"collection":[{"href":"https:\/\/farmaciadosul.com\/pt-br\/wp-json\/wp\/v2\/product"}],"about":[{"href":"https:\/\/farmaciadosul.com\/pt-br\/wp-json\/wp\/v2\/types\/product"}],"version-history":[{"count":3,"href":"https:\/\/farmaciadosul.com\/pt-br\/wp-json\/wp\/v2\/product\/4656\/revisions"}],"predecessor-version":[{"id":6913,"href":"https:\/\/farmaciadosul.com\/pt-br\/wp-json\/wp\/v2\/product\/4656\/revisions\/6913"}],"wp:featuredmedia":[{"embeddable":true,"href":"https:\/\/farmaciadosul.com\/pt-br\/wp-json\/wp\/v2\/media\/6911"}],"wp:attachment":[{"href":"https:\/\/farmaciadosul.com\/pt-br\/wp-json\/wp\/v2\/media?parent=4656"}],"wp:term":[{"taxonomy":"product_brand","embeddable":true,"href":"https:\/\/farmaciadosul.com\/pt-br\/wp-json\/wp\/v2\/product_brand?post=4656"},{"taxonomy":"product_cat","embeddable":true,"href":"https:\/\/farmaciadosul.com\/pt-br\/wp-json\/wp\/v2\/product_cat?post=4656"},{"taxonomy":"product_tag","embeddable":true,"href":"https:\/\/farmaciadosul.com\/pt-br\/wp-json\/wp\/v2\/product_tag?post=4656"}],"curies":[{"name":"wp","href":"https:\/\/api.w.org\/{rel}","templated":true}]}}