{"id":4659,"date":"2026-01-30T19:40:15","date_gmt":"2026-01-30T19:40:15","guid":{"rendered":"https:\/\/farmaciadosul.com\/product\/premium-whey-2-lbs-vainilla\/"},"modified":"2026-04-07T19:00:12","modified_gmt":"2026-04-07T19:00:12","slug":"premium-whey-2-lbs-vainilla","status":"publish","type":"product","link":"https:\/\/farmaciadosul.com\/pt-br\/produto\/premium-whey-2-lbs-vainilla\/","title":{"rendered":"PREMIUM WHEY 2 LBS VAINILLA"},"content":{"rendered":"<p class=\"elementor-element elementor-element-0bd098e elementor-widget elementor-widget-heading\" data-id=\"0bd098e\"><strong>Premium Whey <\/strong>de<strong> LanderFit<\/strong> Muscle Building Formula aporta 25 gramos, es el alimento ideal para nuestros m\u00fasculos ya que posee prote\u00ednas de un alto valor biol\u00f3gico que proveen todos los amino\u00e1cidos esenciales que garantizan una completa recuperaci\u00f3n y reparaci\u00f3n de los tejidos.<\/p>\n<p class=\"elementor-element elementor-element-0bd098e elementor-widget elementor-widget-heading\" data-id=\"0bd098e\">Ideal para aquellos consumidores que demandan una prote\u00edna de calidad premium y un sabor \u00fanico. Posee la textura cremosa ideal que siempre buscamos en nuestros batidos.<\/p>\n<p class=\"elementor-element elementor-element-0bd098e elementor-widget elementor-widget-heading\" data-id=\"0bd098e\"><strong>Presentaci\u00f3n:<\/strong><\/p>\n<p class=\"elementor-element elementor-element-0bd098e elementor-widget elementor-widget-heading\" data-id=\"0bd098e\">2.06 LBS (936 gramos) \u2013 Rinde 26 servicios (36 gramos por scoop).<\/p>\n<p data-id=\"0bd098e\"><strong>Modo de uso:<\/strong> diluir 1-2 scoop en 200ml de agua. Puede consumirse entre comidas, 60 minutos antes de entrenar o post entrenamiento.<\/p>\n","protected":false},"excerpt":{"rendered":"<p>Premium Whey de LanderFit Muscle Building Formula aporta 25 gramos, es el alimento ideal para nuestros m\u00fasculos ya que posee<\/p>\n","protected":false},"featured_media":6907,"template":"","meta":[],"product_brand":[150],"product_cat":[148],"product_tag":[],"class_list":{"0":"post-4659","1":"product","2":"type-product","3":"status-publish","4":"has-post-thumbnail","6":"product_brand-landerfit","7":"product_cat-suplementos","9":"first","10":"instock","11":"shipping-taxable","12":"purchasable","13":"product-type-simple"},"_links":{"self":[{"href":"https:\/\/farmaciadosul.com\/pt-br\/wp-json\/wp\/v2\/product\/4659","targetHints":{"allow":["GET"]}}],"collection":[{"href":"https:\/\/farmaciadosul.com\/pt-br\/wp-json\/wp\/v2\/product"}],"about":[{"href":"https:\/\/farmaciadosul.com\/pt-br\/wp-json\/wp\/v2\/types\/product"}],"version-history":[{"count":2,"href":"https:\/\/farmaciadosul.com\/pt-br\/wp-json\/wp\/v2\/product\/4659\/revisions"}],"predecessor-version":[{"id":6909,"href":"https:\/\/farmaciadosul.com\/pt-br\/wp-json\/wp\/v2\/product\/4659\/revisions\/6909"}],"wp:featuredmedia":[{"embeddable":true,"href":"https:\/\/farmaciadosul.com\/pt-br\/wp-json\/wp\/v2\/media\/6907"}],"wp:attachment":[{"href":"https:\/\/farmaciadosul.com\/pt-br\/wp-json\/wp\/v2\/media?parent=4659"}],"wp:term":[{"taxonomy":"product_brand","embeddable":true,"href":"https:\/\/farmaciadosul.com\/pt-br\/wp-json\/wp\/v2\/product_brand?post=4659"},{"taxonomy":"product_cat","embeddable":true,"href":"https:\/\/farmaciadosul.com\/pt-br\/wp-json\/wp\/v2\/product_cat?post=4659"},{"taxonomy":"product_tag","embeddable":true,"href":"https:\/\/farmaciadosul.com\/pt-br\/wp-json\/wp\/v2\/product_tag?post=4659"}],"curies":[{"name":"wp","href":"https:\/\/api.w.org\/{rel}","templated":true}]}}