{"id":4660,"date":"2026-01-30T19:40:16","date_gmt":"2026-01-30T19:40:16","guid":{"rendered":"https:\/\/farmaciadosul.com\/product\/saw-palmetto-550-mg-100-caps\/"},"modified":"2026-04-23T11:00:12","modified_gmt":"2026-04-23T11:00:12","slug":"saw-palmetto-550-mg-100-caps","status":"publish","type":"product","link":"https:\/\/farmaciadosul.com\/pt-br\/produto\/saw-palmetto-550-mg-100-caps\/","title":{"rendered":"SAW PALMETTO 550 MG 100 CAPS"},"content":{"rendered":"<div class=\"description\">\n<p>Saw Palmetto es la ayuda que has estado buscando para tu pr\u00f3stata y poner fin a los frecuentes viajes al ba\u00f1o. La micci\u00f3n frecuente es com\u00fan en hombres mayores pero no deberia interferir con su vida diaria o con poder obtener una buena noche de sue\u00f1o. Saw Palmetto ayuda con los s\u00edntomas de la hiperplasia prost\u00e1tica benigna (HPB).<\/p>\n<p><strong>Como Tomar<\/strong><\/p>\n<p>Tome una (1) c\u00e1psula blanda dos veces al d\u00eda, preferiblemente con las comidas.<\/p>\n<p><strong>Advertencia<\/strong><\/p>\n<p>Este producto no est\u00e1 destinado para diagnosticar, tratar, curar o prevenir ninguna enfermedad, y no suple una alimentaci\u00f3n equilibrada. Consulte con su m\u00e9dico antes de usar si usted est\u00e1 embarazada, amamantando, tomando cualquier medicaci\u00f3n o tiene alguna condici\u00f3n m\u00e9dica. Mantener a temperatura ambiente controlada (15 &#8211; 30) \u02daC, en un lugar seco. Mantener fuera del alcance de los ni\u00f1os.<\/p>\n<\/div>\n","protected":false},"excerpt":{"rendered":"<p>Saw Palmetto es la ayuda que has estado buscando para tu pr\u00f3stata y poner fin a los frecuentes viajes al<\/p>\n","protected":false},"featured_media":6900,"template":"","meta":[],"product_brand":[150],"product_cat":[148],"product_tag":[],"class_list":{"0":"post-4660","1":"product","2":"type-product","3":"status-publish","4":"has-post-thumbnail","6":"product_brand-landerfit","7":"product_cat-suplementos","9":"first","10":"instock","11":"shipping-taxable","12":"purchasable","13":"product-type-simple"},"_links":{"self":[{"href":"https:\/\/farmaciadosul.com\/pt-br\/wp-json\/wp\/v2\/product\/4660","targetHints":{"allow":["GET"]}}],"collection":[{"href":"https:\/\/farmaciadosul.com\/pt-br\/wp-json\/wp\/v2\/product"}],"about":[{"href":"https:\/\/farmaciadosul.com\/pt-br\/wp-json\/wp\/v2\/types\/product"}],"version-history":[{"count":3,"href":"https:\/\/farmaciadosul.com\/pt-br\/wp-json\/wp\/v2\/product\/4660\/revisions"}],"predecessor-version":[{"id":6902,"href":"https:\/\/farmaciadosul.com\/pt-br\/wp-json\/wp\/v2\/product\/4660\/revisions\/6902"}],"wp:featuredmedia":[{"embeddable":true,"href":"https:\/\/farmaciadosul.com\/pt-br\/wp-json\/wp\/v2\/media\/6900"}],"wp:attachment":[{"href":"https:\/\/farmaciadosul.com\/pt-br\/wp-json\/wp\/v2\/media?parent=4660"}],"wp:term":[{"taxonomy":"product_brand","embeddable":true,"href":"https:\/\/farmaciadosul.com\/pt-br\/wp-json\/wp\/v2\/product_brand?post=4660"},{"taxonomy":"product_cat","embeddable":true,"href":"https:\/\/farmaciadosul.com\/pt-br\/wp-json\/wp\/v2\/product_cat?post=4660"},{"taxonomy":"product_tag","embeddable":true,"href":"https:\/\/farmaciadosul.com\/pt-br\/wp-json\/wp\/v2\/product_tag?post=4660"}],"curies":[{"name":"wp","href":"https:\/\/api.w.org\/{rel}","templated":true}]}}