{"id":4661,"date":"2026-01-30T19:40:17","date_gmt":"2026-01-30T19:40:17","guid":{"rendered":"https:\/\/farmaciadosul.com\/product\/tribulus-terrestris-90-capsulas\/"},"modified":"2026-02-28T13:30:10","modified_gmt":"2026-02-28T13:30:10","slug":"tribulus-terrestris-90-capsulas","status":"publish","type":"product","link":"https:\/\/farmaciadosul.com\/pt-br\/produto\/tribulus-terrestris-90-capsulas\/","title":{"rendered":"TRIBULUS TERRESTRIS 90 CAPSULAS"},"content":{"rendered":"<div class=\"description\">\n<p>Cada c\u00e1psula de Landerfit Tribulus Terrestris contiene una mezcla de polvo y extracto de Tribulus Terrestris estandarizado al 45% de saponinas con el fin de aumentar los niveles de testosterona para rendimiento \u00f3ptimo, mayor libido, energ\u00eda y vitalidad.<\/p>\n<p>Este extracto de la m\u00e1s alta calidad conocido como el \u201csecreto original del powerlifter\u201d, ayuda a perder grasa y aumentar la masa muscular.<\/p>\n<p><strong>Como Tomar<\/strong><\/p>\n<p>Tomar 2-3 c\u00e1psulas al d\u00eda con las comidas.<\/p>\n<p><strong>Advertencia<\/strong><\/p>\n<p>Este producto no est\u00e1 destinado para diagnosticar, tratar, curar o prevenir ninguna enfermedad, y no suple una alimentaci\u00f3n equilibrada. Consulte con su m\u00e9dico antes de usar si usted est\u00e1 embarazada, amamantando, tomando cualquier medicaci\u00f3n o tiene alguna condici\u00f3n m\u00e9dica. Mantener a temperatura ambiente controlada (15 &#8211; 30) \u02daC, en un lugar seco. Mantener fuera del alcance de los ni\u00f1os.<\/p>\n<\/div>\n","protected":false},"excerpt":{"rendered":"<p>Tribulus Terrestris Landerfit eleva de forma natural los niveles de testosterona, aumentando fuerza, resistencia, masa muscular, libido y energ\u00eda para mejorar el rendimiento f\u00edsico.<\/p>\n","protected":false},"featured_media":6896,"template":"","meta":[],"product_brand":[150],"product_cat":[148],"product_tag":[],"class_list":{"0":"post-4661","1":"product","2":"type-product","3":"status-publish","4":"has-post-thumbnail","6":"product_brand-landerfit","7":"product_cat-suplementos","9":"first","10":"instock","11":"shipping-taxable","12":"purchasable","13":"product-type-simple"},"_links":{"self":[{"href":"https:\/\/farmaciadosul.com\/pt-br\/wp-json\/wp\/v2\/product\/4661","targetHints":{"allow":["GET"]}}],"collection":[{"href":"https:\/\/farmaciadosul.com\/pt-br\/wp-json\/wp\/v2\/product"}],"about":[{"href":"https:\/\/farmaciadosul.com\/pt-br\/wp-json\/wp\/v2\/types\/product"}],"version-history":[{"count":2,"href":"https:\/\/farmaciadosul.com\/pt-br\/wp-json\/wp\/v2\/product\/4661\/revisions"}],"predecessor-version":[{"id":6898,"href":"https:\/\/farmaciadosul.com\/pt-br\/wp-json\/wp\/v2\/product\/4661\/revisions\/6898"}],"wp:featuredmedia":[{"embeddable":true,"href":"https:\/\/farmaciadosul.com\/pt-br\/wp-json\/wp\/v2\/media\/6896"}],"wp:attachment":[{"href":"https:\/\/farmaciadosul.com\/pt-br\/wp-json\/wp\/v2\/media?parent=4661"}],"wp:term":[{"taxonomy":"product_brand","embeddable":true,"href":"https:\/\/farmaciadosul.com\/pt-br\/wp-json\/wp\/v2\/product_brand?post=4661"},{"taxonomy":"product_cat","embeddable":true,"href":"https:\/\/farmaciadosul.com\/pt-br\/wp-json\/wp\/v2\/product_cat?post=4661"},{"taxonomy":"product_tag","embeddable":true,"href":"https:\/\/farmaciadosul.com\/pt-br\/wp-json\/wp\/v2\/product_tag?post=4661"}],"curies":[{"name":"wp","href":"https:\/\/api.w.org\/{rel}","templated":true}]}}