{"id":4662,"date":"2026-01-30T19:40:17","date_gmt":"2026-01-30T19:40:17","guid":{"rendered":"https:\/\/farmaciadosul.com\/product\/uc-ii-30-capsules\/"},"modified":"2026-04-19T09:30:12","modified_gmt":"2026-04-19T09:30:12","slug":"uc-ii-30-capsules","status":"publish","type":"product","link":"https:\/\/farmaciadosul.com\/pt-br\/produto\/uc-ii-30-capsules\/","title":{"rendered":"UC II 30 CAPSULES"},"content":{"rendered":"<p><strong>Como Tomar<\/strong><\/p>\n<p>Como suplemento diet\u00e9tico, tomar una c\u00e1psula blanda al d\u00eda con la comida. Para facilitar la degluci\u00f3n, tomar con agua antes y durante la ingesti\u00f3n. Como recordatorio, consulte con su m\u00e9dico.<\/p>\n<p><strong>Advertencia<\/strong><\/p>\n<p>Este producto no est\u00e1 destinado para diagnosticar, tratar, curar o prevenir ninguna enfermedad, y no suple una alimentaci\u00f3n equilibrada. Consulte con su m\u00e9dico antes de usar si usted est\u00e1 embarazada, amamantando, tomando cualquier medicaci\u00f3n o tiene alguna condici\u00f3n m\u00e9dica. Mantener a temperatura ambiente controlada (15 &#8211; 30) \u02daC, en un lugar seco. Mantener fuera del alcance de los ni\u00f1os.<\/p>\n","protected":false},"excerpt":{"rendered":"<p>Suplemento ideal para la salud de las articulaciones y el cart\u00edlago. Con propiedades antiinflamatorias y gracias a su combinaci\u00f3n con C\u00farcuma &amp; Glucosamine.<\/p>\n<p>Promueva la salud de las articulaciones, propiedades antiinflamatorias, mejora movilidad y flexibilidad.<\/p>\n","protected":false},"featured_media":6893,"template":"","meta":[],"product_brand":[150],"product_cat":[148],"product_tag":[],"class_list":{"0":"post-4662","1":"product","2":"type-product","3":"status-publish","4":"has-post-thumbnail","6":"product_brand-landerfit","7":"product_cat-suplementos","9":"first","10":"instock","11":"shipping-taxable","12":"purchasable","13":"product-type-simple"},"_links":{"self":[{"href":"https:\/\/farmaciadosul.com\/pt-br\/wp-json\/wp\/v2\/product\/4662","targetHints":{"allow":["GET"]}}],"collection":[{"href":"https:\/\/farmaciadosul.com\/pt-br\/wp-json\/wp\/v2\/product"}],"about":[{"href":"https:\/\/farmaciadosul.com\/pt-br\/wp-json\/wp\/v2\/types\/product"}],"version-history":[{"count":3,"href":"https:\/\/farmaciadosul.com\/pt-br\/wp-json\/wp\/v2\/product\/4662\/revisions"}],"predecessor-version":[{"id":6895,"href":"https:\/\/farmaciadosul.com\/pt-br\/wp-json\/wp\/v2\/product\/4662\/revisions\/6895"}],"wp:featuredmedia":[{"embeddable":true,"href":"https:\/\/farmaciadosul.com\/pt-br\/wp-json\/wp\/v2\/media\/6893"}],"wp:attachment":[{"href":"https:\/\/farmaciadosul.com\/pt-br\/wp-json\/wp\/v2\/media?parent=4662"}],"wp:term":[{"taxonomy":"product_brand","embeddable":true,"href":"https:\/\/farmaciadosul.com\/pt-br\/wp-json\/wp\/v2\/product_brand?post=4662"},{"taxonomy":"product_cat","embeddable":true,"href":"https:\/\/farmaciadosul.com\/pt-br\/wp-json\/wp\/v2\/product_cat?post=4662"},{"taxonomy":"product_tag","embeddable":true,"href":"https:\/\/farmaciadosul.com\/pt-br\/wp-json\/wp\/v2\/product_tag?post=4662"}],"curies":[{"name":"wp","href":"https:\/\/api.w.org\/{rel}","templated":true}]}}