{"id":4663,"date":"2026-01-30T19:40:18","date_gmt":"2026-01-30T19:40:18","guid":{"rendered":"https:\/\/farmaciadosul.com\/product\/ultra-glutamina-300g\/"},"modified":"2026-04-19T08:30:11","modified_gmt":"2026-04-19T08:30:11","slug":"ultra-glutamina-300g","status":"publish","type":"product","link":"https:\/\/farmaciadosul.com\/pt-br\/produto\/ultra-glutamina-300g\/","title":{"rendered":"ULTRA GLUTAMINA 300G"},"content":{"rendered":"","protected":false},"excerpt":{"rendered":"<p>LanderFit Ultra Glutamine High-Performance es 100% glutamina pura de la m\u00e1s alta calidad. Durante el ejercicio extenuante, los niveles de glutamina en el cuerpo disminuyen significativamente, lo que puede causar estr\u00e9s en el organismo y debilitar el sistema inmunol\u00f3gico. LanderFit Ultra Glutamine est\u00e1 formulada para prevenir el catabolismo proteico, asegurando una recuperaci\u00f3n m\u00e1s r\u00e1pida y efectiva, permiti\u00e9ndote volver m\u00e1s fuerte que nunca.<\/p>\n","protected":false},"featured_media":6889,"template":"","meta":[],"product_brand":[150],"product_cat":[148],"product_tag":[],"class_list":{"0":"post-4663","1":"product","2":"type-product","3":"status-publish","4":"has-post-thumbnail","6":"product_brand-landerfit","7":"product_cat-suplementos","9":"first","10":"instock","11":"shipping-taxable","12":"purchasable","13":"product-type-simple"},"_links":{"self":[{"href":"https:\/\/farmaciadosul.com\/pt-br\/wp-json\/wp\/v2\/product\/4663","targetHints":{"allow":["GET"]}}],"collection":[{"href":"https:\/\/farmaciadosul.com\/pt-br\/wp-json\/wp\/v2\/product"}],"about":[{"href":"https:\/\/farmaciadosul.com\/pt-br\/wp-json\/wp\/v2\/types\/product"}],"version-history":[{"count":2,"href":"https:\/\/farmaciadosul.com\/pt-br\/wp-json\/wp\/v2\/product\/4663\/revisions"}],"predecessor-version":[{"id":6891,"href":"https:\/\/farmaciadosul.com\/pt-br\/wp-json\/wp\/v2\/product\/4663\/revisions\/6891"}],"wp:featuredmedia":[{"embeddable":true,"href":"https:\/\/farmaciadosul.com\/pt-br\/wp-json\/wp\/v2\/media\/6889"}],"wp:attachment":[{"href":"https:\/\/farmaciadosul.com\/pt-br\/wp-json\/wp\/v2\/media?parent=4663"}],"wp:term":[{"taxonomy":"product_brand","embeddable":true,"href":"https:\/\/farmaciadosul.com\/pt-br\/wp-json\/wp\/v2\/product_brand?post=4663"},{"taxonomy":"product_cat","embeddable":true,"href":"https:\/\/farmaciadosul.com\/pt-br\/wp-json\/wp\/v2\/product_cat?post=4663"},{"taxonomy":"product_tag","embeddable":true,"href":"https:\/\/farmaciadosul.com\/pt-br\/wp-json\/wp\/v2\/product_tag?post=4663"}],"curies":[{"name":"wp","href":"https:\/\/api.w.org\/{rel}","templated":true}]}}