{"id":4665,"date":"2026-01-30T19:40:19","date_gmt":"2026-01-30T19:40:19","guid":{"rendered":"https:\/\/farmaciadosul.com\/product\/vitamina-d3-softgels\/"},"modified":"2026-04-21T17:00:12","modified_gmt":"2026-04-21T17:00:12","slug":"vitamina-d3-softgels","status":"publish","type":"product","link":"https:\/\/farmaciadosul.com\/pt-br\/produto\/vitamina-d3-softgels\/","title":{"rendered":"VITAMINA D3 SOFTGELS"},"content":{"rendered":"<p>Fortalece huesos y dientes, refuerza el sistema inmunol\u00f3gico, no aporta calor\u00edas.<\/p>\n<p><strong>Como Tomar<\/strong><\/p>\n<p>Tome una (1) c\u00e1psula blanda al d\u00eda, preferiblemente con una comida.<\/p>\n<p><strong>Advertencia<\/strong><\/p>\n<p>Este producto no est\u00e1 destinado para diagnosticar, tratar, curar o prevenir ninguna enfermedad, y no suple una alimentaci\u00f3n equilibrada. Consulte con su m\u00e9dico antes de usar si usted est\u00e1 embarazada, amamantando, tomando cualquier medicaci\u00f3n o tiene alguna condici\u00f3n m\u00e9dica. Mantener a temperatura ambiente controlada (15 &#8211; 30) \u02daC, en un lugar seco. Mantener fuera del alcance de los ni\u00f1os.<\/p>\n","protected":false},"excerpt":{"rendered":"<p>LANDERFIT VITAMINA D3 es el suplemento diet\u00e9tico que te permite fortalecer los huesos y dientes al mejorar la absorci\u00f3n del calcio, tambi\u00e9n refuerza el sistema inmunol\u00f3gico a corto plazo.<\/p>\n","protected":false},"featured_media":6883,"template":"","meta":[],"product_brand":[150],"product_cat":[148],"product_tag":[],"class_list":{"0":"post-4665","1":"product","2":"type-product","3":"status-publish","4":"has-post-thumbnail","6":"product_brand-landerfit","7":"product_cat-suplementos","9":"first","10":"instock","11":"shipping-taxable","12":"purchasable","13":"product-type-simple"},"_links":{"self":[{"href":"https:\/\/farmaciadosul.com\/pt-br\/wp-json\/wp\/v2\/product\/4665","targetHints":{"allow":["GET"]}}],"collection":[{"href":"https:\/\/farmaciadosul.com\/pt-br\/wp-json\/wp\/v2\/product"}],"about":[{"href":"https:\/\/farmaciadosul.com\/pt-br\/wp-json\/wp\/v2\/types\/product"}],"version-history":[{"count":2,"href":"https:\/\/farmaciadosul.com\/pt-br\/wp-json\/wp\/v2\/product\/4665\/revisions"}],"predecessor-version":[{"id":6885,"href":"https:\/\/farmaciadosul.com\/pt-br\/wp-json\/wp\/v2\/product\/4665\/revisions\/6885"}],"wp:featuredmedia":[{"embeddable":true,"href":"https:\/\/farmaciadosul.com\/pt-br\/wp-json\/wp\/v2\/media\/6883"}],"wp:attachment":[{"href":"https:\/\/farmaciadosul.com\/pt-br\/wp-json\/wp\/v2\/media?parent=4665"}],"wp:term":[{"taxonomy":"product_brand","embeddable":true,"href":"https:\/\/farmaciadosul.com\/pt-br\/wp-json\/wp\/v2\/product_brand?post=4665"},{"taxonomy":"product_cat","embeddable":true,"href":"https:\/\/farmaciadosul.com\/pt-br\/wp-json\/wp\/v2\/product_cat?post=4665"},{"taxonomy":"product_tag","embeddable":true,"href":"https:\/\/farmaciadosul.com\/pt-br\/wp-json\/wp\/v2\/product_tag?post=4665"}],"curies":[{"name":"wp","href":"https:\/\/api.w.org\/{rel}","templated":true}]}}