{"id":4666,"date":"2026-01-30T19:40:20","date_gmt":"2026-01-30T19:40:20","guid":{"rendered":"https:\/\/farmaciadosul.com\/product\/premium-whey-2-lbs-chocolate\/"},"modified":"2026-03-19T10:30:11","modified_gmt":"2026-03-19T10:30:11","slug":"premium-whey-2-lbs-chocolate","status":"publish","type":"product","link":"https:\/\/farmaciadosul.com\/pt-br\/produto\/premium-whey-2-lbs-chocolate\/","title":{"rendered":"PREMIUM WHEY 2 LBS CHOCOLATE"},"content":{"rendered":"","protected":false},"excerpt":{"rendered":"<p>LanderFit Premium Whey ofrece 25 gramos de prote\u00edna de suero de leche pura al 100%, convirti\u00e9ndose en el alimento ideal para tus m\u00fasculos. Esta prote\u00edna de alto valor biol\u00f3gico proporciona todos los amino\u00e1cidos esenciales necesarios para garantizar una completa recuperaci\u00f3n y reparaci\u00f3n de los tejidos musculares.<\/p>\n","protected":false},"featured_media":6881,"template":"","meta":[],"product_brand":[150],"product_cat":[148],"product_tag":[],"class_list":{"0":"post-4666","1":"product","2":"type-product","3":"status-publish","4":"has-post-thumbnail","6":"product_brand-landerfit","7":"product_cat-suplementos","9":"first","10":"instock","11":"shipping-taxable","12":"purchasable","13":"product-type-simple"},"_links":{"self":[{"href":"https:\/\/farmaciadosul.com\/pt-br\/wp-json\/wp\/v2\/product\/4666","targetHints":{"allow":["GET"]}}],"collection":[{"href":"https:\/\/farmaciadosul.com\/pt-br\/wp-json\/wp\/v2\/product"}],"about":[{"href":"https:\/\/farmaciadosul.com\/pt-br\/wp-json\/wp\/v2\/types\/product"}],"version-history":[{"count":2,"href":"https:\/\/farmaciadosul.com\/pt-br\/wp-json\/wp\/v2\/product\/4666\/revisions"}],"predecessor-version":[{"id":6878,"href":"https:\/\/farmaciadosul.com\/pt-br\/wp-json\/wp\/v2\/product\/4666\/revisions\/6878"}],"wp:featuredmedia":[{"embeddable":true,"href":"https:\/\/farmaciadosul.com\/pt-br\/wp-json\/wp\/v2\/media\/6881"}],"wp:attachment":[{"href":"https:\/\/farmaciadosul.com\/pt-br\/wp-json\/wp\/v2\/media?parent=4666"}],"wp:term":[{"taxonomy":"product_brand","embeddable":true,"href":"https:\/\/farmaciadosul.com\/pt-br\/wp-json\/wp\/v2\/product_brand?post=4666"},{"taxonomy":"product_cat","embeddable":true,"href":"https:\/\/farmaciadosul.com\/pt-br\/wp-json\/wp\/v2\/product_cat?post=4666"},{"taxonomy":"product_tag","embeddable":true,"href":"https:\/\/farmaciadosul.com\/pt-br\/wp-json\/wp\/v2\/product_tag?post=4666"}],"curies":[{"name":"wp","href":"https:\/\/api.w.org\/{rel}","templated":true}]}}