{"id":4673,"date":"2026-01-30T19:40:24","date_gmt":"2026-01-30T19:40:24","guid":{"rendered":"https:\/\/farmaciadosul.com\/product\/multi-collagen-plus-cappuccino-flavo\/"},"modified":"2026-04-19T08:00:12","modified_gmt":"2026-04-19T08:00:12","slug":"multi-collagen-plus-cappuccino-flavo","status":"publish","type":"product","link":"https:\/\/farmaciadosul.com\/pt-br\/produto\/multi-collagen-plus-cappuccino-flavo\/","title":{"rendered":"MULTI COLLAGEN PLUS CAPPUCCINO FLAVO"},"content":{"rendered":"","protected":false},"excerpt":{"rendered":"<p>Multi Collagen Plus sabor Cappuccino de LanderFit es un suplemento en polvo dise\u00f1ado para mejorar la salud de la piel, cabello, u\u00f1as y articulaciones. Combina p\u00e9ptidos de col\u00e1geno hidrolizado con \u00e1cido hialur\u00f3nico, biotina y vitaminas C y E, ofreciendo una f\u00f3rmula antienvejecimiento de alta potencia y f\u00e1cil digesti\u00f3n con un sabor a caf\u00e9, libre de gluten y l\u00e1cteos.<\/p>\n","protected":false},"featured_media":6855,"template":"","meta":[],"product_brand":[150],"product_cat":[148],"product_tag":[],"class_list":{"0":"post-4673","1":"product","2":"type-product","3":"status-publish","4":"has-post-thumbnail","6":"product_brand-landerfit","7":"product_cat-suplementos","9":"first","10":"instock","11":"shipping-taxable","12":"purchasable","13":"product-type-simple"},"_links":{"self":[{"href":"https:\/\/farmaciadosul.com\/pt-br\/wp-json\/wp\/v2\/product\/4673","targetHints":{"allow":["GET"]}}],"collection":[{"href":"https:\/\/farmaciadosul.com\/pt-br\/wp-json\/wp\/v2\/product"}],"about":[{"href":"https:\/\/farmaciadosul.com\/pt-br\/wp-json\/wp\/v2\/types\/product"}],"version-history":[{"count":3,"href":"https:\/\/farmaciadosul.com\/pt-br\/wp-json\/wp\/v2\/product\/4673\/revisions"}],"predecessor-version":[{"id":6857,"href":"https:\/\/farmaciadosul.com\/pt-br\/wp-json\/wp\/v2\/product\/4673\/revisions\/6857"}],"wp:featuredmedia":[{"embeddable":true,"href":"https:\/\/farmaciadosul.com\/pt-br\/wp-json\/wp\/v2\/media\/6855"}],"wp:attachment":[{"href":"https:\/\/farmaciadosul.com\/pt-br\/wp-json\/wp\/v2\/media?parent=4673"}],"wp:term":[{"taxonomy":"product_brand","embeddable":true,"href":"https:\/\/farmaciadosul.com\/pt-br\/wp-json\/wp\/v2\/product_brand?post=4673"},{"taxonomy":"product_cat","embeddable":true,"href":"https:\/\/farmaciadosul.com\/pt-br\/wp-json\/wp\/v2\/product_cat?post=4673"},{"taxonomy":"product_tag","embeddable":true,"href":"https:\/\/farmaciadosul.com\/pt-br\/wp-json\/wp\/v2\/product_tag?post=4673"}],"curies":[{"name":"wp","href":"https:\/\/api.w.org\/{rel}","templated":true}]}}