{"id":4674,"date":"2026-01-30T19:40:25","date_gmt":"2026-01-30T19:40:25","guid":{"rendered":"https:\/\/farmaciadosul.com\/product\/multi-collagen-plus-hazelnut-cream\/"},"modified":"2026-04-19T10:30:10","modified_gmt":"2026-04-19T10:30:10","slug":"multi-collagen-plus-hazelnut-cream","status":"publish","type":"product","link":"https:\/\/farmaciadosul.com\/pt-br\/produto\/multi-collagen-plus-hazelnut-cream\/","title":{"rendered":"MULTI COLLAGEN PLUS HAZELNUT CREAM"},"content":{"rendered":"<div class=\"Y3BBE\" data-sfc-cp=\"\" data-hveid=\"CAIQAA\" data-processed=\"true\"><strong class=\"Yjhzub\" data-processed=\"true\">Caracter\u00edsticas Principales:<\/strong><\/div>\n<ul class=\"KsbFXc U6u95\" data-processed=\"true\">\n<li data-hveid=\"CAMQAA\" data-processed=\"true\"><span class=\"T286Pc\" data-sfc-cp=\"\" data-processed=\"true\"><strong class=\"Yjhzub\" data-processed=\"true\">F\u00f3rmula Integral:<\/strong> Combina varios tipos de col\u00e1geno (I, II, III, V, X) para beneficios antienvejecimiento y estructurales.<\/span><\/li>\n<li data-hveid=\"CAMQAQ\" data-processed=\"true\"><span class=\"T286Pc\" data-sfc-cp=\"\" data-processed=\"true\"><strong class=\"Yjhzub\" data-processed=\"true\">Ingredientes Activos:<\/strong> Contiene \u00e1cido hialur\u00f3nico (hidrataci\u00f3n), biotina (cabello\/u\u00f1as) y vitaminas antioxidantes.<\/span><\/li>\n<li data-hveid=\"CAMQAg\" data-processed=\"true\"><span class=\"T286Pc\" data-sfc-cp=\"\" data-processed=\"true\"><strong class=\"Yjhzub\" data-processed=\"true\">Sabor y Formato:<\/strong> Sabor Hazelnut Cream (crema de avellanas) en polvo, ideal para mezclar.<\/span><\/li>\n<li data-hveid=\"CAMQAw\" data-processed=\"true\"><span class=\"T286Pc\" data-sfc-cp=\"\" data-processed=\"true\"><strong class=\"Yjhzub\" data-processed=\"true\">Beneficios:<\/strong> Promueve piel firme, cabello fuerte, u\u00f1as resistentes y articulaciones flexibles.<\/span><\/li>\n<li data-hveid=\"CAMQBA\" data-processed=\"true\"><span class=\"T286Pc\" data-sfc-cp=\"\" data-processed=\"true\"><strong class=\"Yjhzub\" data-processed=\"true\">Uso:<\/strong> 30 servicios por envase (13.5 gramos por scoop).<\/span><span class=\"uJ19be notranslate\" data-wiz-uids=\"sMUaFb_14,sMUaFb_15\" data-processed=\"true\"><span class=\"vKEkVd\" data-animation-atomic=\"\" data-wiz-attrbind=\"class=sMUaFb_13\/TKHnVd\" data-processed=\"true\"><span aria-hidden=\"true\" data-processed=\"true\">\u00a0<\/span><\/span><\/span><\/li>\n<\/ul>\n<div class=\"Y3BBE\" data-sfc-cp=\"\" data-hveid=\"CAQQAA\" data-processed=\"true\">Este producto, ofrecido por marcas como LanderFit, est\u00e1 enfocado en el bienestar general y la belleza desde el interior.<span class=\"uJ19be notranslate\" data-wiz-uids=\"sMUaFb_1b,sMUaFb_1c\" data-processed=\"true\"><span class=\"vKEkVd\" data-animation-atomic=\"\" data-wiz-attrbind=\"class=sMUaFb_1a\/TKHnVd\" data-processed=\"true\"><span aria-hidden=\"true\" data-processed=\"true\">\u00a0<\/span><\/span><\/span><\/div>\n","protected":false},"excerpt":{"rendered":"<p>LanderFit Multi Collagen Plus en sabor Hazelnut Cream es un suplemento en polvo de 405g dise\u00f1ado para mejorar la salud de la piel, cabello, u\u00f1as y articulaciones. Esta f\u00f3rmula combina p\u00e9ptidos de col\u00e1geno hidrolizado con \u00e1cido hialur\u00f3nico, biotina, vitaminas C y E, ofreciendo 30 servicios con un sabor a crema de avellanas.<\/p>\n","protected":false},"featured_media":6852,"template":"","meta":[],"product_brand":[150],"product_cat":[148],"product_tag":[],"class_list":{"0":"post-4674","1":"product","2":"type-product","3":"status-publish","4":"has-post-thumbnail","6":"product_brand-landerfit","7":"product_cat-suplementos","9":"first","10":"instock","11":"shipping-taxable","12":"purchasable","13":"product-type-simple"},"_links":{"self":[{"href":"https:\/\/farmaciadosul.com\/pt-br\/wp-json\/wp\/v2\/product\/4674","targetHints":{"allow":["GET"]}}],"collection":[{"href":"https:\/\/farmaciadosul.com\/pt-br\/wp-json\/wp\/v2\/product"}],"about":[{"href":"https:\/\/farmaciadosul.com\/pt-br\/wp-json\/wp\/v2\/types\/product"}],"version-history":[{"count":3,"href":"https:\/\/farmaciadosul.com\/pt-br\/wp-json\/wp\/v2\/product\/4674\/revisions"}],"predecessor-version":[{"id":6851,"href":"https:\/\/farmaciadosul.com\/pt-br\/wp-json\/wp\/v2\/product\/4674\/revisions\/6851"}],"wp:featuredmedia":[{"embeddable":true,"href":"https:\/\/farmaciadosul.com\/pt-br\/wp-json\/wp\/v2\/media\/6852"}],"wp:attachment":[{"href":"https:\/\/farmaciadosul.com\/pt-br\/wp-json\/wp\/v2\/media?parent=4674"}],"wp:term":[{"taxonomy":"product_brand","embeddable":true,"href":"https:\/\/farmaciadosul.com\/pt-br\/wp-json\/wp\/v2\/product_brand?post=4674"},{"taxonomy":"product_cat","embeddable":true,"href":"https:\/\/farmaciadosul.com\/pt-br\/wp-json\/wp\/v2\/product_cat?post=4674"},{"taxonomy":"product_tag","embeddable":true,"href":"https:\/\/farmaciadosul.com\/pt-br\/wp-json\/wp\/v2\/product_tag?post=4674"}],"curies":[{"name":"wp","href":"https:\/\/api.w.org\/{rel}","templated":true}]}}