{"id":4675,"date":"2026-01-30T19:40:25","date_gmt":"2026-01-30T19:40:25","guid":{"rendered":"https:\/\/farmaciadosul.com\/product\/multi-collagen-plus-unflavored\/"},"modified":"2026-04-19T06:30:11","modified_gmt":"2026-04-19T06:30:11","slug":"multi-collagen-plus-unflavored","status":"publish","type":"product","link":"https:\/\/farmaciadosul.com\/pt-br\/produto\/multi-collagen-plus-unflavored\/","title":{"rendered":"MULTI COLLAGEN PLUS UNFLAVORED"},"content":{"rendered":"<div class=\"Y3BBE\" data-sfc-cp=\"\" data-hveid=\"CAIQAA\" data-processed=\"true\"><strong class=\"Yjhzub\" data-processed=\"true\">Caracter\u00edsticas y Beneficios Principales:<\/strong><\/div>\n<ul class=\"KsbFXc U6u95\" data-processed=\"true\">\n<li data-hveid=\"CAMQAA\" data-processed=\"true\"><span class=\"T286Pc\" data-sfc-cp=\"\" data-processed=\"true\"><strong class=\"Yjhzub\" data-processed=\"true\">F\u00f3rmula Integral:<\/strong> Contiene tipos I, II, III, V y X, brindando un apoyo equilibrado en todo el cuerpo.<\/span><\/li>\n<li data-hveid=\"CAMQAQ\" data-processed=\"true\"><span class=\"T286Pc\" data-sfc-cp=\"\" data-processed=\"true\"><strong class=\"Yjhzub\" data-processed=\"true\">Hidrolizado y Altamente Biodisponible:<\/strong> Dise\u00f1ado para una r\u00e1pida absorci\u00f3n.<\/span><\/li>\n<li data-hveid=\"CAMQAg\" data-processed=\"true\"><span class=\"T286Pc\" data-sfc-cp=\"\" data-processed=\"true\"><strong class=\"Yjhzub\" data-processed=\"true\">Sin Sabor (Unflavored):<\/strong> Vers\u00e1til para mezclar en caf\u00e9, batidos, agua o recetas sin cambiar el gusto.<\/span><\/li>\n<li data-hveid=\"CAMQAw\" data-processed=\"true\"><span class=\"T286Pc\" data-sfc-cp=\"\" data-processed=\"true\"><strong class=\"Yjhzub\" data-processed=\"true\">Apoyo Estructural:<\/strong> Promueve la elasticidad de la piel, la firmeza, la reducci\u00f3n de arrugas, as\u00ed como la fortaleza en articulaciones, tendones y huesos.<\/span><\/li>\n<li data-hveid=\"CAMQBA\" data-processed=\"true\"><span class=\"T286Pc\" data-sfc-cp=\"\" data-processed=\"true\"><strong class=\"Yjhzub\" data-processed=\"true\">Salud Digestiva:<\/strong> Contiene amino\u00e1cidos como glicina y glutamina que ayudan a fortalecer el tracto digestivo.<\/span><\/li>\n<li data-hveid=\"CAMQBQ\" data-processed=\"true\"><span class=\"T286Pc\" data-sfc-cp=\"\" data-processed=\"true\"><strong class=\"Yjhzub\" data-processed=\"true\">Calidad:<\/strong> Generalmente libre de gluten, sin OMG y compatible con dietas Keto\/Paleo.<\/span><span class=\"uJ19be notranslate\" data-wiz-uids=\"rEMsC_17,rEMsC_18\" data-processed=\"true\"><span class=\"vKEkVd\" data-animation-atomic=\"\" data-wiz-attrbind=\"class=rEMsC_16\/TKHnVd\" data-processed=\"true\"><span aria-hidden=\"true\" data-processed=\"true\">\u00a0<\/span><\/span><\/span><\/li>\n<\/ul>\n<div class=\"Y3BBE\" data-sfc-cp=\"\" data-hveid=\"CAQQAA\" data-processed=\"true\"><strong class=\"Yjhzub\" data-processed=\"true\">Uso:<\/strong> Una cucharada diaria es la medida est\u00e1ndar, la cual suele proporcionar alrededor de<\/p>\n<div data-xpm-copy-root=\"\" data-processed=\"true\"><img decoding=\"async\" role=\"presentation\" src=\"image\/gif;base64,R0lGODlhAQABAIAAAP\/\/\/wAAACH5BAEAAAAALAAAAAABAAEAAAICRAEAOw==\" aria-hidden=\"true\" data-xpm-latex=\"10\\text{g}\" data-imglogged=\"true\" data-aatf=\"4\" data-processed=\"true\" \/><\/div>\n<p>de prote\u00edna y col\u00e1geno.<span class=\"uJ19be notranslate\" data-wiz-uids=\"rEMsC_1i,rEMsC_1j\" data-processed=\"true\"><span class=\"vKEkVd\" data-animation-atomic=\"\" data-wiz-attrbind=\"class=rEMsC_1h\/TKHnVd\" data-processed=\"true\"><span aria-hidden=\"true\" data-processed=\"true\">\u00a0<\/span><\/span><\/span><\/div>\n<div class=\"Y3BBE\" data-sfc-cp=\"\" data-hveid=\"CAUQAA\" data-processed=\"true\"><em class=\"eujQNb\" data-processed=\"true\">Nota: Se recomienda consultar a un especialista antes de consumir suplementos diet\u00e9ticos.<\/em><span class=\"uJ19be notranslate\" data-wiz-uids=\"rEMsC_1o,rEMsC_1p\" data-processed=\"true\"><span class=\"vKEkVd\" data-animation-atomic=\"\" data-wiz-attrbind=\"class=rEMsC_1n\/TKHnVd\" data-processed=\"true\"><span aria-hidden=\"true\" data-processed=\"true\">\u00a0<\/span><\/span><\/span><\/div>\n","protected":false},"excerpt":{"rendered":"<p>El Multi Collagen Plus Unflavored \u00a0es un suplemento de p\u00e9ptidos de col\u00e1geno hidrolizado, inodoro e ins\u00edpido, dise\u00f1ado para disolverse f\u00e1cilmente en bebidas o alimentos. Proporciona m\u00faltiples tipos de col\u00e1geno (I, II, III, V, X) de fuentes bovinas, marinas, de pollo y de membrana de huevo, apoyando la salud de articulaciones, piel, cabello, u\u00f1as y sistema digestivo.<\/p>\n","protected":false},"featured_media":6847,"template":"","meta":[],"product_brand":[150],"product_cat":[148],"product_tag":[],"class_list":{"0":"post-4675","1":"product","2":"type-product","3":"status-publish","4":"has-post-thumbnail","6":"product_brand-landerfit","7":"product_cat-suplementos","9":"first","10":"instock","11":"shipping-taxable","12":"purchasable","13":"product-type-simple"},"_links":{"self":[{"href":"https:\/\/farmaciadosul.com\/pt-br\/wp-json\/wp\/v2\/product\/4675","targetHints":{"allow":["GET"]}}],"collection":[{"href":"https:\/\/farmaciadosul.com\/pt-br\/wp-json\/wp\/v2\/product"}],"about":[{"href":"https:\/\/farmaciadosul.com\/pt-br\/wp-json\/wp\/v2\/types\/product"}],"version-history":[{"count":4,"href":"https:\/\/farmaciadosul.com\/pt-br\/wp-json\/wp\/v2\/product\/4675\/revisions"}],"predecessor-version":[{"id":6858,"href":"https:\/\/farmaciadosul.com\/pt-br\/wp-json\/wp\/v2\/product\/4675\/revisions\/6858"}],"wp:featuredmedia":[{"embeddable":true,"href":"https:\/\/farmaciadosul.com\/pt-br\/wp-json\/wp\/v2\/media\/6847"}],"wp:attachment":[{"href":"https:\/\/farmaciadosul.com\/pt-br\/wp-json\/wp\/v2\/media?parent=4675"}],"wp:term":[{"taxonomy":"product_brand","embeddable":true,"href":"https:\/\/farmaciadosul.com\/pt-br\/wp-json\/wp\/v2\/product_brand?post=4675"},{"taxonomy":"product_cat","embeddable":true,"href":"https:\/\/farmaciadosul.com\/pt-br\/wp-json\/wp\/v2\/product_cat?post=4675"},{"taxonomy":"product_tag","embeddable":true,"href":"https:\/\/farmaciadosul.com\/pt-br\/wp-json\/wp\/v2\/product_tag?post=4675"}],"curies":[{"name":"wp","href":"https:\/\/api.w.org\/{rel}","templated":true}]}}