{"id":4677,"date":"2026-01-30T19:40:27","date_gmt":"2026-01-30T19:40:27","guid":{"rendered":"https:\/\/farmaciadosul.com\/product\/amino-revolution-fruit-punch\/"},"modified":"2026-04-19T07:30:11","modified_gmt":"2026-04-19T07:30:11","slug":"amino-revolution-fruit-punch","status":"publish","type":"product","link":"https:\/\/farmaciadosul.com\/pt-br\/produto\/amino-revolution-fruit-punch\/","title":{"rendered":"AMINO REVOLUTION FRUIT PUNCH"},"content":{"rendered":"<div class=\"Y3BBE\" data-sfc-cp=\"\" data-hveid=\"CAIQAA\" data-processed=\"true\"><strong class=\"Yjhzub\" data-processed=\"true\">Caracter\u00edsticas Principales:<\/strong><\/div>\n<ul class=\"KsbFXc U6u95\" data-processed=\"true\">\n<li data-hveid=\"CAMQAA\" data-processed=\"true\"><span class=\"T286Pc\" data-sfc-cp=\"\" data-processed=\"true\"><strong class=\"Yjhzub\" data-processed=\"true\">F\u00f3rmula Integral:<\/strong> Mezcla de amino\u00e1cidos esenciales (EAAs) y de cadena ramificada (BCAAs) para s\u00edntesis proteica.<\/span><\/li>\n<li data-hveid=\"CAMQAQ\" data-processed=\"true\"><span class=\"T286Pc\" data-sfc-cp=\"\" data-processed=\"true\"><strong class=\"Yjhzub\" data-processed=\"true\">Energ\u00eda y Enfoque:<\/strong> Contiene cafe\u00edna natural proveniente del caf\u00e9 verde.<\/span><\/li>\n<li data-hveid=\"CAMQAg\" data-processed=\"true\"><span class=\"T286Pc\" data-sfc-cp=\"\" data-processed=\"true\"><strong class=\"Yjhzub\" data-processed=\"true\">Hidrataci\u00f3n:<\/strong> Enriquecido con electrolitos para retrasar la fatiga y mejorar el rendimiento atl\u00e9tico.<\/span><\/li>\n<li data-hveid=\"CAMQAw\" data-processed=\"true\"><span class=\"T286Pc\" data-sfc-cp=\"\" data-processed=\"true\"><strong class=\"Yjhzub\" data-processed=\"true\">Uso:<\/strong> Diluir 1 scoop en 200 ml de agua.<\/span><\/li>\n<li data-hveid=\"CAMQBA\" data-processed=\"true\"><span class=\"T286Pc\" data-sfc-cp=\"\" data-processed=\"true\"><strong class=\"Yjhzub\" data-processed=\"true\">Sabor:<\/strong> Fruit Punch (Ponche de frutas).<\/span><\/li>\n<li data-hveid=\"CAMQBQ\" data-processed=\"true\"><span class=\"T286Pc\" data-sfc-cp=\"\" data-processed=\"true\"><strong class=\"Yjhzub\" data-processed=\"true\">Sin calor\u00edas:<\/strong> Ideal para controlar la ingesta cal\u00f3rica.<\/span><span class=\"uJ19be notranslate\" data-wiz-uids=\"NUnTCb_19,NUnTCb_1a\" data-processed=\"true\"><span class=\"vKEkVd\" data-animation-atomic=\"\" data-wiz-attrbind=\"class=NUnTCb_18\/TKHnVd\" data-processed=\"true\"><span aria-hidden=\"true\" data-processed=\"true\">\u00a0<\/span><\/span><\/span><\/li>\n<\/ul>\n<div class=\"Y3BBE\" data-sfc-cp=\"\" data-hveid=\"CAQQAA\" data-processed=\"true\">Este producto est\u00e1 destinado a adultos, preferentemente atletas, y se recomienda no exceder la dosis diaria recomendada.<span class=\"uJ19be notranslate\" data-wiz-uids=\"NUnTCb_1j,NUnTCb_1k\" data-processed=\"true\"><span class=\"vKEkVd\" data-animation-atomic=\"\" data-wiz-attrbind=\"class=NUnTCb_1i\/TKHnVd\" data-processed=\"true\"><span aria-hidden=\"true\" data-processed=\"true\">\u00a0<\/span><\/span><\/span><\/div>\n","protected":false},"excerpt":{"rendered":"<p>Amino Revolution Fruit Punch de LanderFit es un suplemento en polvo de 480g (30 servicios) dise\u00f1ado para mejorar el rendimiento, la hidrataci\u00f3n y la recuperaci\u00f3n muscular. Combina amino\u00e1cidos esenciales (EAA\/BCAA), cafe\u00edna natural y electrolitos para una energ\u00eda limpia y sostenida sin calor\u00edas, ideal para consumir antes, durante o despu\u00e9s del entrenamiento.<\/p>\n","protected":false},"featured_media":6836,"template":"","meta":[],"product_brand":[150],"product_cat":[148],"product_tag":[],"class_list":{"0":"post-4677","1":"product","2":"type-product","3":"status-publish","4":"has-post-thumbnail","6":"product_brand-landerfit","7":"product_cat-suplementos","9":"first","10":"instock","11":"shipping-taxable","12":"purchasable","13":"product-type-simple"},"_links":{"self":[{"href":"https:\/\/farmaciadosul.com\/pt-br\/wp-json\/wp\/v2\/product\/4677","targetHints":{"allow":["GET"]}}],"collection":[{"href":"https:\/\/farmaciadosul.com\/pt-br\/wp-json\/wp\/v2\/product"}],"about":[{"href":"https:\/\/farmaciadosul.com\/pt-br\/wp-json\/wp\/v2\/types\/product"}],"version-history":[{"count":2,"href":"https:\/\/farmaciadosul.com\/pt-br\/wp-json\/wp\/v2\/product\/4677\/revisions"}],"predecessor-version":[{"id":6838,"href":"https:\/\/farmaciadosul.com\/pt-br\/wp-json\/wp\/v2\/product\/4677\/revisions\/6838"}],"wp:featuredmedia":[{"embeddable":true,"href":"https:\/\/farmaciadosul.com\/pt-br\/wp-json\/wp\/v2\/media\/6836"}],"wp:attachment":[{"href":"https:\/\/farmaciadosul.com\/pt-br\/wp-json\/wp\/v2\/media?parent=4677"}],"wp:term":[{"taxonomy":"product_brand","embeddable":true,"href":"https:\/\/farmaciadosul.com\/pt-br\/wp-json\/wp\/v2\/product_brand?post=4677"},{"taxonomy":"product_cat","embeddable":true,"href":"https:\/\/farmaciadosul.com\/pt-br\/wp-json\/wp\/v2\/product_cat?post=4677"},{"taxonomy":"product_tag","embeddable":true,"href":"https:\/\/farmaciadosul.com\/pt-br\/wp-json\/wp\/v2\/product_tag?post=4677"}],"curies":[{"name":"wp","href":"https:\/\/api.w.org\/{rel}","templated":true}]}}