{"id":4678,"date":"2026-01-30T19:40:27","date_gmt":"2026-01-30T19:40:27","guid":{"rendered":"https:\/\/farmaciadosul.com\/product\/amino-revolution-grape\/"},"modified":"2026-04-19T06:00:12","modified_gmt":"2026-04-19T06:00:12","slug":"amino-revolution-grape","status":"publish","type":"product","link":"https:\/\/farmaciadosul.com\/pt-br\/produto\/amino-revolution-grape\/","title":{"rendered":"AMINO REVOLUTION GRAPE"},"content":{"rendered":"<h4><strong>Modo de uso<\/strong><\/h4>\n<ul>\n<li>Diluir 1 scoop entre 200ml de agua. Puede consumirse antes, durante o despu\u00e9s del entrenamiento.<\/li>\n<\/ul>\n<h4><strong>Advertencia<\/strong><\/h4>\n<ul>\n<li>Este producto no est\u00e1 destinado para diagnosticar, tratar, curar o prevenir ninguna enfermedad, y no suple una alimentaci\u00f3n equilibrada.<\/li>\n<li>Consulte con su m\u00e9dico antes de usar si usted est\u00e1 embarazada, amamantando, tomando cualquier medicaci\u00f3n o tiene alguna condici\u00f3n m\u00e9dica.<\/li>\n<li>Mantener a temperatura ambiente controlada (15 \u2013 30) \u02daC, en un lugar seco.<\/li>\n<li>Mantener fuera del alcance de los ni\u00f1os.<\/li>\n<\/ul>\n<h4><strong>Presentaci\u00f3n<\/strong><\/h4>\n<ul>\n<li>480 gramos, 30 servicios (16 gramos por scoop).<\/li>\n<\/ul>\n","protected":false},"excerpt":{"rendered":"<p>El Amino Revolution de LanderFit es el mejor amino\u00e1cido del mercado ya que provee una completa formula de amino\u00e1cidos con el fin de potenciar el rendimiento y la recuperaci\u00f3n muscular.<br \/>\nEntre sus ingredientes posee todos los amino\u00e1cidos esenciales necesarios para la s\u00edntesis proteica y no aporta calor\u00edas. Adem\u00e1s contiene cafe\u00edna derivada de fuentes naturales como el caf\u00e9 verde para dar energ\u00eda limpia y duradera. Para asegurar el mayor rendimiento posee una mezcla de electrolitos que favorecen la hidrataci\u00f3n, lo que contribuye a retrasar la fatiga.<\/p>\n","protected":false},"featured_media":6833,"template":"","meta":[],"product_brand":[150],"product_cat":[148],"product_tag":[],"class_list":{"0":"post-4678","1":"product","2":"type-product","3":"status-publish","4":"has-post-thumbnail","6":"product_brand-landerfit","7":"product_cat-suplementos","9":"first","10":"instock","11":"shipping-taxable","12":"purchasable","13":"product-type-simple"},"_links":{"self":[{"href":"https:\/\/farmaciadosul.com\/pt-br\/wp-json\/wp\/v2\/product\/4678","targetHints":{"allow":["GET"]}}],"collection":[{"href":"https:\/\/farmaciadosul.com\/pt-br\/wp-json\/wp\/v2\/product"}],"about":[{"href":"https:\/\/farmaciadosul.com\/pt-br\/wp-json\/wp\/v2\/types\/product"}],"version-history":[{"count":2,"href":"https:\/\/farmaciadosul.com\/pt-br\/wp-json\/wp\/v2\/product\/4678\/revisions"}],"predecessor-version":[{"id":6835,"href":"https:\/\/farmaciadosul.com\/pt-br\/wp-json\/wp\/v2\/product\/4678\/revisions\/6835"}],"wp:featuredmedia":[{"embeddable":true,"href":"https:\/\/farmaciadosul.com\/pt-br\/wp-json\/wp\/v2\/media\/6833"}],"wp:attachment":[{"href":"https:\/\/farmaciadosul.com\/pt-br\/wp-json\/wp\/v2\/media?parent=4678"}],"wp:term":[{"taxonomy":"product_brand","embeddable":true,"href":"https:\/\/farmaciadosul.com\/pt-br\/wp-json\/wp\/v2\/product_brand?post=4678"},{"taxonomy":"product_cat","embeddable":true,"href":"https:\/\/farmaciadosul.com\/pt-br\/wp-json\/wp\/v2\/product_cat?post=4678"},{"taxonomy":"product_tag","embeddable":true,"href":"https:\/\/farmaciadosul.com\/pt-br\/wp-json\/wp\/v2\/product_tag?post=4678"}],"curies":[{"name":"wp","href":"https:\/\/api.w.org\/{rel}","templated":true}]}}