{"id":4680,"date":"2026-01-30T19:40:29","date_gmt":"2026-01-30T19:40:29","guid":{"rendered":"https:\/\/farmaciadosul.com\/product\/citrato-de-magnesio-400mg\/"},"modified":"2026-04-19T09:00:12","modified_gmt":"2026-04-19T09:00:12","slug":"citrato-de-magnesio-400mg","status":"publish","type":"product","link":"https:\/\/farmaciadosul.com\/pt-br\/produto\/citrato-de-magnesio-400mg\/","title":{"rendered":"CITRATO DE MAGNESIO 400MG"},"content":{"rendered":"<div id=\"primary\" class=\"content-area\">\n<div id=\"product-21244\" class=\"single-product-type-horizontal product type-product post-21244 status-publish first instock product_cat-lanzamientos-2025 product_cat-linea-plateada product_cat-salud_y_bienestar product_cat-wellness product_tag-d product_tag-d3 product_tag-salud product_tag-softgels product_tag-vitamina product_tag-wellness has-post-thumbnail taxable shipping-taxable purchasable product-type-simple\">\n<div class=\"woocommerce-tabs wc-tabs-wrapper\">\n<div id=\"tab-description\" class=\"woocommerce-Tabs-panel woocommerce-Tabs-panel--description panel entry-content wc-tab\" role=\"tabpanel\" aria-labelledby=\"tab-title-description\">\n<div id=\"primary\" class=\"content-area\"><strong>Presentaci\u00f3n: 120 c\u00e1psulas (1 c\u00e1psula por servicio).<\/strong><strong>Modo de uso: Como suplemento diet\u00e9tico tomar 1 c\u00e1psula al d\u00eda, preferiblemente con las comidas. Como recordatorio, consulte con su m\u00e9dico sobre los suplementos y medicamentos que consume.<\/strong><\/div>\n<\/div>\n<\/div>\n<\/div>\n<p>&nbsp;<\/p>\n<\/div>\n","protected":false},"excerpt":{"rendered":"<p><strong>El citrato de magnesio es una sal org\u00e1nica soluble que se forma al combinar el magnesio con el \u00e1cido c\u00edtrico. Posee un efecto laxante, por lo cual puede<\/strong><br \/>\n<strong>ser utilizado para el tratamiento del estre\u00f1imiento. Aumenta el n\u00famero de deposiciones y suaviza las heces para que sean expulsadas con mayor facilidad. Adem\u00e1s, el citrato de magnesio favorece a la mejor\u00eda del estado de \u00e1nimo, disminuir el estr\u00e9s y a conciliar el sue\u00f1o. Mejora el tr\u00e1nsito intestinal, mejora la funci\u00f3n muscular y nerviosa, apoya la salud \u00f3sea.<\/strong><\/p>\n<div id=\"product-21244\" class=\"single-product-type-horizontal product type-product post-21244 status-publish first instock product_cat-lanzamientos-2025 product_cat-linea-plateada product_cat-salud_y_bienestar product_cat-wellness product_tag-d product_tag-d3 product_tag-salud product_tag-softgels product_tag-vitamina product_tag-wellness has-post-thumbnail taxable shipping-taxable purchasable product-type-simple\">\n<div class=\"woocommerce-tabs wc-tabs-wrapper\">\n<p id=\"tab-description\" class=\"woocommerce-Tabs-panel woocommerce-Tabs-panel--description panel entry-content wc-tab\" role=\"tabpanel\" aria-labelledby=\"tab-title-description\">\n<\/div>\n<\/div>\n","protected":false},"featured_media":6817,"template":"","meta":[],"product_brand":[150],"product_cat":[148],"product_tag":[],"class_list":{"0":"post-4680","1":"product","2":"type-product","3":"status-publish","4":"has-post-thumbnail","6":"product_brand-landerfit","7":"product_cat-suplementos","9":"first","10":"instock","11":"shipping-taxable","12":"purchasable","13":"product-type-simple"},"_links":{"self":[{"href":"https:\/\/farmaciadosul.com\/pt-br\/wp-json\/wp\/v2\/product\/4680","targetHints":{"allow":["GET"]}}],"collection":[{"href":"https:\/\/farmaciadosul.com\/pt-br\/wp-json\/wp\/v2\/product"}],"about":[{"href":"https:\/\/farmaciadosul.com\/pt-br\/wp-json\/wp\/v2\/types\/product"}],"version-history":[{"count":6,"href":"https:\/\/farmaciadosul.com\/pt-br\/wp-json\/wp\/v2\/product\/4680\/revisions"}],"predecessor-version":[{"id":6823,"href":"https:\/\/farmaciadosul.com\/pt-br\/wp-json\/wp\/v2\/product\/4680\/revisions\/6823"}],"wp:featuredmedia":[{"embeddable":true,"href":"https:\/\/farmaciadosul.com\/pt-br\/wp-json\/wp\/v2\/media\/6817"}],"wp:attachment":[{"href":"https:\/\/farmaciadosul.com\/pt-br\/wp-json\/wp\/v2\/media?parent=4680"}],"wp:term":[{"taxonomy":"product_brand","embeddable":true,"href":"https:\/\/farmaciadosul.com\/pt-br\/wp-json\/wp\/v2\/product_brand?post=4680"},{"taxonomy":"product_cat","embeddable":true,"href":"https:\/\/farmaciadosul.com\/pt-br\/wp-json\/wp\/v2\/product_cat?post=4680"},{"taxonomy":"product_tag","embeddable":true,"href":"https:\/\/farmaciadosul.com\/pt-br\/wp-json\/wp\/v2\/product_tag?post=4680"}],"curies":[{"name":"wp","href":"https:\/\/api.w.org\/{rel}","templated":true}]}}