{"id":4681,"date":"2026-01-30T19:40:30","date_gmt":"2026-01-30T19:40:30","guid":{"rendered":"https:\/\/farmaciadosul.com\/product\/creatina-1kg-br\/"},"modified":"2026-04-21T11:30:13","modified_gmt":"2026-04-21T11:30:13","slug":"creatina-1kg-br","status":"publish","type":"product","link":"https:\/\/farmaciadosul.com\/pt-br\/produto\/creatina-1kg-br\/","title":{"rendered":"CREATINA 1KG BR"},"content":{"rendered":"<p class=\"lh-copy landerfit-product-data-2-x-paragraph landerfit-product-data-2-x-paragraph--page-product-description\"><strong>Creatina LanderFit <\/strong>es un complemento alimenticio que est\u00e1 directamente relacionado con el principal dep\u00f3sito de energ\u00eda que necesita el tejido para llevar a cabo las contracciones musculares con el m\u00e1ximo nivel de fuerza.<\/p>\n<p class=\"lh-copy landerfit-product-data-2-x-paragraph landerfit-product-data-2-x-paragraph--page-product-description\">La Creatina de LanderFit est\u00e1 compuesta por monohidrato de creatina pura y cuenta con tecnolog\u00eda micronizada para una m\u00e1xima filtraci\u00f3n, proceso que asegura una mayor pureza y una mejor absorci\u00f3n por parte de los m\u00fasculos.<\/p>\n<p class=\"lh-copy landerfit-product-data-2-x-paragraph landerfit-product-data-2-x-paragraph--page-product-description\"><strong>Presentaci\u00f3n:<\/strong> 1 KG (3 gramos por scoop, rinde 333 servicios).<\/p>\n<p class=\"lh-copy landerfit-product-data-2-x-paragraph landerfit-product-data-2-x-paragraph--page-product-description\"><strong>Modo de uso:<\/strong>\u00a03-5 gramos al d\u00eda en 200ml de agua. Puede consumirse 15 a 20 minutos antes o despu\u00e9s de entrenar.<\/p>\n","protected":false},"excerpt":{"rendered":"<p>Creatine LanderFit est\u00e1 compuesta por monohidrato de creatina pura y cuenta con tecnolog\u00eda micronizada para una m\u00e1xima filtraci\u00f3n, proceso que asegura una mayor pureza y una mejor absorci\u00f3n por parte de los m\u00fasculos.<\/p>\n","protected":false},"featured_media":6808,"template":"","meta":[],"product_brand":[150],"product_cat":[148],"product_tag":[],"class_list":{"0":"post-4681","1":"product","2":"type-product","3":"status-publish","4":"has-post-thumbnail","6":"product_brand-landerfit","7":"product_cat-suplementos","9":"first","10":"instock","11":"shipping-taxable","12":"purchasable","13":"product-type-simple"},"_links":{"self":[{"href":"https:\/\/farmaciadosul.com\/pt-br\/wp-json\/wp\/v2\/product\/4681","targetHints":{"allow":["GET"]}}],"collection":[{"href":"https:\/\/farmaciadosul.com\/pt-br\/wp-json\/wp\/v2\/product"}],"about":[{"href":"https:\/\/farmaciadosul.com\/pt-br\/wp-json\/wp\/v2\/types\/product"}],"version-history":[{"count":3,"href":"https:\/\/farmaciadosul.com\/pt-br\/wp-json\/wp\/v2\/product\/4681\/revisions"}],"predecessor-version":[{"id":6812,"href":"https:\/\/farmaciadosul.com\/pt-br\/wp-json\/wp\/v2\/product\/4681\/revisions\/6812"}],"wp:featuredmedia":[{"embeddable":true,"href":"https:\/\/farmaciadosul.com\/pt-br\/wp-json\/wp\/v2\/media\/6808"}],"wp:attachment":[{"href":"https:\/\/farmaciadosul.com\/pt-br\/wp-json\/wp\/v2\/media?parent=4681"}],"wp:term":[{"taxonomy":"product_brand","embeddable":true,"href":"https:\/\/farmaciadosul.com\/pt-br\/wp-json\/wp\/v2\/product_brand?post=4681"},{"taxonomy":"product_cat","embeddable":true,"href":"https:\/\/farmaciadosul.com\/pt-br\/wp-json\/wp\/v2\/product_cat?post=4681"},{"taxonomy":"product_tag","embeddable":true,"href":"https:\/\/farmaciadosul.com\/pt-br\/wp-json\/wp\/v2\/product_tag?post=4681"}],"curies":[{"name":"wp","href":"https:\/\/api.w.org\/{rel}","templated":true}]}}