{"id":4682,"date":"2026-01-30T19:40:30","date_gmt":"2026-01-30T19:40:30","guid":{"rendered":"https:\/\/farmaciadosul.com\/product\/creatine-300gr\/"},"modified":"2026-04-19T09:30:12","modified_gmt":"2026-04-19T09:30:12","slug":"creatine-300gr","status":"publish","type":"product","link":"https:\/\/farmaciadosul.com\/pt-br\/produto\/creatine-300gr\/","title":{"rendered":"CREATINE 300GR"},"content":{"rendered":"<p>La <strong>Creatina<\/strong> de <strong>LanderFit<\/strong> es por excelencia el suplemento para aumentar la fuerza y retrasar la fatiga. Es la elegida por aquellos que buscan un suplemento de la mejor calidad. La creatina es uno de los suplementos m\u00e1s estudiados y m\u00e1s efectivos. Cuando es consumida conjuntamente con un plan de ejercicios aumentan las reservas de creatina a nivel muscular. Esto nos lleva a retrasar la aparici\u00f3n de la fatiga y a potenciar nuestro gesto explosivo. M\u00e1s creatina dentro de los m\u00fasculos tambi\u00e9n aumenta la voluminizaci\u00f3n celular lo que ayuda en el largo plazo a mejorar nuestra masa muscular.<\/p>\n<p><strong>\u00bfQui\u00e9nes se benefician del consumo de creatina?<\/strong><br \/>\nAquellos deportistas que realizan actividades o deportes explosivos o de corta duraci\u00f3n como el levantamiento de pesas, powerlifting, fisiculturismo, crossfit, tenis, squash, deportes de equipo como el rugby, b\u00e1squetbol, f\u00fatbol.<\/p>\n<p><strong>Presentaci\u00f3n:<\/strong> 300 gramos (3 gramos por scoop, rinde 100 servicios).<\/p>\n<p><strong>Modo de uso:<\/strong> 3-5 gramos al d\u00eda en 200ml de agua. Puede consumirse 15 a 20 minutos antes o despu\u00e9s de entrenar;\u00a0 tambi\u00e9n puede ser a\u00f1adido a los batidos de prote\u00ednas.<\/p>\n","protected":false},"excerpt":{"rendered":"<p>LanderFit Creatine est\u00e1 dise\u00f1ado para mejorar la capacidad anaer\u00f3bica y acelerar la recuperaci\u00f3n despu\u00e9s del ejercicio intenso. Ayuda a maximizar la energ\u00eda y la fuerza para promover el aumento de masa muscular.\u00a0 Landerfit Creatine es el suplemento que necesita para llevar su entrenamiento al siguiente nivel.<\/p>\n","protected":false},"featured_media":6814,"template":"","meta":[],"product_brand":[150],"product_cat":[148],"product_tag":[],"class_list":{"0":"post-4682","1":"product","2":"type-product","3":"status-publish","4":"has-post-thumbnail","6":"product_brand-landerfit","7":"product_cat-suplementos","9":"first","10":"instock","11":"shipping-taxable","12":"purchasable","13":"product-type-simple"},"_links":{"self":[{"href":"https:\/\/farmaciadosul.com\/pt-br\/wp-json\/wp\/v2\/product\/4682","targetHints":{"allow":["GET"]}}],"collection":[{"href":"https:\/\/farmaciadosul.com\/pt-br\/wp-json\/wp\/v2\/product"}],"about":[{"href":"https:\/\/farmaciadosul.com\/pt-br\/wp-json\/wp\/v2\/types\/product"}],"version-history":[{"count":3,"href":"https:\/\/farmaciadosul.com\/pt-br\/wp-json\/wp\/v2\/product\/4682\/revisions"}],"predecessor-version":[{"id":6816,"href":"https:\/\/farmaciadosul.com\/pt-br\/wp-json\/wp\/v2\/product\/4682\/revisions\/6816"}],"wp:featuredmedia":[{"embeddable":true,"href":"https:\/\/farmaciadosul.com\/pt-br\/wp-json\/wp\/v2\/media\/6814"}],"wp:attachment":[{"href":"https:\/\/farmaciadosul.com\/pt-br\/wp-json\/wp\/v2\/media?parent=4682"}],"wp:term":[{"taxonomy":"product_brand","embeddable":true,"href":"https:\/\/farmaciadosul.com\/pt-br\/wp-json\/wp\/v2\/product_brand?post=4682"},{"taxonomy":"product_cat","embeddable":true,"href":"https:\/\/farmaciadosul.com\/pt-br\/wp-json\/wp\/v2\/product_cat?post=4682"},{"taxonomy":"product_tag","embeddable":true,"href":"https:\/\/farmaciadosul.com\/pt-br\/wp-json\/wp\/v2\/product_tag?post=4682"}],"curies":[{"name":"wp","href":"https:\/\/api.w.org\/{rel}","templated":true}]}}