{"id":4683,"date":"2026-01-30T19:40:31","date_gmt":"2026-01-30T19:40:31","guid":{"rendered":"https:\/\/farmaciadosul.com\/product\/crokwhey-sabor-brigadeiro\/"},"modified":"2026-04-19T09:00:12","modified_gmt":"2026-04-19T09:00:12","slug":"crokwhey-sabor-brigadeiro","status":"publish","type":"product","link":"https:\/\/farmaciadosul.com\/pt-br\/produto\/crokwhey-sabor-brigadeiro\/","title":{"rendered":"CROKWHEY SABOR BRIGADEIRO"},"content":{"rendered":"<h4><strong>Uso sugerido:<\/strong> Puede ser consumido en cualquier momento del d\u00eda como snack, para antes o despu\u00e9s de entrenar.<br \/>\n<strong>Advertencia:<\/strong> Cntiene derivados de leche, huevo y soja. Puede contener man\u00ed y avellanas<\/h4>\n","protected":false},"excerpt":{"rendered":"<p>CrokWhey de Landerfit es el complemento alimenticio proteico tipo alfajor con cobertura sabor chocolate.<\/p>\n<p>Posee prote\u00ednas a base de suero de leche concentrada con un adicional de col\u00e1geno hidrolizado. Incrementa la energ\u00eda y es libre de gluten y az\u00facares.<\/p>\n<h4><\/h4>\n","protected":false},"featured_media":6799,"template":"","meta":[],"product_brand":[150],"product_cat":[148],"product_tag":[],"class_list":{"0":"post-4683","1":"product","2":"type-product","3":"status-publish","4":"has-post-thumbnail","6":"product_brand-landerfit","7":"product_cat-suplementos","9":"first","10":"instock","11":"shipping-taxable","12":"purchasable","13":"product-type-simple"},"_links":{"self":[{"href":"https:\/\/farmaciadosul.com\/pt-br\/wp-json\/wp\/v2\/product\/4683","targetHints":{"allow":["GET"]}}],"collection":[{"href":"https:\/\/farmaciadosul.com\/pt-br\/wp-json\/wp\/v2\/product"}],"about":[{"href":"https:\/\/farmaciadosul.com\/pt-br\/wp-json\/wp\/v2\/types\/product"}],"version-history":[{"count":2,"href":"https:\/\/farmaciadosul.com\/pt-br\/wp-json\/wp\/v2\/product\/4683\/revisions"}],"predecessor-version":[{"id":6801,"href":"https:\/\/farmaciadosul.com\/pt-br\/wp-json\/wp\/v2\/product\/4683\/revisions\/6801"}],"wp:featuredmedia":[{"embeddable":true,"href":"https:\/\/farmaciadosul.com\/pt-br\/wp-json\/wp\/v2\/media\/6799"}],"wp:attachment":[{"href":"https:\/\/farmaciadosul.com\/pt-br\/wp-json\/wp\/v2\/media?parent=4683"}],"wp:term":[{"taxonomy":"product_brand","embeddable":true,"href":"https:\/\/farmaciadosul.com\/pt-br\/wp-json\/wp\/v2\/product_brand?post=4683"},{"taxonomy":"product_cat","embeddable":true,"href":"https:\/\/farmaciadosul.com\/pt-br\/wp-json\/wp\/v2\/product_cat?post=4683"},{"taxonomy":"product_tag","embeddable":true,"href":"https:\/\/farmaciadosul.com\/pt-br\/wp-json\/wp\/v2\/product_tag?post=4683"}],"curies":[{"name":"wp","href":"https:\/\/api.w.org\/{rel}","templated":true}]}}