{"id":4685,"date":"2026-01-30T19:40:32","date_gmt":"2026-01-30T19:40:32","guid":{"rendered":"https:\/\/farmaciadosul.com\/product\/hidrolyzed-collagen-405-g-orange\/"},"modified":"2026-04-19T09:00:12","modified_gmt":"2026-04-19T09:00:12","slug":"hidrolyzed-collagen-405-g-orange","status":"publish","type":"product","link":"https:\/\/farmaciadosul.com\/pt-br\/produto\/hidrolyzed-collagen-405-g-orange\/","title":{"rendered":"HYDROLYZED COLLAGEN"},"content":{"rendered":"<p>El \u00e1cido hialur\u00f3nico es una sustancia que se utiliza para mejorar el aspecto de la piel y curar el dolor de determinadas enfermedades como la artritis.<br \/>\nEs un componente b\u00e1sico de las c\u00e9lulas d\u00e9rmicas y tambi\u00e9n un componente de las estructuras de tejidos duros como cart\u00edlagos y articulaciones, por lo que tambi\u00e9n es muy utilizado en el proceso de reparaci\u00f3n de da\u00f1os.<\/p>\n<p><strong>Col\u00e1geno<\/strong><br \/>\nLo encontr\u00e9 esparcido en diferentes \u00f3rganos y tejidos.<br \/>\nDesempe\u00f1a un papel importante en la regeneraci\u00f3n de tejidos. Cart\u00edlago, hueso, piel y tejido conectivo.<br \/>\n<strong>Col\u00e1geno hidrolizado<\/strong><br \/>\nEl col\u00e1geno se somete a un proceso de hidr\u00f3lisis enzim\u00e1tica para ayudar a su digesti\u00f3n y posterior absorci\u00f3n en el intestino, para que nuestro organismo pueda aprovecharlo al m\u00e1ximo.<br \/>\nFunci\u00f3n de estructura<br \/>\nHuesos y tendones de la piel<br \/>\nDespu\u00e9s de los 25 a\u00f1os, la producci\u00f3n de col\u00e1geno disminuir\u00e1, lo que afectar\u00e1 la elasticidad de la piel.<br \/>\nRelacionado con la vitamina C que ayuda a la s\u00edntesis de col\u00e1geno<\/p>\n<p><strong>C\u00f3mo Utilizar: <\/strong>10g tipo 1 y 3 al d\u00eda.<\/p>\n","protected":false},"excerpt":{"rendered":"<p>Se agreg\u00f3 nuestra estrella de l\u00ednea blanca.<br \/>\nCompuesto por 3 componentes, estos componentes mejorar\u00e1n la funci\u00f3n cuando se combinen.<br \/>\n\u00c1cido hialur\u00f3nico, col\u00e1geno hidrolizado tipo I y III y vitamina C.<br \/>\n\u00c1cido hialur\u00f3nico<\/p>\n","protected":false},"featured_media":6790,"template":"","meta":[],"product_brand":[150],"product_cat":[148],"product_tag":[],"class_list":{"0":"post-4685","1":"product","2":"type-product","3":"status-publish","4":"has-post-thumbnail","6":"product_brand-landerfit","7":"product_cat-suplementos","9":"first","10":"instock","11":"shipping-taxable","12":"purchasable","13":"product-type-simple"},"_links":{"self":[{"href":"https:\/\/farmaciadosul.com\/pt-br\/wp-json\/wp\/v2\/product\/4685","targetHints":{"allow":["GET"]}}],"collection":[{"href":"https:\/\/farmaciadosul.com\/pt-br\/wp-json\/wp\/v2\/product"}],"about":[{"href":"https:\/\/farmaciadosul.com\/pt-br\/wp-json\/wp\/v2\/types\/product"}],"version-history":[{"count":4,"href":"https:\/\/farmaciadosul.com\/pt-br\/wp-json\/wp\/v2\/product\/4685\/revisions"}],"predecessor-version":[{"id":7539,"href":"https:\/\/farmaciadosul.com\/pt-br\/wp-json\/wp\/v2\/product\/4685\/revisions\/7539"}],"wp:featuredmedia":[{"embeddable":true,"href":"https:\/\/farmaciadosul.com\/pt-br\/wp-json\/wp\/v2\/media\/6790"}],"wp:attachment":[{"href":"https:\/\/farmaciadosul.com\/pt-br\/wp-json\/wp\/v2\/media?parent=4685"}],"wp:term":[{"taxonomy":"product_brand","embeddable":true,"href":"https:\/\/farmaciadosul.com\/pt-br\/wp-json\/wp\/v2\/product_brand?post=4685"},{"taxonomy":"product_cat","embeddable":true,"href":"https:\/\/farmaciadosul.com\/pt-br\/wp-json\/wp\/v2\/product_cat?post=4685"},{"taxonomy":"product_tag","embeddable":true,"href":"https:\/\/farmaciadosul.com\/pt-br\/wp-json\/wp\/v2\/product_tag?post=4685"}],"curies":[{"name":"wp","href":"https:\/\/api.w.org\/{rel}","templated":true}]}}