{"id":4686,"date":"2026-01-30T19:40:34","date_gmt":"2026-01-30T19:40:34","guid":{"rendered":"https:\/\/farmaciadosul.com\/product\/hidrolyzed-collagen-lemon-lime-405\/"},"modified":"2026-04-19T09:30:13","modified_gmt":"2026-04-19T09:30:13","slug":"hidrolyzed-collagen-lemon-lime-405","status":"publish","type":"product","link":"https:\/\/farmaciadosul.com\/pt-br\/produto\/hidrolyzed-collagen-lemon-lime-405\/","title":{"rendered":"HIDROLYZED COLLAGEN LEMON LIME 405"},"content":{"rendered":"","protected":false},"excerpt":{"rendered":"<p>El col\u00e1geno Landerfit Hidrolyzed Collagen est\u00e1 formado por 3 componentes que act\u00faan potenciados al estar combinados. El \u00e1cido hialur\u00f3nico, el col\u00e1geno hidrolizado tipo I, III y la vitamina C. El col\u00e1geno se somete a un proceso de hidr\u00f3lisis enzim\u00e1tica, por el cual se facilita su digesti\u00f3n y su posterior absorci\u00f3n en el intestino, permitiendo que nuestro organismo se aproveche de \u00e9l en su totalidad. Ayuda a fortalecer los huesos y tendones, tambi\u00e9n ayuda a la elasticidad de la piel.<\/p>\n","protected":false},"featured_media":6781,"template":"","meta":[],"product_brand":[150],"product_cat":[148],"product_tag":[],"class_list":{"0":"post-4686","1":"product","2":"type-product","3":"status-publish","4":"has-post-thumbnail","6":"product_brand-landerfit","7":"product_cat-suplementos","9":"first","10":"instock","11":"shipping-taxable","12":"purchasable","13":"product-type-simple"},"_links":{"self":[{"href":"https:\/\/farmaciadosul.com\/pt-br\/wp-json\/wp\/v2\/product\/4686","targetHints":{"allow":["GET"]}}],"collection":[{"href":"https:\/\/farmaciadosul.com\/pt-br\/wp-json\/wp\/v2\/product"}],"about":[{"href":"https:\/\/farmaciadosul.com\/pt-br\/wp-json\/wp\/v2\/types\/product"}],"version-history":[{"count":2,"href":"https:\/\/farmaciadosul.com\/pt-br\/wp-json\/wp\/v2\/product\/4686\/revisions"}],"predecessor-version":[{"id":6783,"href":"https:\/\/farmaciadosul.com\/pt-br\/wp-json\/wp\/v2\/product\/4686\/revisions\/6783"}],"wp:featuredmedia":[{"embeddable":true,"href":"https:\/\/farmaciadosul.com\/pt-br\/wp-json\/wp\/v2\/media\/6781"}],"wp:attachment":[{"href":"https:\/\/farmaciadosul.com\/pt-br\/wp-json\/wp\/v2\/media?parent=4686"}],"wp:term":[{"taxonomy":"product_brand","embeddable":true,"href":"https:\/\/farmaciadosul.com\/pt-br\/wp-json\/wp\/v2\/product_brand?post=4686"},{"taxonomy":"product_cat","embeddable":true,"href":"https:\/\/farmaciadosul.com\/pt-br\/wp-json\/wp\/v2\/product_cat?post=4686"},{"taxonomy":"product_tag","embeddable":true,"href":"https:\/\/farmaciadosul.com\/pt-br\/wp-json\/wp\/v2\/product_tag?post=4686"}],"curies":[{"name":"wp","href":"https:\/\/api.w.org\/{rel}","templated":true}]}}