{"id":4687,"date":"2026-01-30T19:40:34","date_gmt":"2026-01-30T19:40:34","guid":{"rendered":"https:\/\/farmaciadosul.com\/product\/hidrolyzed-collagen-180-caps\/"},"modified":"2026-04-14T17:30:13","modified_gmt":"2026-04-14T17:30:13","slug":"hidrolyzed-collagen-180-caps","status":"publish","type":"product","link":"https:\/\/farmaciadosul.com\/pt-br\/produto\/hidrolyzed-collagen-180-caps\/","title":{"rendered":"HIDROLYZED COLLAGEN 180 CAPS"},"content":{"rendered":"<h4>Hydrolyzed Collagen type I, III + Vitamin C +\u00a0 Hyaluronic Acid<\/h4>\n<h4>El \u00e1cido\u00a0hialur\u00f3nico es una sustancia que se utiliza para mejorar el aspecto de la piel. Aportando 10 gramos por servicio el col\u00e1geno hidrolizado realiza una importante funci\u00f3n en la regeneraci\u00f3n de los tejidos; cart\u00edlagos, huesos y piel. Asociado a la vitamina c que favorece la s\u00edntesis de col\u00e1geno.<\/h4>\n<h4>Despu\u00e9s de los 25 a\u00f1os se recomienda el consumo de <strong>Hydrolyzed Collagen <\/strong>de<strong> LanderFit<\/strong> ya que la producci\u00f3n de col\u00e1geno disminuye lo que afecta a la elasticidad de la piel.<\/h4>\n<h4><strong>Presentaci\u00f3n:<\/strong> 180 c\u00e1psulas.<\/h4>\n<h4><strong>Modo de uso:<\/strong> 4 c\u00e1psulas, dos veces al d\u00eda. Puede consumirse en ayunas o 30 minutos antes de las comidas.<\/h4>\n","protected":false},"excerpt":{"rendered":"<p>Suplementa tu dieta con col\u00e1geno hidrolizado, la mejor manera de obtener el col\u00e1geno necesario para la piel, pelo y u\u00f1as saludables y para cuidar la salud de tus huesos.<\/p>\n","protected":false},"featured_media":6785,"template":"","meta":[],"product_brand":[150],"product_cat":[148],"product_tag":[],"class_list":{"0":"post-4687","1":"product","2":"type-product","3":"status-publish","4":"has-post-thumbnail","6":"product_brand-landerfit","7":"product_cat-suplementos","9":"first","10":"instock","11":"shipping-taxable","12":"purchasable","13":"product-type-simple"},"_links":{"self":[{"href":"https:\/\/farmaciadosul.com\/pt-br\/wp-json\/wp\/v2\/product\/4687","targetHints":{"allow":["GET"]}}],"collection":[{"href":"https:\/\/farmaciadosul.com\/pt-br\/wp-json\/wp\/v2\/product"}],"about":[{"href":"https:\/\/farmaciadosul.com\/pt-br\/wp-json\/wp\/v2\/types\/product"}],"version-history":[{"count":2,"href":"https:\/\/farmaciadosul.com\/pt-br\/wp-json\/wp\/v2\/product\/4687\/revisions"}],"predecessor-version":[{"id":6788,"href":"https:\/\/farmaciadosul.com\/pt-br\/wp-json\/wp\/v2\/product\/4687\/revisions\/6788"}],"wp:featuredmedia":[{"embeddable":true,"href":"https:\/\/farmaciadosul.com\/pt-br\/wp-json\/wp\/v2\/media\/6785"}],"wp:attachment":[{"href":"https:\/\/farmaciadosul.com\/pt-br\/wp-json\/wp\/v2\/media?parent=4687"}],"wp:term":[{"taxonomy":"product_brand","embeddable":true,"href":"https:\/\/farmaciadosul.com\/pt-br\/wp-json\/wp\/v2\/product_brand?post=4687"},{"taxonomy":"product_cat","embeddable":true,"href":"https:\/\/farmaciadosul.com\/pt-br\/wp-json\/wp\/v2\/product_cat?post=4687"},{"taxonomy":"product_tag","embeddable":true,"href":"https:\/\/farmaciadosul.com\/pt-br\/wp-json\/wp\/v2\/product_tag?post=4687"}],"curies":[{"name":"wp","href":"https:\/\/api.w.org\/{rel}","templated":true}]}}