{"id":4689,"date":"2026-01-30T19:40:36","date_gmt":"2026-01-30T19:40:36","guid":{"rendered":"https:\/\/farmaciadosul.com\/product\/amino-revolution-landerfit-tanger\/"},"modified":"2026-04-19T06:00:13","modified_gmt":"2026-04-19T06:00:13","slug":"amino-revolution-landerfit-tanger","status":"publish","type":"product","link":"https:\/\/farmaciadosul.com\/pt-br\/produto\/amino-revolution-landerfit-tanger\/","title":{"rendered":"AMINO REVOLUTION LANDERFIT TANGER"},"content":{"rendered":"<div class=\"elementor-element elementor-element-0bd098e elementor-widget elementor-widget-heading\" data-id=\"0bd098e\">\n<div class=\"elementor-widget-container\">\n<h4>El <strong>Amino Revolution <\/strong>de<strong> LanderFit<\/strong>\u00a0es el mejor amino\u00e1cido del mercado ya que provee una completa formula de amino\u00e1cidos con el fin de potenciar el rendimiento y la recuperaci\u00f3n muscular.<\/h4>\n<h4>Entre sus ingredientes posee todos los amino\u00e1cidos esenciales necesarios para la s\u00edntesis proteica y no aporta calor\u00edas. Adem\u00e1s contiene cafe\u00edna derivada de fuentes naturales como el caf\u00e9 verde para dar energ\u00eda limpia y duradera. Para asegurar el mayor rendimiento posee una mezcla de electrolitos que favorecen la hidrataci\u00f3n, lo que contribuye a retrasar la fatiga.<\/h4>\n<h4><strong>Presentaci\u00f3n:<\/strong> 480 gramos, 30 servicios (16 gramos por scoop).<\/h4>\n<\/div>\n<h4><strong>Modo de uso:<\/strong> diluir 1 scoop entre 200ml de agua. Puede consumirse antes, durante o despu\u00e9s del entrenamiento.<\/h4>\n<\/div>\n","protected":false},"excerpt":{"rendered":"<p>LanderFit Amino Revolution est\u00e1 dise\u00f1ado para proveer una mezcla de amino\u00e1cidos efectiva con el fin de potenciar el rendimiento y la recuperaci\u00f3n muscular. Con cafe\u00edna derivada de fuentes naturales para dar energ\u00eda limpia y duradera, y una mezcla de electrolitos para una r\u00e1pida hidrataci\u00f3n, Amino Revolution es todo lo que necesita para sacarle el mayor provecho a sus entrenamientos.<\/p>\n","protected":false},"featured_media":6772,"template":"","meta":[],"product_brand":[150],"product_cat":[148],"product_tag":[],"class_list":{"0":"post-4689","1":"product","2":"type-product","3":"status-publish","4":"has-post-thumbnail","6":"product_brand-landerfit","7":"product_cat-suplementos","9":"first","10":"instock","11":"shipping-taxable","12":"purchasable","13":"product-type-simple"},"_links":{"self":[{"href":"https:\/\/farmaciadosul.com\/pt-br\/wp-json\/wp\/v2\/product\/4689","targetHints":{"allow":["GET"]}}],"collection":[{"href":"https:\/\/farmaciadosul.com\/pt-br\/wp-json\/wp\/v2\/product"}],"about":[{"href":"https:\/\/farmaciadosul.com\/pt-br\/wp-json\/wp\/v2\/types\/product"}],"version-history":[{"count":3,"href":"https:\/\/farmaciadosul.com\/pt-br\/wp-json\/wp\/v2\/product\/4689\/revisions"}],"predecessor-version":[{"id":6774,"href":"https:\/\/farmaciadosul.com\/pt-br\/wp-json\/wp\/v2\/product\/4689\/revisions\/6774"}],"wp:featuredmedia":[{"embeddable":true,"href":"https:\/\/farmaciadosul.com\/pt-br\/wp-json\/wp\/v2\/media\/6772"}],"wp:attachment":[{"href":"https:\/\/farmaciadosul.com\/pt-br\/wp-json\/wp\/v2\/media?parent=4689"}],"wp:term":[{"taxonomy":"product_brand","embeddable":true,"href":"https:\/\/farmaciadosul.com\/pt-br\/wp-json\/wp\/v2\/product_brand?post=4689"},{"taxonomy":"product_cat","embeddable":true,"href":"https:\/\/farmaciadosul.com\/pt-br\/wp-json\/wp\/v2\/product_cat?post=4689"},{"taxonomy":"product_tag","embeddable":true,"href":"https:\/\/farmaciadosul.com\/pt-br\/wp-json\/wp\/v2\/product_tag?post=4689"}],"curies":[{"name":"wp","href":"https:\/\/api.w.org\/{rel}","templated":true}]}}