{"id":4690,"date":"2026-01-30T19:40:36","date_gmt":"2026-01-30T19:40:36","guid":{"rendered":"https:\/\/farmaciadosul.com\/product\/premium-whey-2-lbs-chocolate-peanut\/"},"modified":"2026-04-10T13:30:11","modified_gmt":"2026-04-10T13:30:11","slug":"premium-whey-2-lbs-chocolate-peanut","status":"publish","type":"product","link":"https:\/\/farmaciadosul.com\/pt-br\/produto\/premium-whey-2-lbs-chocolate-peanut\/","title":{"rendered":"PREMIUM WHEY 2 LBS CHOCOLATE PEANUT"},"content":{"rendered":"","protected":false},"excerpt":{"rendered":"<p>La prote\u00edna Landerfit Premium Whey es el alimento ideal para nuestros m\u00fasculos ya que posee prote\u00ednas de alto valor biol\u00f3gico que proveen todos los amino\u00e1cidos esenciales para garantizan una completa recuperaci\u00f3n y reparaci\u00f3n de los tejidos. Ideal para aquellos consumidores que demandan una prote\u00edna de calidad premium y un sabor \u00fanico.<\/p>\n","protected":false},"featured_media":6775,"template":"","meta":[],"product_brand":[150],"product_cat":[148],"product_tag":[],"class_list":{"0":"post-4690","1":"product","2":"type-product","3":"status-publish","4":"has-post-thumbnail","6":"product_brand-landerfit","7":"product_cat-suplementos","9":"first","10":"instock","11":"shipping-taxable","12":"purchasable","13":"product-type-simple"},"_links":{"self":[{"href":"https:\/\/farmaciadosul.com\/pt-br\/wp-json\/wp\/v2\/product\/4690","targetHints":{"allow":["GET"]}}],"collection":[{"href":"https:\/\/farmaciadosul.com\/pt-br\/wp-json\/wp\/v2\/product"}],"about":[{"href":"https:\/\/farmaciadosul.com\/pt-br\/wp-json\/wp\/v2\/types\/product"}],"version-history":[{"count":2,"href":"https:\/\/farmaciadosul.com\/pt-br\/wp-json\/wp\/v2\/product\/4690\/revisions"}],"predecessor-version":[{"id":6777,"href":"https:\/\/farmaciadosul.com\/pt-br\/wp-json\/wp\/v2\/product\/4690\/revisions\/6777"}],"wp:featuredmedia":[{"embeddable":true,"href":"https:\/\/farmaciadosul.com\/pt-br\/wp-json\/wp\/v2\/media\/6775"}],"wp:attachment":[{"href":"https:\/\/farmaciadosul.com\/pt-br\/wp-json\/wp\/v2\/media?parent=4690"}],"wp:term":[{"taxonomy":"product_brand","embeddable":true,"href":"https:\/\/farmaciadosul.com\/pt-br\/wp-json\/wp\/v2\/product_brand?post=4690"},{"taxonomy":"product_cat","embeddable":true,"href":"https:\/\/farmaciadosul.com\/pt-br\/wp-json\/wp\/v2\/product_cat?post=4690"},{"taxonomy":"product_tag","embeddable":true,"href":"https:\/\/farmaciadosul.com\/pt-br\/wp-json\/wp\/v2\/product_tag?post=4690"}],"curies":[{"name":"wp","href":"https:\/\/api.w.org\/{rel}","templated":true}]}}