{"id":4691,"date":"2026-01-30T19:40:37","date_gmt":"2026-01-30T19:40:37","guid":{"rendered":"https:\/\/farmaciadosul.com\/product\/premium-whey-2-lbs-peanut-butter\/"},"modified":"2026-04-19T09:30:13","modified_gmt":"2026-04-19T09:30:13","slug":"premium-whey-2-lbs-peanut-butter","status":"publish","type":"product","link":"https:\/\/farmaciadosul.com\/pt-br\/produto\/premium-whey-2-lbs-peanut-butter\/","title":{"rendered":"PREMIUM WHEY 2 LBS PEANUT BUTTER"},"content":{"rendered":"<p>Modo de Uso<br \/>\nDiluir 1-2 scoop en 200ml de agua. Puede consumirse entre comidas, 60 minutos antes de entrenar o post entrenamiento<\/p>\n","protected":false},"excerpt":{"rendered":"<p>Prote\u00edna de alto valor biol\u00f3gico. Premium Whey de Landerfit aporta 25 gr de prote\u00edna de suero de leche en su 100%. Es el alimento ideal para nuestros m\u00fasculos ya que posee prote\u00ednas de un alto valor biol\u00f3gico que proveen todos los amino\u00e1cidos esenciales que garantizan una completa recuperaci\u00f3n y reparaci\u00f3n de los tejidos.<br \/>\nIdeal para aquellos consumidores que demandan una prote\u00edna de calidad premium y un sabor \u00fanico. Posee la textura cremosa ideal que siempre buscamos en nuestros batidos<\/p>\n<p>&nbsp;<\/p>\n","protected":false},"featured_media":6768,"template":"","meta":[],"product_brand":[150],"product_cat":[148],"product_tag":[],"class_list":{"0":"post-4691","1":"product","2":"type-product","3":"status-publish","4":"has-post-thumbnail","6":"product_brand-landerfit","7":"product_cat-suplementos","9":"first","10":"instock","11":"shipping-taxable","12":"purchasable","13":"product-type-simple"},"_links":{"self":[{"href":"https:\/\/farmaciadosul.com\/pt-br\/wp-json\/wp\/v2\/product\/4691","targetHints":{"allow":["GET"]}}],"collection":[{"href":"https:\/\/farmaciadosul.com\/pt-br\/wp-json\/wp\/v2\/product"}],"about":[{"href":"https:\/\/farmaciadosul.com\/pt-br\/wp-json\/wp\/v2\/types\/product"}],"version-history":[{"count":3,"href":"https:\/\/farmaciadosul.com\/pt-br\/wp-json\/wp\/v2\/product\/4691\/revisions"}],"predecessor-version":[{"id":6770,"href":"https:\/\/farmaciadosul.com\/pt-br\/wp-json\/wp\/v2\/product\/4691\/revisions\/6770"}],"wp:featuredmedia":[{"embeddable":true,"href":"https:\/\/farmaciadosul.com\/pt-br\/wp-json\/wp\/v2\/media\/6768"}],"wp:attachment":[{"href":"https:\/\/farmaciadosul.com\/pt-br\/wp-json\/wp\/v2\/media?parent=4691"}],"wp:term":[{"taxonomy":"product_brand","embeddable":true,"href":"https:\/\/farmaciadosul.com\/pt-br\/wp-json\/wp\/v2\/product_brand?post=4691"},{"taxonomy":"product_cat","embeddable":true,"href":"https:\/\/farmaciadosul.com\/pt-br\/wp-json\/wp\/v2\/product_cat?post=4691"},{"taxonomy":"product_tag","embeddable":true,"href":"https:\/\/farmaciadosul.com\/pt-br\/wp-json\/wp\/v2\/product_tag?post=4691"}],"curies":[{"name":"wp","href":"https:\/\/api.w.org\/{rel}","templated":true}]}}