{"id":4692,"date":"2026-01-30T19:40:38","date_gmt":"2026-01-30T19:40:38","guid":{"rendered":"https:\/\/farmaciadosul.com\/product\/wheykshake-cookies-abd-cream-900mg\/"},"modified":"2026-04-19T11:00:11","modified_gmt":"2026-04-19T11:00:11","slug":"wheykshake-cookies-abd-cream-900mg","status":"publish","type":"product","link":"https:\/\/farmaciadosul.com\/pt-br\/produto\/wheykshake-cookies-abd-cream-900mg\/","title":{"rendered":"WHEYKSHAKE COOKIES ABD CREAM 900MG"},"content":{"rendered":"","protected":false},"excerpt":{"rendered":"<p>La l\u00ednea Gourmet Series innova en el sabor y presentaci\u00f3n, enriquecidos con prote\u00edna, controlando carbohidratos y grasas.<br \/>\nEs un suplemento nutricional proteico delicioso, producido con prote\u00edna Whey de alto valor biol\u00f3gico a bese de prote\u00edna concentrada de m\u00e1s alta pureza y cualidad.<br \/>\n<b>Whey Shake se destaca por su f\u00f3rmula con vitamina, minerales y ingredientes que ofrece salud, bien estar y cuidan de su cuerpo.<\/b><\/p>\n","protected":false},"featured_media":6764,"template":"","meta":[],"product_brand":[150],"product_cat":[148],"product_tag":[],"class_list":{"0":"post-4692","1":"product","2":"type-product","3":"status-publish","4":"has-post-thumbnail","6":"product_brand-landerfit","7":"product_cat-suplementos","9":"first","10":"instock","11":"shipping-taxable","12":"purchasable","13":"product-type-simple"},"_links":{"self":[{"href":"https:\/\/farmaciadosul.com\/pt-br\/wp-json\/wp\/v2\/product\/4692","targetHints":{"allow":["GET"]}}],"collection":[{"href":"https:\/\/farmaciadosul.com\/pt-br\/wp-json\/wp\/v2\/product"}],"about":[{"href":"https:\/\/farmaciadosul.com\/pt-br\/wp-json\/wp\/v2\/types\/product"}],"version-history":[{"count":3,"href":"https:\/\/farmaciadosul.com\/pt-br\/wp-json\/wp\/v2\/product\/4692\/revisions"}],"predecessor-version":[{"id":6766,"href":"https:\/\/farmaciadosul.com\/pt-br\/wp-json\/wp\/v2\/product\/4692\/revisions\/6766"}],"wp:featuredmedia":[{"embeddable":true,"href":"https:\/\/farmaciadosul.com\/pt-br\/wp-json\/wp\/v2\/media\/6764"}],"wp:attachment":[{"href":"https:\/\/farmaciadosul.com\/pt-br\/wp-json\/wp\/v2\/media?parent=4692"}],"wp:term":[{"taxonomy":"product_brand","embeddable":true,"href":"https:\/\/farmaciadosul.com\/pt-br\/wp-json\/wp\/v2\/product_brand?post=4692"},{"taxonomy":"product_cat","embeddable":true,"href":"https:\/\/farmaciadosul.com\/pt-br\/wp-json\/wp\/v2\/product_cat?post=4692"},{"taxonomy":"product_tag","embeddable":true,"href":"https:\/\/farmaciadosul.com\/pt-br\/wp-json\/wp\/v2\/product_tag?post=4692"}],"curies":[{"name":"wp","href":"https:\/\/api.w.org\/{rel}","templated":true}]}}