{"id":4693,"date":"2026-01-30T19:40:38","date_gmt":"2026-01-30T19:40:38","guid":{"rendered":"https:\/\/farmaciadosul.com\/product\/wheykshake-dulce-de-leche-900g\/"},"modified":"2026-04-19T09:30:13","modified_gmt":"2026-04-19T09:30:13","slug":"wheykshake-dulce-de-leche-900g","status":"publish","type":"product","link":"https:\/\/farmaciadosul.com\/pt-br\/produto\/wheykshake-dulce-de-leche-900g\/","title":{"rendered":"WHEYKSHAKE DULCE DE LECHE 900G"},"content":{"rendered":"<div class=\"Y3BBE\" data-sfc-cp=\"\" data-hveid=\"CAIQAA\" data-processed=\"true\"><strong class=\"Yjhzub\" data-processed=\"true\">Caracter\u00edsticas y Beneficios:<\/strong><\/div>\n<ul class=\"KsbFXc U6u95\" data-processed=\"true\">\n<li data-hveid=\"CAMQAA\" data-processed=\"true\"><span class=\"T286Pc\" data-sfc-cp=\"\" data-processed=\"true\"><strong class=\"Yjhzub\" data-processed=\"true\">Sabor:<\/strong> Excepcional sabor a dulce de leche (L\u00ednea Gourmet Series).<\/span><\/li>\n<li data-hveid=\"CAMQAQ\" data-processed=\"true\"><span class=\"T286Pc\" data-sfc-cp=\"\" data-processed=\"true\"><strong class=\"Yjhzub\" data-processed=\"true\">Contenido:<\/strong> 900g (aprox. 22 servicios).<\/span><\/li>\n<li data-hveid=\"CAMQAg\" data-processed=\"true\"><span class=\"T286Pc\" data-sfc-cp=\"\" data-processed=\"true\"><strong class=\"Yjhzub\" data-processed=\"true\">Funci\u00f3n:<\/strong> Acelera la recuperaci\u00f3n muscular, promueve la hipertrofia y aumenta la s\u00edntesis de prote\u00ednas.<\/span><\/li>\n<li data-hveid=\"CAMQAw\" data-processed=\"true\"><span class=\"T286Pc\" data-sfc-cp=\"\" data-processed=\"true\"><strong class=\"Yjhzub\" data-processed=\"true\">Componentes:<\/strong> Prote\u00edna de suero de alto valor biol\u00f3gico + Vitaminas y minerales para mejorar la inmunidad.<\/span><\/li>\n<li data-hveid=\"CAMQBA\" data-processed=\"true\"><span class=\"T286Pc\" data-sfc-cp=\"\" data-processed=\"true\"><strong class=\"Yjhzub\" data-processed=\"true\">Uso:<\/strong> Mezclar 1 servicio (40g) en 200ml de agua o leche, ideal post-entrenamiento.<\/span><\/li>\n<li data-hveid=\"CAMQBQ\" data-processed=\"true\"><span class=\"T286Pc\" data-sfc-cp=\"\" data-processed=\"true\"><strong class=\"Yjhzub\" data-processed=\"true\">Origen:<\/strong> Brasil.<\/span><span class=\"uJ19be notranslate\" data-wiz-uids=\"xCwiwb_18,xCwiwb_19\" data-processed=\"true\"><span class=\"vKEkVd\" data-animation-atomic=\"\" data-wiz-attrbind=\"class=xCwiwb_17\/TKHnVd\" data-processed=\"true\"><span aria-hidden=\"true\" data-processed=\"true\">\u00a0<\/span><\/span><\/span><\/li>\n<\/ul>\n","protected":false},"excerpt":{"rendered":"<p>WheykShake Dulce de Leche 900g de LanderFit es un suplemento de prote\u00edna de suero de alta calidad, dise\u00f1ado para la recuperaci\u00f3n e hipertrofia muscular con un sabor gourmet. Ofrece un perfil completo de amino\u00e1cidos, enriquecido con vitaminas y minerales. Ideal para ganar masa muscular, sin az\u00facares ni colorantes artificiale<\/p>\n","protected":false},"featured_media":6760,"template":"","meta":[],"product_brand":[150],"product_cat":[148],"product_tag":[],"class_list":{"0":"post-4693","1":"product","2":"type-product","3":"status-publish","4":"has-post-thumbnail","6":"product_brand-landerfit","7":"product_cat-suplementos","9":"first","10":"instock","11":"shipping-taxable","12":"purchasable","13":"product-type-simple"},"_links":{"self":[{"href":"https:\/\/farmaciadosul.com\/pt-br\/wp-json\/wp\/v2\/product\/4693","targetHints":{"allow":["GET"]}}],"collection":[{"href":"https:\/\/farmaciadosul.com\/pt-br\/wp-json\/wp\/v2\/product"}],"about":[{"href":"https:\/\/farmaciadosul.com\/pt-br\/wp-json\/wp\/v2\/types\/product"}],"version-history":[{"count":3,"href":"https:\/\/farmaciadosul.com\/pt-br\/wp-json\/wp\/v2\/product\/4693\/revisions"}],"predecessor-version":[{"id":6762,"href":"https:\/\/farmaciadosul.com\/pt-br\/wp-json\/wp\/v2\/product\/4693\/revisions\/6762"}],"wp:featuredmedia":[{"embeddable":true,"href":"https:\/\/farmaciadosul.com\/pt-br\/wp-json\/wp\/v2\/media\/6760"}],"wp:attachment":[{"href":"https:\/\/farmaciadosul.com\/pt-br\/wp-json\/wp\/v2\/media?parent=4693"}],"wp:term":[{"taxonomy":"product_brand","embeddable":true,"href":"https:\/\/farmaciadosul.com\/pt-br\/wp-json\/wp\/v2\/product_brand?post=4693"},{"taxonomy":"product_cat","embeddable":true,"href":"https:\/\/farmaciadosul.com\/pt-br\/wp-json\/wp\/v2\/product_cat?post=4693"},{"taxonomy":"product_tag","embeddable":true,"href":"https:\/\/farmaciadosul.com\/pt-br\/wp-json\/wp\/v2\/product_tag?post=4693"}],"curies":[{"name":"wp","href":"https:\/\/api.w.org\/{rel}","templated":true}]}}