{"id":4695,"date":"2026-01-30T19:40:39","date_gmt":"2026-01-30T19:40:39","guid":{"rendered":"https:\/\/farmaciadosul.com\/product\/wheykshake-strawberry-900g\/"},"modified":"2026-03-25T12:30:13","modified_gmt":"2026-03-25T12:30:13","slug":"wheykshake-strawberry-900g","status":"publish","type":"product","link":"https:\/\/farmaciadosul.com\/pt-br\/produto\/wheykshake-strawberry-900g\/","title":{"rendered":"WHEYKSHAKE STRAWBERRY 900G"},"content":{"rendered":"<p><strong>Los beneficios de LanderFit Wheykshake incluyen:<\/strong><\/p>\n<ul>\n<li>Favorece el desarrollo muscular.<\/li>\n<li>Facilita la recuperaci\u00f3n post-entrenamiento.<\/li>\n<li>Suministra amino\u00e1cidos esenciales.<\/li>\n<li>Contiene vitaminas y minerales.<\/li>\n<li>Disponible en una variedad de sabores.<\/li>\n<li>F\u00e1cil digesti\u00f3n.<\/li>\n<\/ul>\n<p><strong>Rendimento: <\/strong>900 gramos: Rinde 22 servicios (40 gramos, 2 scoop)<\/p>\n","protected":false},"excerpt":{"rendered":"<p>LanderFit Wheykshake es un suplemento alimenticio a base de prote\u00edna de suero de leche, una fuente de prote\u00edna de alta calidad que brinda todos los amino\u00e1cidos esenciales necesarios para la construcci\u00f3n y reparaci\u00f3n muscular. La prote\u00edna de suero de leche se caracteriza por su r\u00e1pida absorci\u00f3n, lo que la convierte en la elecci\u00f3n ideal despu\u00e9s del ejercicio, cuando los m\u00fasculos requieren nutrientes para recuperarse. Disponible en varios sabores, su preparaci\u00f3n es sencilla: basta con mezclarlo con agua o leche.<\/p>\n","protected":false},"featured_media":6756,"template":"","meta":[],"product_brand":[150],"product_cat":[148],"product_tag":[],"class_list":{"0":"post-4695","1":"product","2":"type-product","3":"status-publish","4":"has-post-thumbnail","6":"product_brand-landerfit","7":"product_cat-suplementos","9":"first","10":"instock","11":"shipping-taxable","12":"purchasable","13":"product-type-simple"},"_links":{"self":[{"href":"https:\/\/farmaciadosul.com\/pt-br\/wp-json\/wp\/v2\/product\/4695","targetHints":{"allow":["GET"]}}],"collection":[{"href":"https:\/\/farmaciadosul.com\/pt-br\/wp-json\/wp\/v2\/product"}],"about":[{"href":"https:\/\/farmaciadosul.com\/pt-br\/wp-json\/wp\/v2\/types\/product"}],"version-history":[{"count":2,"href":"https:\/\/farmaciadosul.com\/pt-br\/wp-json\/wp\/v2\/product\/4695\/revisions"}],"predecessor-version":[{"id":6758,"href":"https:\/\/farmaciadosul.com\/pt-br\/wp-json\/wp\/v2\/product\/4695\/revisions\/6758"}],"wp:featuredmedia":[{"embeddable":true,"href":"https:\/\/farmaciadosul.com\/pt-br\/wp-json\/wp\/v2\/media\/6756"}],"wp:attachment":[{"href":"https:\/\/farmaciadosul.com\/pt-br\/wp-json\/wp\/v2\/media?parent=4695"}],"wp:term":[{"taxonomy":"product_brand","embeddable":true,"href":"https:\/\/farmaciadosul.com\/pt-br\/wp-json\/wp\/v2\/product_brand?post=4695"},{"taxonomy":"product_cat","embeddable":true,"href":"https:\/\/farmaciadosul.com\/pt-br\/wp-json\/wp\/v2\/product_cat?post=4695"},{"taxonomy":"product_tag","embeddable":true,"href":"https:\/\/farmaciadosul.com\/pt-br\/wp-json\/wp\/v2\/product_tag?post=4695"}],"curies":[{"name":"wp","href":"https:\/\/api.w.org\/{rel}","templated":true}]}}