{"id":4721,"date":"2026-01-30T19:40:55","date_gmt":"2026-01-30T19:40:55","guid":{"rendered":"https:\/\/farmaciadosul.com\/product\/whey-gold-stand-cookies-y-cream-2lb\/"},"modified":"2026-04-02T13:00:11","modified_gmt":"2026-04-02T13:00:11","slug":"whey-gold-stand-cookies-y-cream-2lb","status":"publish","type":"product","link":"https:\/\/farmaciadosul.com\/pt-br\/produto\/whey-gold-stand-cookies-y-cream-2lb\/","title":{"rendered":"WHEY GOLD STAND COOKIES Y CREAM 2LB"},"content":{"rendered":"<div class=\"Y3BBE\" data-sfc-cp=\"\" data-hveid=\"CAIQAA\" data-processed=\"true\"><strong class=\"Yjhzub\" data-processed=\"true\">Caracter\u00edsticas Principales:<\/strong><\/div>\n<ul class=\"KsbFXc U6u95\" data-processed=\"true\">\n<li data-hveid=\"CAMQAA\" data-processed=\"true\"><span class=\"T286Pc\" data-sfc-cp=\"\" data-processed=\"true\"><strong class=\"Yjhzub\" data-processed=\"true\">Ingredientes principales:<\/strong> Mezcla de aislado de prote\u00edna de suero, concentrado de suero y prote\u00edna de suero hidrolizada.<\/span><\/li>\n<li data-hveid=\"CAMQAQ\" data-processed=\"true\"><span class=\"T286Pc\" data-sfc-cp=\"\" data-processed=\"true\"><strong class=\"Yjhzub\" data-processed=\"true\">Perfil Nutricional (por porci\u00f3n de ~30g):<\/strong> 24g de prote\u00edna, ~3g de carbohidratos, ~1-1.5g de grasa y 120-130 calor\u00edas.<\/span><\/li>\n<li data-hveid=\"CAMQAg\" data-processed=\"true\"><span class=\"T286Pc\" data-sfc-cp=\"\" data-processed=\"true\"><strong class=\"Yjhzub\" data-processed=\"true\">Amino\u00e1cidos:<\/strong> 5.5g de BCAAs (amino\u00e1cidos de cadena ramificada) naturales para la recuperaci\u00f3n.<\/span><\/li>\n<li data-hveid=\"CAMQAw\" data-processed=\"true\"><span class=\"T286Pc\" data-sfc-cp=\"\" data-processed=\"true\"><strong class=\"Yjhzub\" data-processed=\"true\">Sabor:<\/strong> Cookies and Cream, dise\u00f1ado para mezclarse f\u00e1cilmente con agua o leche.<\/span><\/li>\n<li data-hveid=\"CAMQBA\" data-processed=\"true\"><span class=\"T286Pc\" data-sfc-cp=\"\" data-processed=\"true\"><strong class=\"Yjhzub\" data-processed=\"true\">Calidad:<\/strong> Certificaci\u00f3n Informed Choice y testeada contra sustancias prohibidas.<\/span><\/li>\n<li data-hveid=\"CAMQBQ\" data-processed=\"true\"><span class=\"T286Pc\" data-sfc-cp=\"\" data-processed=\"true\"><strong class=\"Yjhzub\" data-processed=\"true\">Contenido:<\/strong> 2 libras (aprox. 29 porciones).<\/span><span class=\"uJ19be notranslate\" data-wiz-uids=\"KLpOPc_18,KLpOPc_19\" data-processed=\"true\"><span class=\"vKEkVd\" data-animation-atomic=\"\" data-wiz-attrbind=\"class=KLpOPc_17\/TKHnVd\" data-processed=\"true\"><span aria-hidden=\"true\" data-processed=\"true\">\u00a0<\/span><\/span><\/span><\/li>\n<\/ul>\n<div class=\"Y3BBE\" data-sfc-cp=\"\" data-hveid=\"CAQQAA\" data-processed=\"true\">Este suplemento es ideal para atletas que buscan aumentar la masa muscular magra y mejorar la recuperaci\u00f3n despu\u00e9s del entrenamiento.<span class=\"uJ19be notranslate\" data-wiz-uids=\"KLpOPc_1h,KLpOPc_1i\" data-processed=\"true\"><span class=\"vKEkVd\" data-animation-atomic=\"\" data-wiz-attrbind=\"class=KLpOPc_1g\/TKHnVd\" data-processed=\"true\"><span aria-hidden=\"true\" data-processed=\"true\">\u00a0<\/span><\/span><\/span><\/div>\n","protected":false},"excerpt":{"rendered":"<p>Whey Gold Standard 100% Whey de Optimum Nutrition (sabor Cookies &amp; Cream, 2 lb) es una prote\u00edna en polvo de alta calidad, l\u00edder mundial en recuperaci\u00f3n muscular. Ofrece 24g de prote\u00edna de r\u00e1pida absorci\u00f3n (principalmente aislado), 5.5g de BCAA naturales y es baja en grasas\/az\u00facar, siendo ideal para el desarrollo muscular y el uso post-entrenamiento.<\/p>\n","protected":false},"featured_media":6716,"template":"","meta":[],"product_brand":[141],"product_cat":[148],"product_tag":[],"class_list":{"0":"post-4721","1":"product","2":"type-product","3":"status-publish","4":"has-post-thumbnail","6":"product_brand-on-optimum-nutrition","7":"product_cat-suplementos","9":"first","10":"instock","11":"shipping-taxable","12":"purchasable","13":"product-type-simple"},"_links":{"self":[{"href":"https:\/\/farmaciadosul.com\/pt-br\/wp-json\/wp\/v2\/product\/4721","targetHints":{"allow":["GET"]}}],"collection":[{"href":"https:\/\/farmaciadosul.com\/pt-br\/wp-json\/wp\/v2\/product"}],"about":[{"href":"https:\/\/farmaciadosul.com\/pt-br\/wp-json\/wp\/v2\/types\/product"}],"version-history":[{"count":3,"href":"https:\/\/farmaciadosul.com\/pt-br\/wp-json\/wp\/v2\/product\/4721\/revisions"}],"predecessor-version":[{"id":6720,"href":"https:\/\/farmaciadosul.com\/pt-br\/wp-json\/wp\/v2\/product\/4721\/revisions\/6720"}],"wp:featuredmedia":[{"embeddable":true,"href":"https:\/\/farmaciadosul.com\/pt-br\/wp-json\/wp\/v2\/media\/6716"}],"wp:attachment":[{"href":"https:\/\/farmaciadosul.com\/pt-br\/wp-json\/wp\/v2\/media?parent=4721"}],"wp:term":[{"taxonomy":"product_brand","embeddable":true,"href":"https:\/\/farmaciadosul.com\/pt-br\/wp-json\/wp\/v2\/product_brand?post=4721"},{"taxonomy":"product_cat","embeddable":true,"href":"https:\/\/farmaciadosul.com\/pt-br\/wp-json\/wp\/v2\/product_cat?post=4721"},{"taxonomy":"product_tag","embeddable":true,"href":"https:\/\/farmaciadosul.com\/pt-br\/wp-json\/wp\/v2\/product_tag?post=4721"}],"curies":[{"name":"wp","href":"https:\/\/api.w.org\/{rel}","templated":true}]}}