{"id":4722,"date":"2026-01-30T19:40:56","date_gmt":"2026-01-30T19:40:56","guid":{"rendered":"https:\/\/farmaciadosul.com\/product\/whey-protein-choco-2lbs\/"},"modified":"2026-03-12T18:30:12","modified_gmt":"2026-03-12T18:30:12","slug":"whey-protein-choco-2lbs","status":"publish","type":"product","link":"https:\/\/farmaciadosul.com\/pt-br\/produto\/whey-protein-choco-2lbs\/","title":{"rendered":"WHEY PROTEIN CHOCO 2LBS"},"content":{"rendered":"<h4><strong>Como Tomar<\/strong><\/h4>\n<ul>\n<li>Verter una medida en un vaso batidor. Agregar 200 cm3 de agua o leche (preferentemente descremada). Agitar y consumir.\u00a0Ingesta diaria: consumir todos los dias 2 medidas (cada medida aporta 33 gr), 1 medida a media ma\u00f1ana y otra a media tarde, en los dias de entrenamiento consumir una hora antes y media hora despu\u00e9s del mismo.<\/li>\n<\/ul>\n<h4><strong>Presentaci\u00f3n<\/strong><\/h4>\n<ul>\n<li>2 Lbs en Polvo Sabor Chocolate.<\/li>\n<\/ul>\n","protected":false},"excerpt":{"rendered":"<p>Indicado para el aumento de masa muscular, indispensable para la construcci\u00f3n muscular e interviene pr\u00e1cticamente en todas las funciones del organismo. Evita el catabolismo muscular natural que produce el entrenamiento f\u00edsico Logra la recuperaci\u00f3n mas r\u00e1pida despues del entrenami<\/p>\n","protected":false},"featured_media":6713,"template":"","meta":[],"product_brand":[],"product_cat":[148],"product_tag":[],"class_list":{"0":"post-4722","1":"product","2":"type-product","3":"status-publish","4":"has-post-thumbnail","6":"product_cat-suplementos","8":"first","9":"instock","10":"shipping-taxable","11":"purchasable","12":"product-type-simple"},"_links":{"self":[{"href":"https:\/\/farmaciadosul.com\/pt-br\/wp-json\/wp\/v2\/product\/4722","targetHints":{"allow":["GET"]}}],"collection":[{"href":"https:\/\/farmaciadosul.com\/pt-br\/wp-json\/wp\/v2\/product"}],"about":[{"href":"https:\/\/farmaciadosul.com\/pt-br\/wp-json\/wp\/v2\/types\/product"}],"version-history":[{"count":2,"href":"https:\/\/farmaciadosul.com\/pt-br\/wp-json\/wp\/v2\/product\/4722\/revisions"}],"predecessor-version":[{"id":6715,"href":"https:\/\/farmaciadosul.com\/pt-br\/wp-json\/wp\/v2\/product\/4722\/revisions\/6715"}],"wp:featuredmedia":[{"embeddable":true,"href":"https:\/\/farmaciadosul.com\/pt-br\/wp-json\/wp\/v2\/media\/6713"}],"wp:attachment":[{"href":"https:\/\/farmaciadosul.com\/pt-br\/wp-json\/wp\/v2\/media?parent=4722"}],"wp:term":[{"taxonomy":"product_brand","embeddable":true,"href":"https:\/\/farmaciadosul.com\/pt-br\/wp-json\/wp\/v2\/product_brand?post=4722"},{"taxonomy":"product_cat","embeddable":true,"href":"https:\/\/farmaciadosul.com\/pt-br\/wp-json\/wp\/v2\/product_cat?post=4722"},{"taxonomy":"product_tag","embeddable":true,"href":"https:\/\/farmaciadosul.com\/pt-br\/wp-json\/wp\/v2\/product_tag?post=4722"}],"curies":[{"name":"wp","href":"https:\/\/api.w.org\/{rel}","templated":true}]}}