{"id":4725,"date":"2026-01-30T19:40:58","date_gmt":"2026-01-30T19:40:58","guid":{"rendered":"https:\/\/farmaciadosul.com\/product\/amino-energy-fruit-fusion-x-30\/"},"modified":"2026-04-19T07:30:12","modified_gmt":"2026-04-19T07:30:12","slug":"amino-energy-fruit-fusion-x-30","status":"publish","type":"product","link":"https:\/\/farmaciadosul.com\/pt-br\/produto\/amino-energy-fruit-fusion-x-30\/","title":{"rendered":"AMINO ENERGY FRUIT FUSION X 30"},"content":{"rendered":"<ul class=\"KsbFXc U6u95\" data-processed=\"true\">\n<li data-hveid=\"CAIQAA\" data-processed=\"true\"><span class=\"T286Pc\" data-sfc-cp=\"\" data-processed=\"true\"><strong class=\"Yjhzub\" data-processed=\"true\">Beneficios principales:<\/strong> Mejora la recuperaci\u00f3n muscular, aumenta la resistencia y proporciona un enfoque n\u00edtido.<\/span><\/li>\n<li data-hveid=\"CAIQAQ\" data-processed=\"true\"><span class=\"T286Pc\" data-sfc-cp=\"\" data-processed=\"true\"><strong class=\"Yjhzub\" data-processed=\"true\">Componentes clave:<\/strong> 5 gramos de amino\u00e1cidos en forma libre (micronizados para r\u00e1pida absorci\u00f3n), cafe\u00edna natural (caf\u00e9\/t\u00e9), y beta-alanina.<\/span><\/li>\n<li data-hveid=\"CAIQAg\" data-processed=\"true\"><span class=\"T286Pc\" data-sfc-cp=\"\" data-processed=\"true\"><strong class=\"Yjhzub\" data-processed=\"true\">Sabor:<\/strong> Fruit Fusion (Fusi\u00f3n de frutas).<\/span><\/li>\n<li data-hveid=\"CAIQAw\" data-processed=\"true\"><span class=\"T286Pc\" data-sfc-cp=\"\" data-processed=\"true\"><strong class=\"Yjhzub\" data-processed=\"true\">Modo de uso:<\/strong> Mezclar 2 medidas (scoops) en agua fr\u00eda. Puede consumirse antes del entrenamiento (energ\u00eda) o en cualquier momento del d\u00eda.<\/span><\/li>\n<li data-hveid=\"CAIQBA\" data-processed=\"true\"><span class=\"T286Pc\" data-sfc-cp=\"\" data-processed=\"true\"><strong class=\"Yjhzub\" data-processed=\"true\">Advertencias:<\/strong> Contiene cafe\u00edna. No apto para mujeres embarazadas, en lactancia o personas sensibles a la cafe\u00edna.<\/span><span class=\"uJ19be notranslate\" data-wiz-uids=\"bnyRRc_10,bnyRRc_11\" data-processed=\"true\"><span class=\"vKEkVd\" data-animation-atomic=\"\" data-wiz-attrbind=\"class=bnyRRc_z\/TKHnVd\" data-processed=\"true\"><span aria-hidden=\"true\" data-processed=\"true\">\u00a0<\/span><\/span><\/span><\/li>\n<\/ul>\n<div class=\"Y3BBE\" data-sfc-cp=\"\" data-hveid=\"CAMQAA\" data-processed=\"true\">Es un producto vers\u00e1til que ayuda a maximizar la energ\u00eda sin el uso de az\u00facar, ideal para entrenamientos intensos.<span class=\"uJ19be notranslate\" data-wiz-uids=\"bnyRRc_19,bnyRRc_1a\" data-processed=\"true\"><span class=\"vKEkVd\" data-animation-atomic=\"\" data-wiz-attrbind=\"class=bnyRRc_18\/TKHnVd\" data-processed=\"true\"><span aria-hidden=\"true\" data-processed=\"true\">\u00a0<\/span><\/span><\/span><\/div>\n","protected":false},"excerpt":{"rendered":"<p>Amino Energy Fruit Fusion de Optimum Nutrition (270g, 30 servicios) es un suplemento en polvo dise\u00f1ado para aumentar la energ\u00eda, el enfoque mental y la recuperaci\u00f3n muscular. Contiene 5g de amino\u00e1cidos (incluyendo BCAAs) y 100mg de cafe\u00edna natural por porci\u00f3n, ideal para usar antes o durante entrenamientos, sin az\u00facar y bajo en calor\u00edas.<\/p>\n","protected":false},"featured_media":6703,"template":"","meta":[],"product_brand":[141],"product_cat":[148],"product_tag":[],"class_list":{"0":"post-4725","1":"product","2":"type-product","3":"status-publish","4":"has-post-thumbnail","6":"product_brand-on-optimum-nutrition","7":"product_cat-suplementos","9":"first","10":"instock","11":"shipping-taxable","12":"purchasable","13":"product-type-simple"},"_links":{"self":[{"href":"https:\/\/farmaciadosul.com\/pt-br\/wp-json\/wp\/v2\/product\/4725","targetHints":{"allow":["GET"]}}],"collection":[{"href":"https:\/\/farmaciadosul.com\/pt-br\/wp-json\/wp\/v2\/product"}],"about":[{"href":"https:\/\/farmaciadosul.com\/pt-br\/wp-json\/wp\/v2\/types\/product"}],"version-history":[{"count":3,"href":"https:\/\/farmaciadosul.com\/pt-br\/wp-json\/wp\/v2\/product\/4725\/revisions"}],"predecessor-version":[{"id":6705,"href":"https:\/\/farmaciadosul.com\/pt-br\/wp-json\/wp\/v2\/product\/4725\/revisions\/6705"}],"wp:featuredmedia":[{"embeddable":true,"href":"https:\/\/farmaciadosul.com\/pt-br\/wp-json\/wp\/v2\/media\/6703"}],"wp:attachment":[{"href":"https:\/\/farmaciadosul.com\/pt-br\/wp-json\/wp\/v2\/media?parent=4725"}],"wp:term":[{"taxonomy":"product_brand","embeddable":true,"href":"https:\/\/farmaciadosul.com\/pt-br\/wp-json\/wp\/v2\/product_brand?post=4725"},{"taxonomy":"product_cat","embeddable":true,"href":"https:\/\/farmaciadosul.com\/pt-br\/wp-json\/wp\/v2\/product_cat?post=4725"},{"taxonomy":"product_tag","embeddable":true,"href":"https:\/\/farmaciadosul.com\/pt-br\/wp-json\/wp\/v2\/product_tag?post=4725"}],"curies":[{"name":"wp","href":"https:\/\/api.w.org\/{rel}","templated":true}]}}