{"id":4726,"date":"2026-01-30T19:40:58","date_gmt":"2026-01-30T19:40:58","guid":{"rendered":"https:\/\/farmaciadosul.com\/product\/amino-energy-orange-cooler-x-30\/"},"modified":"2026-04-19T09:00:13","modified_gmt":"2026-04-19T09:00:13","slug":"amino-energy-orange-cooler-x-30","status":"publish","type":"product","link":"https:\/\/farmaciadosul.com\/pt-br\/produto\/amino-energy-orange-cooler-x-30\/","title":{"rendered":"AMINO ENERGY ORANGE COOLER X 30"},"content":{"rendered":"","protected":false},"excerpt":{"rendered":"<p>Optimum Nutrition Amino Energy es un suplemento diet\u00e9tico en polvo que suministra 5 gramos de amino\u00e1cidos esenciales y 100 miligramos de cafe\u00edna por porci\u00f3n. Esta f\u00f3rmula ayuda a la recuperaci\u00f3n muscular, mantiene la hidrataci\u00f3n y brinda energ\u00eda y concentraci\u00f3n durante entrenamientos. Ideal para consumirlo mezcl\u00e1ndolo con agua antes de sesiones de ejercicio o deportes.<\/p>\n","protected":false},"featured_media":6698,"template":"","meta":[],"product_brand":[141],"product_cat":[148],"product_tag":[],"class_list":{"0":"post-4726","1":"product","2":"type-product","3":"status-publish","4":"has-post-thumbnail","6":"product_brand-on-optimum-nutrition","7":"product_cat-suplementos","9":"first","10":"instock","11":"shipping-taxable","12":"purchasable","13":"product-type-simple"},"_links":{"self":[{"href":"https:\/\/farmaciadosul.com\/pt-br\/wp-json\/wp\/v2\/product\/4726","targetHints":{"allow":["GET"]}}],"collection":[{"href":"https:\/\/farmaciadosul.com\/pt-br\/wp-json\/wp\/v2\/product"}],"about":[{"href":"https:\/\/farmaciadosul.com\/pt-br\/wp-json\/wp\/v2\/types\/product"}],"version-history":[{"count":3,"href":"https:\/\/farmaciadosul.com\/pt-br\/wp-json\/wp\/v2\/product\/4726\/revisions"}],"predecessor-version":[{"id":6701,"href":"https:\/\/farmaciadosul.com\/pt-br\/wp-json\/wp\/v2\/product\/4726\/revisions\/6701"}],"wp:featuredmedia":[{"embeddable":true,"href":"https:\/\/farmaciadosul.com\/pt-br\/wp-json\/wp\/v2\/media\/6698"}],"wp:attachment":[{"href":"https:\/\/farmaciadosul.com\/pt-br\/wp-json\/wp\/v2\/media?parent=4726"}],"wp:term":[{"taxonomy":"product_brand","embeddable":true,"href":"https:\/\/farmaciadosul.com\/pt-br\/wp-json\/wp\/v2\/product_brand?post=4726"},{"taxonomy":"product_cat","embeddable":true,"href":"https:\/\/farmaciadosul.com\/pt-br\/wp-json\/wp\/v2\/product_cat?post=4726"},{"taxonomy":"product_tag","embeddable":true,"href":"https:\/\/farmaciadosul.com\/pt-br\/wp-json\/wp\/v2\/product_tag?post=4726"}],"curies":[{"name":"wp","href":"https:\/\/api.w.org\/{rel}","templated":true}]}}