{"id":4727,"date":"2026-01-30T19:40:59","date_gmt":"2026-01-30T19:40:59","guid":{"rendered":"https:\/\/farmaciadosul.com\/product\/amino-energy-watermelon-x-30\/"},"modified":"2026-04-19T06:00:13","modified_gmt":"2026-04-19T06:00:13","slug":"amino-energy-watermelon-x-30","status":"publish","type":"product","link":"https:\/\/farmaciadosul.com\/pt-br\/produto\/amino-energy-watermelon-x-30\/","title":{"rendered":"AMINO ENERGY WATERMELON X 30"},"content":{"rendered":"<div class=\"Y3BBE\" data-sfc-cp=\"\" data-hveid=\"CAIQAA\" data-processed=\"true\"><strong class=\"Yjhzub\" data-processed=\"true\">Caracter\u00edsticas principales:<\/strong><\/div>\n<ul class=\"KsbFXc U6u95\" data-processed=\"true\">\n<li data-hveid=\"CAMQAA\" data-processed=\"true\"><span class=\"T286Pc\" data-sfc-cp=\"\" data-processed=\"true\"><strong class=\"Yjhzub\" data-processed=\"true\">Amino\u00e1cidos de r\u00e1pida absorci\u00f3n:<\/strong> Contiene 5g de amino\u00e1cidos por servicio, esenciales para el apoyo muscular antes, durante y despu\u00e9s del ejercicio.<\/span><\/li>\n<li data-hveid=\"CAMQAQ\" data-processed=\"true\"><span class=\"T286Pc\" data-sfc-cp=\"\" data-processed=\"true\"><strong class=\"Yjhzub\" data-processed=\"true\">Energ\u00eda y enfoque:<\/strong> 100-160 mg de cafe\u00edna natural de fuentes naturales y extracto de t\u00e9 verde, ideal para pre-entreno o como impulso de energ\u00eda en cualquier momento del d\u00eda.<\/span><\/li>\n<li data-hveid=\"CAMQAg\" data-processed=\"true\"><span class=\"T286Pc\" data-sfc-cp=\"\" data-processed=\"true\"><strong class=\"Yjhzub\" data-processed=\"true\">Recuperaci\u00f3n y resistencia:<\/strong> Incluye beta-alanina, taurina y arginina para mejorar la circulaci\u00f3n, aumentar el \u00f3xido n\u00edtrico y reducir la fatiga.<\/span><\/li>\n<li data-hveid=\"CAMQAw\" data-processed=\"true\"><span class=\"T286Pc\" data-sfc-cp=\"\" data-processed=\"true\"><strong class=\"Yjhzub\" data-processed=\"true\">Saludable:<\/strong> Sin grasas y sin az\u00facar agregada.<\/span><\/li>\n<li data-hveid=\"CAMQBA\" data-processed=\"true\"><span class=\"T286Pc\" data-sfc-cp=\"\" data-processed=\"true\"><strong class=\"Yjhzub\" data-processed=\"true\">Sabor:<\/strong> Watermelon (Sand\u00eda).<\/span><\/li>\n<li data-hveid=\"CAMQBQ\" data-processed=\"true\"><span class=\"T286Pc\" data-sfc-cp=\"\" data-processed=\"true\"><strong class=\"Yjhzub\" data-processed=\"true\">Modo de uso:<\/strong> Se recomiendan 2 cacitos (9g) mezclados con agua. Se puede usar como pre-entreno (1-3 servicios) o para energ\u00eda durante el d\u00eda.<\/span><span class=\"uJ19be notranslate\" data-wiz-uids=\"faBmJc_1a,faBmJc_1b\" data-processed=\"true\"><span class=\"vKEkVd\" data-animation-atomic=\"\" data-wiz-attrbind=\"class=faBmJc_19\/TKHnVd\" data-processed=\"true\"><span aria-hidden=\"true\" data-processed=\"true\">\u00a0<\/span><\/span><\/span><\/li>\n<\/ul>\n<div class=\"Y3BBE\" data-sfc-cp=\"\" data-hveid=\"CAQQAA\" data-processed=\"true\">Es ideal para aumentar la intensidad del entrenamiento y mejorar la recuperaci\u00f3n sin a\u00f1adir calor\u00edas innecesarias.<span class=\"uJ19be notranslate\" data-wiz-uids=\"faBmJc_1m,faBmJc_1n\" data-processed=\"true\"><span class=\"vKEkVd\" data-animation-atomic=\"\" data-wiz-attrbind=\"class=faBmJc_1l\/TKHnVd\" data-processed=\"true\"><span aria-hidden=\"true\" data-processed=\"true\">\u00a0<\/span><\/span><\/span><\/div>\n","protected":false},"excerpt":{"rendered":"<p>Optimum Nutrition Amino Energy sabor Watermelon (sand\u00eda) en presentaci\u00f3n de 30 servicios (aprox. 270g) es un suplemento vers\u00e1til en polvo que combina amino\u00e1cidos de r\u00e1pida absorci\u00f3n (incluidos BCAA), cafe\u00edna natural (t\u00e9 verde\/caf\u00e9 verde) y beta-alanina para mejorar el rendimiento, la energ\u00eda, la concentraci\u00f3n y la recuperaci\u00f3n muscular sin az\u00facar.<\/p>\n","protected":false},"featured_media":7048,"template":"","meta":[],"product_brand":[141],"product_cat":[148],"product_tag":[],"class_list":{"0":"post-4727","1":"product","2":"type-product","3":"status-publish","4":"has-post-thumbnail","6":"product_brand-on-optimum-nutrition","7":"product_cat-suplementos","9":"first","10":"instock","11":"shipping-taxable","12":"purchasable","13":"product-type-simple"},"_links":{"self":[{"href":"https:\/\/farmaciadosul.com\/pt-br\/wp-json\/wp\/v2\/product\/4727","targetHints":{"allow":["GET"]}}],"collection":[{"href":"https:\/\/farmaciadosul.com\/pt-br\/wp-json\/wp\/v2\/product"}],"about":[{"href":"https:\/\/farmaciadosul.com\/pt-br\/wp-json\/wp\/v2\/types\/product"}],"version-history":[{"count":2,"href":"https:\/\/farmaciadosul.com\/pt-br\/wp-json\/wp\/v2\/product\/4727\/revisions"}],"predecessor-version":[{"id":6697,"href":"https:\/\/farmaciadosul.com\/pt-br\/wp-json\/wp\/v2\/product\/4727\/revisions\/6697"}],"wp:featuredmedia":[{"embeddable":true,"href":"https:\/\/farmaciadosul.com\/pt-br\/wp-json\/wp\/v2\/media\/7048"}],"wp:attachment":[{"href":"https:\/\/farmaciadosul.com\/pt-br\/wp-json\/wp\/v2\/media?parent=4727"}],"wp:term":[{"taxonomy":"product_brand","embeddable":true,"href":"https:\/\/farmaciadosul.com\/pt-br\/wp-json\/wp\/v2\/product_brand?post=4727"},{"taxonomy":"product_cat","embeddable":true,"href":"https:\/\/farmaciadosul.com\/pt-br\/wp-json\/wp\/v2\/product_cat?post=4727"},{"taxonomy":"product_tag","embeddable":true,"href":"https:\/\/farmaciadosul.com\/pt-br\/wp-json\/wp\/v2\/product_tag?post=4727"}],"curies":[{"name":"wp","href":"https:\/\/api.w.org\/{rel}","templated":true}]}}