{"id":4729,"date":"2026-01-30T19:41:00","date_gmt":"2026-01-30T19:41:00","guid":{"rendered":"https:\/\/farmaciadosul.com\/product\/opti-women-x-120-caps\/"},"modified":"2026-03-07T17:00:12","modified_gmt":"2026-03-07T17:00:12","slug":"opti-women-x-120-caps","status":"publish","type":"product","link":"https:\/\/farmaciadosul.com\/pt-br\/produto\/opti-women-x-120-caps\/","title":{"rendered":"OPTI WOMEN X 120 CAPS"},"content":{"rendered":"<div class=\"Y3BBE\" data-sfc-cp=\"\" data-hveid=\"CAIQAA\" data-processed=\"true\"><strong class=\"Yjhzub\" data-processed=\"true\">Detalles Clave:<\/strong><\/div>\n<ul class=\"KsbFXc U6u95\" data-processed=\"true\">\n<li data-hveid=\"CAMQAA\" data-processed=\"true\"><span class=\"T286Pc\" data-sfc-cp=\"\" data-processed=\"true\"><strong class=\"Yjhzub\" data-processed=\"true\">Ingredientes Clave:<\/strong> Hierro, calcio, \u00e1cido f\u00f3lico, isoflavonas de soja, extracto de uva y bioflavonoides.<\/span><\/li>\n<li data-hveid=\"CAMQAQ\" data-processed=\"true\"><span class=\"T286Pc\" data-sfc-cp=\"\" data-processed=\"true\"><strong class=\"Yjhzub\" data-processed=\"true\">Beneficios:<\/strong> Ayuda a reducir el cansancio, mejora el enfoque mental y protege contra el estr\u00e9s f\u00edsico\/mental.<\/span><\/li>\n<li data-hveid=\"CAMQAg\" data-processed=\"true\"><span class=\"T286Pc\" data-sfc-cp=\"\" data-processed=\"true\"><strong class=\"Yjhzub\" data-processed=\"true\">Uso Recomendado:<\/strong> Tomar 2 c\u00e1psulas al d\u00eda con los alimentos.<\/span><\/li>\n<li data-hveid=\"CAMQAw\" data-processed=\"true\"><span class=\"T286Pc\" data-sfc-cp=\"\" data-processed=\"true\"><strong class=\"Yjhzub\" data-processed=\"true\">Ideal para:<\/strong> Mujeres con alto desgaste f\u00edsico o mental que buscan un soporte nutricional completo.<\/span><span class=\"uJ19be notranslate\" data-wiz-uids=\"f6n1ce_14,f6n1ce_15\" data-processed=\"true\"><span class=\"vKEkVd\" data-animation-atomic=\"\" data-wiz-attrbind=\"class=f6n1ce_13\/TKHnVd\" data-processed=\"true\"><span aria-hidden=\"true\" data-processed=\"true\">\u00a0<\/span><\/span><\/span><\/li>\n<\/ul>\n<div class=\"Y3BBE\" data-sfc-cp=\"\" data-hveid=\"CAQQAA\" data-processed=\"true\">Este suplemento es ideal para cubrir deficiencias nutricionales, reforzando la salud de la piel, u\u00f1as y cabello.<span class=\"uJ19be notranslate\" data-wiz-uids=\"f6n1ce_1f,f6n1ce_1g\" data-processed=\"true\"><span class=\"vKEkVd\" data-animation-atomic=\"\" data-wiz-attrbind=\"class=f6n1ce_1e\/TKHnVd\" data-processed=\"true\"><span aria-hidden=\"true\" data-processed=\"true\">\u00a0<\/span><\/span><\/span><\/div>\n<div class=\"Fsg96\" data-sfc-cp=\"\" data-processed=\"true\"><\/div>\n<div class=\"Jd31eb\" data-processed=\"true\"><\/div>\n","protected":false},"excerpt":{"rendered":"<p>Opti-Women de Optimum Nutrition (120 c\u00e1psulas) es un sistema integral de optimizaci\u00f3n de nutrientes, dise\u00f1ado espec\u00edficamente para mujeres activas con m\u00e1s de 40 ingredientes activos, incluyendo 23 vitaminas y minerales esenciales. Su f\u00f3rmula combina antioxidantes, bot\u00e1nicos y hierro para apoyar el equilibrio hormonal, la energ\u00eda diaria, la salud \u00f3sea y el sistema inmunol\u00f3gico.<\/p>\n","protected":false},"featured_media":6688,"template":"","meta":[],"product_brand":[141],"product_cat":[148],"product_tag":[],"class_list":{"0":"post-4729","1":"product","2":"type-product","3":"status-publish","4":"has-post-thumbnail","6":"product_brand-on-optimum-nutrition","7":"product_cat-suplementos","9":"first","10":"instock","11":"shipping-taxable","12":"purchasable","13":"product-type-simple"},"_links":{"self":[{"href":"https:\/\/farmaciadosul.com\/pt-br\/wp-json\/wp\/v2\/product\/4729","targetHints":{"allow":["GET"]}}],"collection":[{"href":"https:\/\/farmaciadosul.com\/pt-br\/wp-json\/wp\/v2\/product"}],"about":[{"href":"https:\/\/farmaciadosul.com\/pt-br\/wp-json\/wp\/v2\/types\/product"}],"version-history":[{"count":3,"href":"https:\/\/farmaciadosul.com\/pt-br\/wp-json\/wp\/v2\/product\/4729\/revisions"}],"predecessor-version":[{"id":6691,"href":"https:\/\/farmaciadosul.com\/pt-br\/wp-json\/wp\/v2\/product\/4729\/revisions\/6691"}],"wp:featuredmedia":[{"embeddable":true,"href":"https:\/\/farmaciadosul.com\/pt-br\/wp-json\/wp\/v2\/media\/6688"}],"wp:attachment":[{"href":"https:\/\/farmaciadosul.com\/pt-br\/wp-json\/wp\/v2\/media?parent=4729"}],"wp:term":[{"taxonomy":"product_brand","embeddable":true,"href":"https:\/\/farmaciadosul.com\/pt-br\/wp-json\/wp\/v2\/product_brand?post=4729"},{"taxonomy":"product_cat","embeddable":true,"href":"https:\/\/farmaciadosul.com\/pt-br\/wp-json\/wp\/v2\/product_cat?post=4729"},{"taxonomy":"product_tag","embeddable":true,"href":"https:\/\/farmaciadosul.com\/pt-br\/wp-json\/wp\/v2\/product_tag?post=4729"}],"curies":[{"name":"wp","href":"https:\/\/api.w.org\/{rel}","templated":true}]}}