{"id":4730,"date":"2026-01-30T19:41:01","date_gmt":"2026-01-30T19:41:01","guid":{"rendered":"https:\/\/farmaciadosul.com\/product\/opti-women-x-60-caps\/"},"modified":"2026-03-05T11:30:11","modified_gmt":"2026-03-05T11:30:11","slug":"opti-women-x-60-caps","status":"publish","type":"product","link":"https:\/\/farmaciadosul.com\/pt-br\/produto\/opti-women-x-60-caps\/","title":{"rendered":"OPTI WOMEN X 60 CAPS"},"content":{"rendered":"<div class=\"Y3BBE\" data-sfc-cp=\"\" data-hveid=\"CAIQAA\" data-processed=\"true\"><strong class=\"Yjhzub\" data-processed=\"true\">Detalles Clave de Opti-Women:<\/strong><\/div>\n<ul class=\"KsbFXc U6u95\" data-processed=\"true\">\n<li data-hveid=\"CAMQAA\" data-processed=\"true\"><span class=\"T286Pc\" data-sfc-cp=\"\" data-processed=\"true\"><strong class=\"Yjhzub\" data-processed=\"true\">Componentes:<\/strong> Incluye mezcla de extractos bot\u00e1nicos, antioxidantes y vitaminas del complejo B.<\/span><\/li>\n<li data-hveid=\"CAMQAQ\" data-processed=\"true\"><span class=\"T286Pc\" data-sfc-cp=\"\" data-processed=\"true\"><strong class=\"Yjhzub\" data-processed=\"true\">Beneficios:<\/strong> Reduce la fatiga, fortalece las defensas y apoya el rendimiento f\u00edsico y mental.<\/span><\/li>\n<li data-hveid=\"CAMQAg\" data-processed=\"true\"><span class=\"T286Pc\" data-sfc-cp=\"\" data-processed=\"true\"><strong class=\"Yjhzub\" data-processed=\"true\">Uso Recomendado:<\/strong> Tomar 2 c\u00e1psulas al d\u00eda acompa\u00f1adas de las comidas.<\/span><\/li>\n<li data-hveid=\"CAMQAw\" data-processed=\"true\"><span class=\"T286Pc\" data-sfc-cp=\"\" data-processed=\"true\"><strong class=\"Yjhzub\" data-processed=\"true\">Formato:<\/strong> C\u00e1psulas vegetales (Vcaps) de f\u00e1cil ingesta.<\/span><span class=\"uJ19be notranslate\" data-wiz-uids=\"bSs5ld_13,bSs5ld_14\" data-processed=\"true\"><span class=\"vKEkVd\" data-animation-atomic=\"\" data-wiz-attrbind=\"class=bSs5ld_12\/TKHnVd\" data-processed=\"true\"><span aria-hidden=\"true\" data-processed=\"true\">\u00a0<\/span><\/span><\/span><\/li>\n<\/ul>\n<div class=\"Y3BBE\" data-sfc-cp=\"\" data-hveid=\"CAQQAA\" data-processed=\"true\">Este suplemento busca cubrir las necesidades nutricionales de mujeres con un estilo de vida exigente o en entrenamiento intenso. Se recomienda consultar con un m\u00e9dico antes de su consumo, especialmente si se est\u00e1 embarazada, amamantando o tomando medicaci\u00f3n.<span class=\"uJ19be notranslate\" data-wiz-uids=\"bSs5ld_1e,bSs5ld_1f\" data-processed=\"true\"><span class=\"vKEkVd\" data-animation-atomic=\"\" data-wiz-attrbind=\"class=bSs5ld_1d\/TKHnVd\" data-processed=\"true\"><span aria-hidden=\"true\" data-processed=\"true\">\u00a0<\/span><\/span><\/span><\/div>\n","protected":false},"excerpt":{"rendered":"<p>Opti-Women de Optimum Nutrition (60 c\u00e1psulas) \u00a0es un multivitam\u00ednico integral dise\u00f1ado para mujeres activas, que combina 40 ingredientes activos, incluyendo 23 vitaminas y minerales, hierro, calcio y \u00e1cido f\u00f3lico. Ayuda a mejorar los niveles de energ\u00eda, la salud \u00f3sea, inmunol\u00f3gica y el equilibrio hormonal.<\/p>\n","protected":false},"featured_media":6685,"template":"","meta":[],"product_brand":[141],"product_cat":[148],"product_tag":[],"class_list":{"0":"post-4730","1":"product","2":"type-product","3":"status-publish","4":"has-post-thumbnail","6":"product_brand-on-optimum-nutrition","7":"product_cat-suplementos","9":"first","10":"instock","11":"shipping-taxable","12":"purchasable","13":"product-type-simple"},"_links":{"self":[{"href":"https:\/\/farmaciadosul.com\/pt-br\/wp-json\/wp\/v2\/product\/4730","targetHints":{"allow":["GET"]}}],"collection":[{"href":"https:\/\/farmaciadosul.com\/pt-br\/wp-json\/wp\/v2\/product"}],"about":[{"href":"https:\/\/farmaciadosul.com\/pt-br\/wp-json\/wp\/v2\/types\/product"}],"version-history":[{"count":3,"href":"https:\/\/farmaciadosul.com\/pt-br\/wp-json\/wp\/v2\/product\/4730\/revisions"}],"predecessor-version":[{"id":6687,"href":"https:\/\/farmaciadosul.com\/pt-br\/wp-json\/wp\/v2\/product\/4730\/revisions\/6687"}],"wp:featuredmedia":[{"embeddable":true,"href":"https:\/\/farmaciadosul.com\/pt-br\/wp-json\/wp\/v2\/media\/6685"}],"wp:attachment":[{"href":"https:\/\/farmaciadosul.com\/pt-br\/wp-json\/wp\/v2\/media?parent=4730"}],"wp:term":[{"taxonomy":"product_brand","embeddable":true,"href":"https:\/\/farmaciadosul.com\/pt-br\/wp-json\/wp\/v2\/product_brand?post=4730"},{"taxonomy":"product_cat","embeddable":true,"href":"https:\/\/farmaciadosul.com\/pt-br\/wp-json\/wp\/v2\/product_cat?post=4730"},{"taxonomy":"product_tag","embeddable":true,"href":"https:\/\/farmaciadosul.com\/pt-br\/wp-json\/wp\/v2\/product_tag?post=4730"}],"curies":[{"name":"wp","href":"https:\/\/api.w.org\/{rel}","templated":true}]}}