{"id":4731,"date":"2026-01-30T19:41:02","date_gmt":"2026-01-30T19:41:02","guid":{"rendered":"https:\/\/farmaciadosul.com\/product\/syntha-6-chocolate-2-91-ibs\/"},"modified":"2026-04-19T12:00:13","modified_gmt":"2026-04-19T12:00:13","slug":"syntha-6-chocolate-2-91-ibs","status":"publish","type":"product","link":"https:\/\/farmaciadosul.com\/pt-br\/produto\/syntha-6-chocolate-2-91-ibs\/","title":{"rendered":"SYNTHA 6 CHOCOLATE"},"content":{"rendered":"<div class=\"Y3BBE\" data-sfc-cp=\"\" data-hveid=\"CAIQAA\" data-processed=\"true\"><strong class=\"Yjhzub\" data-processed=\"true\">Caracter\u00edsticas Principales:<\/strong><\/div>\n<ul class=\"KsbFXc U6u95\" data-processed=\"true\">\n<li data-hveid=\"CAMQAA\" data-processed=\"true\"><span class=\"T286Pc\" data-sfc-cp=\"\" data-processed=\"true\"><strong class=\"Yjhzub\" data-processed=\"true\">Matriz de Prote\u00ednas:<\/strong> Incluye concentrado de suero, aislado de suero, case\u00edna, caseinato de calcio, prote\u00edna de leche y alb\u00famina de huevo.<\/span><\/li>\n<li data-hveid=\"CAMQAQ\" data-processed=\"true\"><span class=\"T286Pc\" data-sfc-cp=\"\" data-processed=\"true\"><strong class=\"Yjhzub\" data-processed=\"true\">Nutrici\u00f3n:<\/strong> Aporta aproximadamente 22g de prote\u00edna, ~190 calor\u00edas y 10g de amino\u00e1cidos esenciales (EAAs) por scoop (~47g).<\/span><\/li>\n<li data-hveid=\"CAMQAg\" data-processed=\"true\"><span class=\"T286Pc\" data-sfc-cp=\"\" data-processed=\"true\"><strong class=\"Yjhzub\" data-processed=\"true\">Beneficios:<\/strong> Promueve la s\u00edntesis proteica, la recuperaci\u00f3n muscular y la saciedad.<\/span><\/li>\n<li data-hveid=\"CAMQAw\" data-processed=\"true\"><span class=\"T286Pc\" data-sfc-cp=\"\" data-processed=\"true\"><strong class=\"Yjhzub\" data-processed=\"true\">Sabor:<\/strong> Destacado por su sabor &#8220;batido de chocolate&#8221;.<\/span><\/li>\n<li data-hveid=\"CAMQBA\" data-processed=\"true\"><span class=\"T286Pc\" data-sfc-cp=\"\" data-processed=\"true\"><strong class=\"Yjhzub\" data-processed=\"true\">Uso:<\/strong> Ideal post-entrenamiento o entre comidas.<\/span><\/li>\n<li data-hveid=\"CAMQBQ\" data-processed=\"true\"><span class=\"T286Pc\" data-sfc-cp=\"\" data-processed=\"true\"><strong class=\"Yjhzub\" data-processed=\"true\">Contenido:<\/strong> 2.91 lbs (1.32 kg) suele rendir aproximadamente 28 servicios.<\/span><span class=\"uJ19be notranslate\" data-wiz-uids=\"RcmDh_1b,RcmDh_1c\" data-processed=\"true\"><span class=\"vKEkVd\" data-animation-atomic=\"\" data-wiz-attrbind=\"class=RcmDh_1a\/TKHnVd\" data-processed=\"true\"><span aria-hidden=\"true\" data-processed=\"true\">\u00a0<\/span><\/span><\/span><\/li>\n<\/ul>\n","protected":false},"excerpt":{"rendered":"<p>&nbsp;<\/p>\n<p>BSN Syntha-6 Chocolate 2.91 lbs (1.32 kg) es una prote\u00edna en polvo ultra premium dise\u00f1ada para la recuperaci\u00f3n y el crecimiento muscular, reconocida por su excelente sabor y textura espesa. Contiene una matriz de 6 prote\u00ednas de acci\u00f3n r\u00e1pida y lenta (22g por porci\u00f3n) para una liberaci\u00f3n prolongada, ideal para consumir a cualquier hora.<\/p>\n","protected":false},"featured_media":6678,"template":"","meta":[],"product_brand":[139],"product_cat":[148],"product_tag":[],"class_list":{"0":"post-4731","1":"product","2":"type-product","3":"status-publish","4":"has-post-thumbnail","6":"product_brand-bsn","7":"product_cat-suplementos","9":"first","10":"instock","11":"shipping-taxable","12":"purchasable","13":"product-type-simple"},"_links":{"self":[{"href":"https:\/\/farmaciadosul.com\/pt-br\/wp-json\/wp\/v2\/product\/4731","targetHints":{"allow":["GET"]}}],"collection":[{"href":"https:\/\/farmaciadosul.com\/pt-br\/wp-json\/wp\/v2\/product"}],"about":[{"href":"https:\/\/farmaciadosul.com\/pt-br\/wp-json\/wp\/v2\/types\/product"}],"version-history":[{"count":4,"href":"https:\/\/farmaciadosul.com\/pt-br\/wp-json\/wp\/v2\/product\/4731\/revisions"}],"predecessor-version":[{"id":7729,"href":"https:\/\/farmaciadosul.com\/pt-br\/wp-json\/wp\/v2\/product\/4731\/revisions\/7729"}],"wp:featuredmedia":[{"embeddable":true,"href":"https:\/\/farmaciadosul.com\/pt-br\/wp-json\/wp\/v2\/media\/6678"}],"wp:attachment":[{"href":"https:\/\/farmaciadosul.com\/pt-br\/wp-json\/wp\/v2\/media?parent=4731"}],"wp:term":[{"taxonomy":"product_brand","embeddable":true,"href":"https:\/\/farmaciadosul.com\/pt-br\/wp-json\/wp\/v2\/product_brand?post=4731"},{"taxonomy":"product_cat","embeddable":true,"href":"https:\/\/farmaciadosul.com\/pt-br\/wp-json\/wp\/v2\/product_cat?post=4731"},{"taxonomy":"product_tag","embeddable":true,"href":"https:\/\/farmaciadosul.com\/pt-br\/wp-json\/wp\/v2\/product_tag?post=4731"}],"curies":[{"name":"wp","href":"https:\/\/api.w.org\/{rel}","templated":true}]}}