{"id":4732,"date":"2026-01-30T19:41:02","date_gmt":"2026-01-30T19:41:02","guid":{"rendered":"https:\/\/farmaciadosul.com\/product\/syntha-6-cookies-y-cream-2-91-ibs\/"},"modified":"2026-03-25T13:00:11","modified_gmt":"2026-03-25T13:00:11","slug":"syntha-6-cookies-y-cream-2-91-ibs","status":"publish","type":"product","link":"https:\/\/farmaciadosul.com\/pt-br\/produto\/syntha-6-cookies-y-cream-2-91-ibs\/","title":{"rendered":"SYNTHA 6 COOKIES Y CREAM 2.91 IBS"},"content":{"rendered":"<div class=\"Y3BBE\" data-sfc-cp=\"\" data-hveid=\"CAIQAA\" data-processed=\"true\"><strong class=\"Yjhzub\" data-processed=\"true\">Caracter\u00edsticas Principales:<\/strong><\/div>\n<ul class=\"KsbFXc U6u95\" data-processed=\"true\">\n<li data-hveid=\"CAMQAA\" data-processed=\"true\"><span class=\"T286Pc\" data-sfc-cp=\"\" data-processed=\"true\"><strong class=\"Yjhzub\" data-processed=\"true\">Mezcla de Prote\u00ednas:<\/strong> Contiene suero concentrado, aislado, case\u00edna micelar, caseinato de calcio, alb\u00famina de huevo y prote\u00edna l\u00e1ctea.<\/span><\/li>\n<li data-hveid=\"CAMQAQ\" data-processed=\"true\"><span class=\"T286Pc\" data-sfc-cp=\"\" data-processed=\"true\"><strong class=\"Yjhzub\" data-processed=\"true\">Sabor Cookies &amp; Cream:<\/strong> Reconocido por su excelente sabor y textura, ideal para batidos.<\/span><\/li>\n<li data-hveid=\"CAMQAg\" data-processed=\"true\"><span class=\"T286Pc\" data-sfc-cp=\"\" data-processed=\"true\"><strong class=\"Yjhzub\" data-processed=\"true\">Liberaci\u00f3n Sostenida:<\/strong> Aporta amino\u00e1cidos esenciales (10g por servicio) para la s\u00edntesis de prote\u00ednas musculares, ideal despu\u00e9s del entrenamiento o entre comidas.<\/span><\/li>\n<li data-hveid=\"CAMQAw\" data-processed=\"true\"><span class=\"T286Pc\" data-sfc-cp=\"\" data-processed=\"true\"><strong class=\"Yjhzub\" data-processed=\"true\">Rendimiento:<\/strong> Contiene aproximadamente 28 porciones por envase (var\u00eda seg\u00fan la dosis de 35g a 47g indicados).<\/span><\/li>\n<li data-hveid=\"CAMQBA\" data-processed=\"true\"><span class=\"T286Pc\" data-sfc-cp=\"\" data-processed=\"true\"><strong class=\"Yjhzub\" data-processed=\"true\">Informaci\u00f3n Nutricional:<\/strong> Aporta aproximadamente 200 calor\u00edas por porci\u00f3n, bajo en carbohidratos y grasas, y bajo en lactosa.<\/span><span class=\"uJ19be notranslate\" data-wiz-uids=\"Qd0xLc_12,Qd0xLc_13\" data-processed=\"true\"><span class=\"vKEkVd\" data-animation-atomic=\"\" data-wiz-attrbind=\"class=Qd0xLc_11\/TKHnVd\" data-processed=\"true\"><span aria-hidden=\"true\" data-processed=\"true\">\u00a0<\/span><\/span><\/span><\/li>\n<\/ul>\n<div class=\"Y3BBE\" data-sfc-cp=\"\" data-hveid=\"CAQQAA\" data-processed=\"true\"><strong class=\"Yjhzub\" data-processed=\"true\">Modo de Uso:<\/strong><br data-serialized-params=\"[]\" data-processed=\"true\" \/>Mezclar 1 medida (scoop) con 4-5 oz (120-150ml) de agua fr\u00eda o bebida de su elecci\u00f3n. Aumentar el l\u00edquido para mayor cremosidad.<span class=\"uJ19be notranslate\" data-wiz-uids=\"Qd0xLc_1g,Qd0xLc_1h\" data-processed=\"true\"><span class=\"vKEkVd\" data-animation-atomic=\"\" data-wiz-attrbind=\"class=Qd0xLc_1f\/TKHnVd\" data-processed=\"true\"><span aria-hidden=\"true\" data-processed=\"true\">\u00a0<\/span><\/span><\/span><\/div>\n<div class=\"Y3BBE\" data-sfc-cp=\"\" data-hveid=\"CAYQAA\" data-processed=\"true\"><strong class=\"Yjhzub\" data-processed=\"true\">Al\u00e9rgenos:<\/strong> Contiene Leche, Huevo, Soja y Gluten (trigo).<span class=\"uJ19be notranslate\" data-wiz-uids=\"Qd0xLc_2a,Qd0xLc_2b\" data-processed=\"true\"><span class=\"vKEkVd\" data-animation-atomic=\"\" data-wiz-attrbind=\"class=Qd0xLc_29\/TKHnVd\" data-processed=\"true\"><span aria-hidden=\"true\" data-processed=\"true\">\u00a0<\/span><\/span><\/span><\/div>\n","protected":false},"excerpt":{"rendered":"<div data-content-type=\"row\" data-appearance=\"contained\" data-element=\"main\">\n<div data-enable-parallax=\"0\" data-parallax-speed=\"0.5\" data-background-images=\"{}\" data-background-type=\"image\" data-video-loop=\"true\" data-video-play-only-visible=\"true\" data-video-lazy-load=\"true\" data-video-fallback-src=\"\" data-element=\"inner\" data-pb-style=\"6248F68F80213\">\n<div data-content-type=\"text\" data-appearance=\"default\" data-element=\"main\" data-pb-style=\"6248F68F80226\">\n<div data-subtree=\"aimfl,mfl\" data-processed=\"true\">Syntha-6 de BSN (2.91 lbs \/ 1.32 kg) sabor Cookies &amp; Cream es una prote\u00edna en polvo ultra premium dise\u00f1ada para la recuperaci\u00f3n y aumento de masa muscular. Ofrece una mezcla multifuncional de 6 tipos de prote\u00ednas (suero, case\u00edna, huevo) con 22g de prote\u00edna por servicio, siendo ideal para usar a cualquier hora.<span class=\"uJ19be notranslate\" data-wiz-uids=\"Qd0xLc_b,Qd0xLc_c\" data-processed=\"true\"><span class=\"vKEkVd\" data-animation-atomic=\"\" data-wiz-attrbind=\"class=Qd0xLc_a\/TKHnVd\" data-processed=\"true\"><span aria-hidden=\"true\" data-processed=\"true\">\u00a0<\/span><\/span><\/span><\/div>\n<\/div>\n<\/div>\n<\/div>\n","protected":false},"featured_media":6681,"template":"","meta":[],"product_brand":[139],"product_cat":[148],"product_tag":[],"class_list":{"0":"post-4732","1":"product","2":"type-product","3":"status-publish","4":"has-post-thumbnail","6":"product_brand-bsn","7":"product_cat-suplementos","9":"first","10":"instock","11":"shipping-taxable","12":"purchasable","13":"product-type-simple"},"_links":{"self":[{"href":"https:\/\/farmaciadosul.com\/pt-br\/wp-json\/wp\/v2\/product\/4732","targetHints":{"allow":["GET"]}}],"collection":[{"href":"https:\/\/farmaciadosul.com\/pt-br\/wp-json\/wp\/v2\/product"}],"about":[{"href":"https:\/\/farmaciadosul.com\/pt-br\/wp-json\/wp\/v2\/types\/product"}],"version-history":[{"count":3,"href":"https:\/\/farmaciadosul.com\/pt-br\/wp-json\/wp\/v2\/product\/4732\/revisions"}],"predecessor-version":[{"id":6683,"href":"https:\/\/farmaciadosul.com\/pt-br\/wp-json\/wp\/v2\/product\/4732\/revisions\/6683"}],"wp:featuredmedia":[{"embeddable":true,"href":"https:\/\/farmaciadosul.com\/pt-br\/wp-json\/wp\/v2\/media\/6681"}],"wp:attachment":[{"href":"https:\/\/farmaciadosul.com\/pt-br\/wp-json\/wp\/v2\/media?parent=4732"}],"wp:term":[{"taxonomy":"product_brand","embeddable":true,"href":"https:\/\/farmaciadosul.com\/pt-br\/wp-json\/wp\/v2\/product_brand?post=4732"},{"taxonomy":"product_cat","embeddable":true,"href":"https:\/\/farmaciadosul.com\/pt-br\/wp-json\/wp\/v2\/product_cat?post=4732"},{"taxonomy":"product_tag","embeddable":true,"href":"https:\/\/farmaciadosul.com\/pt-br\/wp-json\/wp\/v2\/product_tag?post=4732"}],"curies":[{"name":"wp","href":"https:\/\/api.w.org\/{rel}","templated":true}]}}