{"id":4733,"date":"2026-01-30T19:41:03","date_gmt":"2026-01-30T19:41:03","guid":{"rendered":"https:\/\/farmaciadosul.com\/product\/syntha-6-strawberry-2-91-ibs\/"},"modified":"2026-04-19T10:30:11","modified_gmt":"2026-04-19T10:30:11","slug":"syntha-6-strawberry-2-91-ibs","status":"publish","type":"product","link":"https:\/\/farmaciadosul.com\/pt-br\/produto\/syntha-6-strawberry-2-91-ibs\/","title":{"rendered":"SYNTHA 6 STRAWBERRY"},"content":{"rendered":"<ul>\n<li data-hveid=\"CAQQAA\" data-processed=\"true\"><span class=\"T286Pc\" data-sfc-cp=\"\" data-processed=\"true\"><strong class=\"Yjhzub\" data-processed=\"true\">Caracteristicas Principales:<\/strong><\/span>\n<ul class=\"KsbFXc U6u95\" data-processed=\"true\">\n<li data-hveid=\"CAQQAQ\" data-processed=\"true\"><span class=\"T286Pc\" data-sfc-cp=\"\" data-processed=\"true\"><strong class=\"Yjhzub\" data-processed=\"true\">Matriz Proteica:<\/strong> Contiene 6 tipos de prote\u00ednas (suero, case\u00edna, huevo) para un flujo constante de amino\u00e1cidos.<\/span><\/li>\n<li data-hveid=\"CAQQAg\" data-processed=\"true\"><span class=\"T286Pc\" data-sfc-cp=\"\" data-processed=\"true\"><strong class=\"Yjhzub\" data-processed=\"true\">Contenido:<\/strong> 2.91 lbs (1.32 kg) rinden aproximadamente 28 servicios.<\/span><\/li>\n<li data-hveid=\"CAQQAw\" data-processed=\"true\"><span class=\"T286Pc\" data-sfc-cp=\"\" data-processed=\"true\"><strong class=\"Yjhzub\" data-processed=\"true\">Nutrici\u00f3n:<\/strong> Aporta 22g de prote\u00edna, ~10g de amino\u00e1cidos esenciales (EAA) y pocos gramos de carbohidratos\/grasa por servicio.<\/span><\/li>\n<li data-hveid=\"CAQQBA\" data-processed=\"true\"><span class=\"T286Pc\" data-sfc-cp=\"\" data-processed=\"true\"><strong class=\"Yjhzub\" data-processed=\"true\">Uso:<\/strong> Ideal tras entrenamientos, entre comidas o como snack para aumentar la saciedad.<\/span><\/li>\n<li data-hveid=\"CAQQBQ\" data-processed=\"true\"><span class=\"T286Pc\" data-sfc-cp=\"\" data-processed=\"true\"><strong class=\"Yjhzub\" data-processed=\"true\">Mezclabilidad:<\/strong> Textura espesa y cremosa, destacada por su sabor.<\/span><\/li>\n<\/ul>\n<\/li>\n<li data-hveid=\"CAQQBg\" data-processed=\"true\"><span class=\"T286Pc\" data-sfc-cp=\"\" data-processed=\"true\"><strong class=\"Yjhzub\" data-processed=\"true\">Beneficios:<\/strong><\/span>\n<ul class=\"KsbFXc U6u95\" data-processed=\"true\">\n<li data-hveid=\"CAQQBw\" data-processed=\"true\"><span class=\"T286Pc\" data-sfc-cp=\"\" data-processed=\"true\">Promueve la s\u00edntesis de prote\u00ednas y la recuperaci\u00f3n muscular.<\/span><\/li>\n<li data-hveid=\"CAQQCA\" data-processed=\"true\"><span class=\"T286Pc\" data-sfc-cp=\"\" data-processed=\"true\">Soporte nutricional vers\u00e1til para mantener la masa magra.<\/span><\/li>\n<li data-hveid=\"CAQQCQ\" data-processed=\"true\"><span class=\"T286Pc\" data-sfc-cp=\"\" data-processed=\"true\">Apta para consumir d\u00eda o noche.<\/span><\/li>\n<\/ul>\n<\/li>\n<li data-hveid=\"CAQQCg\" data-processed=\"true\"><span class=\"T286Pc\" data-sfc-cp=\"\" data-processed=\"true\"><strong class=\"Yjhzub\" data-processed=\"true\">Recomendaci\u00f3n de uso:<\/strong> Mezclar 1 scoop (aprox. 47g) con 4-5 oz de agua fr\u00eda o tu bebida preferida.<\/span><span class=\"uJ19be notranslate\" data-wiz-uids=\"w9Vvsc_4l,w9Vvsc_4m\" data-processed=\"true\"><span class=\"vKEkVd\" data-animation-atomic=\"\" data-wiz-attrbind=\"class=w9Vvsc_4k\/TKHnVd\" data-processed=\"true\"><span aria-hidden=\"true\" data-processed=\"true\">\u00a0<\/span><\/span><\/span><\/li>\n<\/ul>\n","protected":false},"excerpt":{"rendered":"<p>Syntha-6 Strawberry (2.91 lbs \/ 1.32 kg) de BSN es una prote\u00edna en polvo ultra-premium dise\u00f1ada para la recuperaci\u00f3n y el crecimiento muscular, reconocida por su excelente sabor a batido de fresa. Ofrece una matriz de prote\u00ednas de absorci\u00f3n r\u00e1pida y lenta (22g por porci\u00f3n), ideal para usar en cualquier momento.<\/p>\n","protected":false},"featured_media":6670,"template":"","meta":[],"product_brand":[139],"product_cat":[148],"product_tag":[],"class_list":{"0":"post-4733","1":"product","2":"type-product","3":"status-publish","4":"has-post-thumbnail","6":"product_brand-bsn","7":"product_cat-suplementos","9":"first","10":"instock","11":"shipping-taxable","12":"purchasable","13":"product-type-simple"},"_links":{"self":[{"href":"https:\/\/farmaciadosul.com\/pt-br\/wp-json\/wp\/v2\/product\/4733","targetHints":{"allow":["GET"]}}],"collection":[{"href":"https:\/\/farmaciadosul.com\/pt-br\/wp-json\/wp\/v2\/product"}],"about":[{"href":"https:\/\/farmaciadosul.com\/pt-br\/wp-json\/wp\/v2\/types\/product"}],"version-history":[{"count":4,"href":"https:\/\/farmaciadosul.com\/pt-br\/wp-json\/wp\/v2\/product\/4733\/revisions"}],"predecessor-version":[{"id":7730,"href":"https:\/\/farmaciadosul.com\/pt-br\/wp-json\/wp\/v2\/product\/4733\/revisions\/7730"}],"wp:featuredmedia":[{"embeddable":true,"href":"https:\/\/farmaciadosul.com\/pt-br\/wp-json\/wp\/v2\/media\/6670"}],"wp:attachment":[{"href":"https:\/\/farmaciadosul.com\/pt-br\/wp-json\/wp\/v2\/media?parent=4733"}],"wp:term":[{"taxonomy":"product_brand","embeddable":true,"href":"https:\/\/farmaciadosul.com\/pt-br\/wp-json\/wp\/v2\/product_brand?post=4733"},{"taxonomy":"product_cat","embeddable":true,"href":"https:\/\/farmaciadosul.com\/pt-br\/wp-json\/wp\/v2\/product_cat?post=4733"},{"taxonomy":"product_tag","embeddable":true,"href":"https:\/\/farmaciadosul.com\/pt-br\/wp-json\/wp\/v2\/product_tag?post=4733"}],"curies":[{"name":"wp","href":"https:\/\/api.w.org\/{rel}","templated":true}]}}