{"id":4737,"date":"2026-01-30T19:41:05","date_gmt":"2026-01-30T19:41:05","guid":{"rendered":"https:\/\/farmaciadosul.com\/product\/ge-good-men-with-ginseng-100-tab\/"},"modified":"2026-04-19T11:00:12","modified_gmt":"2026-04-19T11:00:12","slug":"ge-good-men-with-ginseng-100-tab","status":"publish","type":"product","link":"https:\/\/farmaciadosul.com\/pt-br\/produto\/ge-good-men-with-ginseng-100-tab\/","title":{"rendered":"GE GOOD MEN WITH GINSENG 100 TAB"},"content":{"rendered":"","protected":false},"excerpt":{"rendered":"<p>Suplemento nutricional que cuenta con m\u00e1s de 20 vitaminas y minerales importantes. Esta f\u00f3rmula incluye vitamina C, para la formaci\u00f3n de col\u00e1geno, \u00e1cido f\u00f3lico, que ayuda a la salud del coraz\u00f3n, y vitaminas B para el metabolismo energ\u00e9tico. Con ginseng que tiene la capacidad \u00fanica para rejuvenecer todo el cuerpo y le ayuda a sacar el m\u00e1ximo provecho de su energ\u00eda natural.<\/p>\n","protected":false},"featured_media":6793,"template":"","meta":[],"product_brand":[145],"product_cat":[148],"product_tag":[],"class_list":{"0":"post-4737","1":"product","2":"type-product","3":"status-publish","4":"has-post-thumbnail","6":"product_brand-good-energy","7":"product_cat-suplementos","9":"first","10":"instock","11":"shipping-taxable","12":"purchasable","13":"product-type-simple"},"_links":{"self":[{"href":"https:\/\/farmaciadosul.com\/pt-br\/wp-json\/wp\/v2\/product\/4737","targetHints":{"allow":["GET"]}}],"collection":[{"href":"https:\/\/farmaciadosul.com\/pt-br\/wp-json\/wp\/v2\/product"}],"about":[{"href":"https:\/\/farmaciadosul.com\/pt-br\/wp-json\/wp\/v2\/types\/product"}],"version-history":[{"count":3,"href":"https:\/\/farmaciadosul.com\/pt-br\/wp-json\/wp\/v2\/product\/4737\/revisions"}],"predecessor-version":[{"id":6795,"href":"https:\/\/farmaciadosul.com\/pt-br\/wp-json\/wp\/v2\/product\/4737\/revisions\/6795"}],"wp:featuredmedia":[{"embeddable":true,"href":"https:\/\/farmaciadosul.com\/pt-br\/wp-json\/wp\/v2\/media\/6793"}],"wp:attachment":[{"href":"https:\/\/farmaciadosul.com\/pt-br\/wp-json\/wp\/v2\/media?parent=4737"}],"wp:term":[{"taxonomy":"product_brand","embeddable":true,"href":"https:\/\/farmaciadosul.com\/pt-br\/wp-json\/wp\/v2\/product_brand?post=4737"},{"taxonomy":"product_cat","embeddable":true,"href":"https:\/\/farmaciadosul.com\/pt-br\/wp-json\/wp\/v2\/product_cat?post=4737"},{"taxonomy":"product_tag","embeddable":true,"href":"https:\/\/farmaciadosul.com\/pt-br\/wp-json\/wp\/v2\/product_tag?post=4737"}],"curies":[{"name":"wp","href":"https:\/\/api.w.org\/{rel}","templated":true}]}}