{"id":4739,"date":"2026-01-30T19:41:07","date_gmt":"2026-01-30T19:41:07","guid":{"rendered":"https:\/\/farmaciadosul.com\/product\/ge-hair-skin-nail-60-caps\/"},"modified":"2026-03-04T12:30:12","modified_gmt":"2026-03-04T12:30:12","slug":"ge-hair-skin-nail-60-caps","status":"publish","type":"product","link":"https:\/\/farmaciadosul.com\/pt-br\/produto\/ge-hair-skin-nail-60-caps\/","title":{"rendered":"GE HAIR SKIN NAIL 60 CAPS"},"content":{"rendered":"<h4><strong>Posolog\u00eda<\/strong><\/h4>\n<ul>\n<li>Adultos \u2013 Tomar dos (2) c\u00e1psulas diarias como un suplemento diet\u00e9tico, preferiblemente con una comida.<\/li>\n<\/ul>\n<h4><strong>Advertencia<\/strong><\/h4>\n<ul>\n<li>Este producto no est\u00e1 destinado para diagnosticar, tratar, curar o prevenir ninguna enfermedad, y no suple una alimentaci\u00f3n equilibrada.<\/li>\n<li>Consulte con su m\u00e9dico antes de usar si usted est\u00e1 embarazada, amamantando, tomando cualquier medicaci\u00f3n o tiene alguna condici\u00f3n m\u00e9dica.<\/li>\n<li>Mantener a temperatura ambiente controlada (15 \u2013 30) \u02daC, en un lugar seco.<\/li>\n<\/ul>\n","protected":false},"excerpt":{"rendered":"<p>Mejora el aspecto de cabello, u\u00f1a y piel, ofrece una amplia gama de nutrientes, como la biotina, para apoyar la base estructural del cabello, piel y u\u00f1as. La vitamina A, junto con la vitamina B, niacina y \u00e1cido f\u00f3lico completan estas tabletas formulados para la ayuda adicional.<\/p>\n","protected":false},"featured_media":6648,"template":"","meta":[],"product_brand":[145],"product_cat":[148],"product_tag":[],"class_list":{"0":"post-4739","1":"product","2":"type-product","3":"status-publish","4":"has-post-thumbnail","6":"product_brand-good-energy","7":"product_cat-suplementos","9":"first","10":"instock","11":"shipping-taxable","12":"purchasable","13":"product-type-simple"},"_links":{"self":[{"href":"https:\/\/farmaciadosul.com\/pt-br\/wp-json\/wp\/v2\/product\/4739","targetHints":{"allow":["GET"]}}],"collection":[{"href":"https:\/\/farmaciadosul.com\/pt-br\/wp-json\/wp\/v2\/product"}],"about":[{"href":"https:\/\/farmaciadosul.com\/pt-br\/wp-json\/wp\/v2\/types\/product"}],"version-history":[{"count":3,"href":"https:\/\/farmaciadosul.com\/pt-br\/wp-json\/wp\/v2\/product\/4739\/revisions"}],"predecessor-version":[{"id":6650,"href":"https:\/\/farmaciadosul.com\/pt-br\/wp-json\/wp\/v2\/product\/4739\/revisions\/6650"}],"wp:featuredmedia":[{"embeddable":true,"href":"https:\/\/farmaciadosul.com\/pt-br\/wp-json\/wp\/v2\/media\/6648"}],"wp:attachment":[{"href":"https:\/\/farmaciadosul.com\/pt-br\/wp-json\/wp\/v2\/media?parent=4739"}],"wp:term":[{"taxonomy":"product_brand","embeddable":true,"href":"https:\/\/farmaciadosul.com\/pt-br\/wp-json\/wp\/v2\/product_brand?post=4739"},{"taxonomy":"product_cat","embeddable":true,"href":"https:\/\/farmaciadosul.com\/pt-br\/wp-json\/wp\/v2\/product_cat?post=4739"},{"taxonomy":"product_tag","embeddable":true,"href":"https:\/\/farmaciadosul.com\/pt-br\/wp-json\/wp\/v2\/product_tag?post=4739"}],"curies":[{"name":"wp","href":"https:\/\/api.w.org\/{rel}","templated":true}]}}