{"id":4740,"date":"2026-01-30T19:41:07","date_gmt":"2026-01-30T19:41:07","guid":{"rendered":"https:\/\/farmaciadosul.com\/product\/ge-melatonin-3-mg-plus-b6\/"},"modified":"2026-04-19T09:30:14","modified_gmt":"2026-04-19T09:30:14","slug":"ge-melatonin-3-mg-plus-b6","status":"publish","type":"product","link":"https:\/\/farmaciadosul.com\/pt-br\/produto\/ge-melatonin-3-mg-plus-b6\/","title":{"rendered":"GE MELATONIN 3 MG PLUS B6"},"content":{"rendered":"","protected":false},"excerpt":{"rendered":"<p>La melatonina es una hormona fabricada por el hipot\u00e1lamo o la gl\u00e1ndula del intestino, esta hormona es la principal responsable del sue\u00f1o, pero tambi\u00e9n act\u00faa en el cuerpo como un potente antioxidante, regulador metab\u00f3lico y protector de las neuronas, siendo de tanta importancia.<\/p>\n","protected":false},"featured_media":6642,"template":"","meta":[],"product_brand":[145],"product_cat":[148],"product_tag":[],"class_list":{"0":"post-4740","1":"product","2":"type-product","3":"status-publish","4":"has-post-thumbnail","6":"product_brand-good-energy","7":"product_cat-suplementos","9":"first","10":"instock","11":"shipping-taxable","12":"purchasable","13":"product-type-simple"},"_links":{"self":[{"href":"https:\/\/farmaciadosul.com\/pt-br\/wp-json\/wp\/v2\/product\/4740","targetHints":{"allow":["GET"]}}],"collection":[{"href":"https:\/\/farmaciadosul.com\/pt-br\/wp-json\/wp\/v2\/product"}],"about":[{"href":"https:\/\/farmaciadosul.com\/pt-br\/wp-json\/wp\/v2\/types\/product"}],"version-history":[{"count":4,"href":"https:\/\/farmaciadosul.com\/pt-br\/wp-json\/wp\/v2\/product\/4740\/revisions"}],"predecessor-version":[{"id":6646,"href":"https:\/\/farmaciadosul.com\/pt-br\/wp-json\/wp\/v2\/product\/4740\/revisions\/6646"}],"wp:featuredmedia":[{"embeddable":true,"href":"https:\/\/farmaciadosul.com\/pt-br\/wp-json\/wp\/v2\/media\/6642"}],"wp:attachment":[{"href":"https:\/\/farmaciadosul.com\/pt-br\/wp-json\/wp\/v2\/media?parent=4740"}],"wp:term":[{"taxonomy":"product_brand","embeddable":true,"href":"https:\/\/farmaciadosul.com\/pt-br\/wp-json\/wp\/v2\/product_brand?post=4740"},{"taxonomy":"product_cat","embeddable":true,"href":"https:\/\/farmaciadosul.com\/pt-br\/wp-json\/wp\/v2\/product_cat?post=4740"},{"taxonomy":"product_tag","embeddable":true,"href":"https:\/\/farmaciadosul.com\/pt-br\/wp-json\/wp\/v2\/product_tag?post=4740"}],"curies":[{"name":"wp","href":"https:\/\/api.w.org\/{rel}","templated":true}]}}