{"id":4743,"date":"2026-01-30T19:41:09","date_gmt":"2026-01-30T19:41:09","guid":{"rendered":"https:\/\/farmaciadosul.com\/product\/hydrolized-collagen-x-120-caps\/"},"modified":"2026-04-19T09:00:13","modified_gmt":"2026-04-19T09:00:13","slug":"hydrolized-collagen-x-120-caps","status":"publish","type":"product","link":"https:\/\/farmaciadosul.com\/pt-br\/produto\/hydrolized-collagen-x-120-caps\/","title":{"rendered":"HYDROLYZED COLLAGEN X 120 CAPS"},"content":{"rendered":"<p>Descubre el poder rejuvenecedor del Suplemento Sundown Naturals Hydrolyzed Collagen + Vitamina C. Este suplemento, de la reconocida marca Sundown Naturals, proporciona 4.000 mg de col\u00e1geno bovino hidrolizado tipo I y III, ingredientes esenciales para la salud de tu piel, articulaciones y cabello. Adem\u00e1s, est\u00e1 enriquecido con Vitamina C y L-Ornitina, compuestos que potencian la absorci\u00f3n del col\u00e1geno, brind\u00e1ndote resultados m\u00e1s efectivos.<\/p>\n","protected":false},"excerpt":{"rendered":"<p>Descubre el poder rejuvenecedor del Suplemento Sundown Naturals Hydrolyzed Collagen + Vitamina C. Este suplemento, de la reconocida marca Sundown<\/p>\n","protected":false},"featured_media":6634,"template":"","meta":[],"product_brand":[140],"product_cat":[148],"product_tag":[],"class_list":{"0":"post-4743","1":"product","2":"type-product","3":"status-publish","4":"has-post-thumbnail","6":"product_brand-sundown-naturals","7":"product_cat-suplementos","9":"first","10":"instock","11":"shipping-taxable","12":"purchasable","13":"product-type-simple"},"_links":{"self":[{"href":"https:\/\/farmaciadosul.com\/pt-br\/wp-json\/wp\/v2\/product\/4743","targetHints":{"allow":["GET"]}}],"collection":[{"href":"https:\/\/farmaciadosul.com\/pt-br\/wp-json\/wp\/v2\/product"}],"about":[{"href":"https:\/\/farmaciadosul.com\/pt-br\/wp-json\/wp\/v2\/types\/product"}],"version-history":[{"count":4,"href":"https:\/\/farmaciadosul.com\/pt-br\/wp-json\/wp\/v2\/product\/4743\/revisions"}],"predecessor-version":[{"id":7541,"href":"https:\/\/farmaciadosul.com\/pt-br\/wp-json\/wp\/v2\/product\/4743\/revisions\/7541"}],"wp:featuredmedia":[{"embeddable":true,"href":"https:\/\/farmaciadosul.com\/pt-br\/wp-json\/wp\/v2\/media\/6634"}],"wp:attachment":[{"href":"https:\/\/farmaciadosul.com\/pt-br\/wp-json\/wp\/v2\/media?parent=4743"}],"wp:term":[{"taxonomy":"product_brand","embeddable":true,"href":"https:\/\/farmaciadosul.com\/pt-br\/wp-json\/wp\/v2\/product_brand?post=4743"},{"taxonomy":"product_cat","embeddable":true,"href":"https:\/\/farmaciadosul.com\/pt-br\/wp-json\/wp\/v2\/product_cat?post=4743"},{"taxonomy":"product_tag","embeddable":true,"href":"https:\/\/farmaciadosul.com\/pt-br\/wp-json\/wp\/v2\/product_tag?post=4743"}],"curies":[{"name":"wp","href":"https:\/\/api.w.org\/{rel}","templated":true}]}}